{"id":1007411,"date":"2024-09-20T07:09:02","date_gmt":"2024-09-20T07:09:02","guid":{"rendered":"https:\/\/redorangetechnologies.com\/equipa\/manish-chauhan\/"},"modified":"2025-06-30T05:30:29","modified_gmt":"2025-06-30T05:30:29","slug":"navneet-sharma","status":"publish","type":"page","link":"https:\/\/redorangetechnologies.com\/pt\/equipa\/navneet-sharma\/","title":{"rendered":"Navneet Sharma"},"content":{"rendered":"\t\t<div data-elementor-type=\"wp-page\" data-elementor-id=\"1007411\" class=\"elementor elementor-1007411 elementor-1007395\" data-elementor-post-type=\"page\">\n\t\t\t\t\t\t<section class=\"elementor-section elementor-top-section elementor-element elementor-element-76a11dc6 elementor-section-full_width elementor-section-height-default elementor-section-height-default\" data-id=\"76a11dc6\" data-element_type=\"section\">\n\t\t\t\t\t\t<div class=\"elementor-container elementor-column-gap-no\">\n\t\t\t\t\t<div class=\"elementor-column elementor-col-100 elementor-top-column elementor-element elementor-element-4f6e3543\" data-id=\"4f6e3543\" data-element_type=\"column\">\n\t\t\t<div class=\"elementor-widget-wrap elementor-element-populated\">\n\t\t\t\t\t\t<div class=\"vamtam-has-theme-widget-styles elementor-element elementor-element-72cf44ec elementor-widget elementor-widget-text-editor\" data-id=\"72cf44ec\" data-element_type=\"widget\" data-widget_type=\"text-editor.default\">\n\t\t\t\t<div class=\"elementor-widget-container\">\n\t\t\t\t\t\t\t<p data-start=\"55\" data-end=\"425\">Navneet Sharma \u00e9 um experiente Estrategista de Marketing Digital com mais de 12 anos de experi\u00eancia impulsionando o crescimento online por meio de SEO, publicidade paga e estrat\u00e9gias digitais completas. Ele \u00e9 especializado em Google Ads, otimiza\u00e7\u00e3o de campanhas, marketing em redes sociais e promo\u00e7\u00e3o de marcas, entregando resultados mensur\u00e1veis em diversos setores.<\/p><p data-start=\"427\" data-end=\"660\">Com um hist\u00f3rico comprovado de aumento no tr\u00e1fego de sites, gera\u00e7\u00e3o de leads e receita, Navneet utiliza insights baseados em dados para criar campanhas de alto desempenho que se alinham com os objetivos de neg\u00f3cios e maximizam o ROI.<\/p><p data-start=\"662\" data-end=\"689\"><strong data-start=\"662\" data-end=\"689\">Principais habilidades:<\/strong><\/p><ul data-start=\"691\" data-end=\"1017\"><li data-start=\"691\" data-end=\"727\"><p data-start=\"693\" data-end=\"727\">SEO (On-Page, Off-Page, T\u00e9cnico)<\/p><\/li><li data-start=\"728\" data-end=\"758\"><p data-start=\"730\" data-end=\"758\">Google Ads e Campanhas PPC<\/p><\/li><li data-start=\"759\" data-end=\"793\"><p data-start=\"761\" data-end=\"793\">Publicidade no Meta e LinkedIn<\/p><\/li><li data-start=\"794\" data-end=\"826\"><p data-start=\"796\" data-end=\"826\">Estrat\u00e9gia de M\u00eddias Sociais<\/p><\/li><li data-start=\"827\" data-end=\"868\"><p data-start=\"829\" data-end=\"868\">Otimiza\u00e7\u00e3o da Taxa de Convers\u00e3o (CRO)<\/p><\/li><li data-start=\"869\" data-end=\"908\"><p data-start=\"871\" data-end=\"908\">Cria\u00e7\u00e3o de Funis e Gera\u00e7\u00e3o de Leads<\/p><\/li><li data-start=\"909\" data-end=\"954\"><p data-start=\"911\" data-end=\"954\">An\u00e1lise de Dados e Automa\u00e7\u00e3o de Marketing<\/p><\/li><li data-start=\"955\" data-end=\"1017\"><p data-start=\"957\" data-end=\"1017\">Estrat\u00e9gia de Crescimento Online e Reconhecimento de Marca<\/p><\/li><\/ul>\t\t\t\t\t\t<\/div>\n\t\t\t\t<\/div>\n\t\t\t\t<div class=\"elementor-element elementor-element-18ed77ab elementor-shape-circle elementor-grid-2 e-grid-align-left e-grid-align-mobile-left elementor-widget__width-auto elementor-widget elementor-widget-social-icons\" data-id=\"18ed77ab\" data-element_type=\"widget\" data-widget_type=\"social-icons.default\">\n\t\t\t\t<div class=\"elementor-widget-container\">\n\t\t\t\t\t<div class=\"elementor-social-icons-wrapper elementor-grid\">\n\t\t\t\t\t\t\t<span class=\"elementor-grid-item\">\n\t\t\t\t\t<a class=\"elementor-icon elementor-social-icon elementor-social-icon-linkedin elementor-repeater-item-c7c5b59\" href=\"https:\/\/www.linkedin.com\/in\/navneetkns\/\" target=\"_blank\" rel=\"noopener\">\n\t\t\t\t\t\t<span class=\"elementor-screen-only\">Linkedin<\/span>\n\t\t\t\t\t\t<i class=\"fab fa-linkedin\"><\/i>\t\t\t\t\t<\/a>\n\t\t\t\t<\/span>\n\t\t\t\t\t<\/div>\n\t\t\t\t<\/div>\n\t\t\t\t<\/div>\n\t\t\t\t<div class=\"vamtam-has-theme-widget-styles elementor-element elementor-element-1db9d614 vamtam-has-underline-anim elementor-widget__width-auto elementor-widget elementor-widget-button\" data-id=\"1db9d614\" data-element_type=\"widget\" data-widget_type=\"button.default\">\n\t\t\t\t<div class=\"elementor-widget-container\">\n\t\t\t\t\t<div class=\"elementor-button-wrapper\">\n\t\t\t<a class=\"elementor-button elementor-button-link elementor-size-sm\" href=\"https:\/\/redorangetechnologies.com\/pt\/equipa\/\">\n\t\t\t\t\t\t<span class=\"elementor-button-content-wrapper\">\n\t\t\t\t\t\t\t\t\t<span class=\"elementor-button-text\">Voltar para Membros da equipe<\/span>\n\t\t\t\t\t<\/span>\n\t\t\t\t\t<\/a>\n\t\t<\/div>\n\t\t\t\t<\/div>\n\t\t\t\t<\/div>\n\t\t\t\t\t<\/div>\n\t\t<\/div>\n\t\t\t\t\t<\/div>\n\t\t<\/section>\n\t\t\t\t<\/div>\n\t\t","protected":false},"excerpt":{"rendered":"<p>Especialista em Marketing Digital<\/p>\n","protected":false},"author":1,"featured_media":1008376,"parent":1005165,"menu_order":0,"comment_status":"closed","ping_status":"closed","template":"","meta":{"footnotes":""},"class_list":["post-1007411","page","type-page","status-publish","has-post-thumbnail","hentry"],"_links":{"self":[{"href":"https:\/\/redorangetechnologies.com\/pt\/wp-json\/wp\/v2\/pages\/1007411","targetHints":{"allow":["GET"]}}],"collection":[{"href":"https:\/\/redorangetechnologies.com\/pt\/wp-json\/wp\/v2\/pages"}],"about":[{"href":"https:\/\/redorangetechnologies.com\/pt\/wp-json\/wp\/v2\/types\/page"}],"author":[{"embeddable":true,"href":"https:\/\/redorangetechnologies.com\/pt\/wp-json\/wp\/v2\/users\/1"}],"replies":[{"embeddable":true,"href":"https:\/\/redorangetechnologies.com\/pt\/wp-json\/wp\/v2\/comments?post=1007411"}],"version-history":[{"count":16,"href":"https:\/\/redorangetechnologies.com\/pt\/wp-json\/wp\/v2\/pages\/1007411\/revisions"}],"predecessor-version":[{"id":1008428,"href":"https:\/\/redorangetechnologies.com\/pt\/wp-json\/wp\/v2\/pages\/1007411\/revisions\/1008428"}],"up":[{"embeddable":true,"href":"https:\/\/redorangetechnologies.com\/pt\/wp-json\/wp\/v2\/pages\/1005165"}],"wp:featuredmedia":[{"embeddable":true,"href":"https:\/\/redorangetechnologies.com\/pt\/wp-json\/wp\/v2\/media\/1008376"}],"wp:attachment":[{"href":"https:\/\/redorangetechnologies.com\/pt\/wp-json\/wp\/v2\/media?parent=1007411"}],"curies":[{"name":"wp","href":"https:\/\/api.w.org\/{rel}","templated":true}]}}