{"id":1007338,"date":"2024-09-19T09:56:19","date_gmt":"2024-09-19T09:56:19","guid":{"rendered":"https:\/\/redorangetechnologies.com\/equipa\/sahilatwal\/"},"modified":"2024-09-20T07:31:21","modified_gmt":"2024-09-20T07:31:21","slug":"sahil-atwal","status":"publish","type":"page","link":"https:\/\/redorangetechnologies.com\/pt\/equipa\/sahil-atwal\/","title":{"rendered":"Sahil Atwal"},"content":{"rendered":"\t\t<div data-elementor-type=\"wp-page\" data-elementor-id=\"1007338\" class=\"elementor elementor-1007338 elementor-1007303\" data-elementor-post-type=\"page\">\n\t\t\t\t\t\t<section class=\"elementor-section elementor-top-section elementor-element elementor-element-76a11dc6 elementor-section-full_width elementor-section-height-default elementor-section-height-default\" data-id=\"76a11dc6\" data-element_type=\"section\">\n\t\t\t\t\t\t<div class=\"elementor-container elementor-column-gap-no\">\n\t\t\t\t\t<div class=\"elementor-column elementor-col-100 elementor-top-column elementor-element elementor-element-4f6e3543\" data-id=\"4f6e3543\" data-element_type=\"column\">\n\t\t\t<div class=\"elementor-widget-wrap elementor-element-populated\">\n\t\t\t\t\t\t<div class=\"vamtam-has-theme-widget-styles elementor-element elementor-element-72cf44ec elementor-widget elementor-widget-text-editor\" data-id=\"72cf44ec\" data-element_type=\"widget\" data-widget_type=\"text-editor.default\">\n\t\t\t\t<div class=\"elementor-widget-container\">\n\t\t\t\t\t\t\t<p>Um designer gr\u00e1fico e UI inovador com mais de 5 anos de excel\u00eancia criativa, um olhar atento aos detalhes e um amor por designs visualmente deslumbrantes e centrados no usu\u00e1rio, Sahil se esfor\u00e7a para combinar criatividade e inova\u00e7\u00e3o em cada projeto. Com profundos conhecimentos em Adobe Photoshop, Adobe Illustrator, Figma, Canva e Indesign XD, ele d\u00e1 vida a solu\u00e7\u00f5es de design eficazes e inovadoras. <\/p>\n<p>Ele garante que cada design de UI seja impactante e que cada pe\u00e7a de design gr\u00e1fico conte uma hist\u00f3ria \u00fanica. Ele cria sites e layouts m\u00f3veis visualmente atraentes, trabalhando bem com as equipes para entender sua vis\u00e3o. Ele cria conte\u00fado e modelos de marketing que mant\u00eam a consist\u00eancia da marca em diferentes plataformas, o que o torna um recurso valioso para qualquer tipo de projeto de design.  <\/p>\n\t\t\t\t\t\t<\/div>\n\t\t\t\t<\/div>\n\t\t\t\t<div class=\"elementor-element elementor-element-18ed77ab elementor-shape-circle elementor-grid-2 e-grid-align-left e-grid-align-mobile-left elementor-widget__width-auto elementor-widget elementor-widget-social-icons\" data-id=\"18ed77ab\" data-element_type=\"widget\" data-widget_type=\"social-icons.default\">\n\t\t\t\t<div class=\"elementor-widget-container\">\n\t\t\t\t\t<div class=\"elementor-social-icons-wrapper elementor-grid\">\n\t\t\t\t\t\t\t<span class=\"elementor-grid-item\">\n\t\t\t\t\t<a class=\"elementor-icon elementor-social-icon elementor-social-icon-linkedin elementor-repeater-item-c7c5b59\" href=\"https:\/\/www.linkedin.com\/in\/sahil-atwal-3972291b4?utm_source=share&#038;utm_campaign=share_via&#038;utm_content=profile&#038;utm_medium=ios_app\" target=\"_blank\" rel=\"noopener\">\n\t\t\t\t\t\t<span class=\"elementor-screen-only\">Linkedin<\/span>\n\t\t\t\t\t\t<i class=\"fab fa-linkedin\"><\/i>\t\t\t\t\t<\/a>\n\t\t\t\t<\/span>\n\t\t\t\t\t<\/div>\n\t\t\t\t<\/div>\n\t\t\t\t<\/div>\n\t\t\t\t<div class=\"vamtam-has-theme-widget-styles elementor-element elementor-element-1db9d614 vamtam-has-underline-anim elementor-widget__width-auto elementor-widget elementor-widget-button\" data-id=\"1db9d614\" data-element_type=\"widget\" data-widget_type=\"button.default\">\n\t\t\t\t<div class=\"elementor-widget-container\">\n\t\t\t\t\t<div class=\"elementor-button-wrapper\">\n\t\t\t<a class=\"elementor-button elementor-button-link elementor-size-sm\" href=\"https:\/\/redorangetechnologies.com\/pt\/equipa\/\">\n\t\t\t\t\t\t<span class=\"elementor-button-content-wrapper\">\n\t\t\t\t\t\t\t\t\t<span class=\"elementor-button-text\">Voltar para Membros da equipe<\/span>\n\t\t\t\t\t<\/span>\n\t\t\t\t\t<\/a>\n\t\t<\/div>\n\t\t\t\t<\/div>\n\t\t\t\t<\/div>\n\t\t\t\t\t<\/div>\n\t\t<\/div>\n\t\t\t\t\t<\/div>\n\t\t<\/section>\n\t\t\t\t<\/div>\n\t\t","protected":false},"excerpt":{"rendered":"<p>Designer gr\u00e1fico e UI<\/p>\n","protected":false},"author":1,"featured_media":1007311,"parent":1005165,"menu_order":0,"comment_status":"closed","ping_status":"closed","template":"","meta":{"footnotes":""},"class_list":["post-1007338","page","type-page","status-publish","has-post-thumbnail","hentry"],"_links":{"self":[{"href":"https:\/\/redorangetechnologies.com\/pt\/wp-json\/wp\/v2\/pages\/1007338","targetHints":{"allow":["GET"]}}],"collection":[{"href":"https:\/\/redorangetechnologies.com\/pt\/wp-json\/wp\/v2\/pages"}],"about":[{"href":"https:\/\/redorangetechnologies.com\/pt\/wp-json\/wp\/v2\/types\/page"}],"author":[{"embeddable":true,"href":"https:\/\/redorangetechnologies.com\/pt\/wp-json\/wp\/v2\/users\/1"}],"replies":[{"embeddable":true,"href":"https:\/\/redorangetechnologies.com\/pt\/wp-json\/wp\/v2\/comments?post=1007338"}],"version-history":[{"count":2,"href":"https:\/\/redorangetechnologies.com\/pt\/wp-json\/wp\/v2\/pages\/1007338\/revisions"}],"predecessor-version":[{"id":1007368,"href":"https:\/\/redorangetechnologies.com\/pt\/wp-json\/wp\/v2\/pages\/1007338\/revisions\/1007368"}],"up":[{"embeddable":true,"href":"https:\/\/redorangetechnologies.com\/pt\/wp-json\/wp\/v2\/pages\/1005165"}],"wp:featuredmedia":[{"embeddable":true,"href":"https:\/\/redorangetechnologies.com\/pt\/wp-json\/wp\/v2\/media\/1007311"}],"wp:attachment":[{"href":"https:\/\/redorangetechnologies.com\/pt\/wp-json\/wp\/v2\/media?parent=1007338"}],"curies":[{"name":"wp","href":"https:\/\/api.w.org\/{rel}","templated":true}]}}