{"id":1006582,"date":"2024-05-07T07:43:19","date_gmt":"2024-05-07T07:43:19","guid":{"rendered":"https:\/\/redorangetechnologies.com\/equipa\/gurpreet-singh\/"},"modified":"2024-05-07T08:26:54","modified_gmt":"2024-05-07T08:26:54","slug":"gurpreet-singh","status":"publish","type":"page","link":"https:\/\/redorangetechnologies.com\/pt\/equipa\/gurpreet-singh\/","title":{"rendered":"Gurpreet Singh"},"content":{"rendered":"\t\t<div data-elementor-type=\"wp-page\" data-elementor-id=\"1006582\" class=\"elementor elementor-1006582 elementor-1006552\" data-elementor-post-type=\"page\">\n\t\t\t\t\t\t<section class=\"elementor-section elementor-top-section elementor-element elementor-element-76a11dc6 elementor-section-full_width elementor-section-height-default elementor-section-height-default\" data-id=\"76a11dc6\" data-element_type=\"section\">\n\t\t\t\t\t\t<div class=\"elementor-container elementor-column-gap-no\">\n\t\t\t\t\t<div class=\"elementor-column elementor-col-100 elementor-top-column elementor-element elementor-element-4f6e3543\" data-id=\"4f6e3543\" data-element_type=\"column\">\n\t\t\t<div class=\"elementor-widget-wrap elementor-element-populated\">\n\t\t\t\t\t\t<div class=\"vamtam-has-theme-widget-styles elementor-element elementor-element-72cf44ec elementor-widget elementor-widget-text-editor\" data-id=\"72cf44ec\" data-element_type=\"widget\" data-widget_type=\"text-editor.default\">\n\t\t\t\t<div class=\"elementor-widget-container\">\n\t\t\t\t\t\t\t<p>Nosso Lead Developer traz mais de 8 anos de experi\u00eancia em desenvolvimento de UI, mostrando profici\u00eancia avan\u00e7ada em JavaScript, jQuery, HTML5, CSS e Bootstrap (3, 4 &amp; 5), juntamente com experi\u00eancia em Tailwind. Eles se destacam na tradu\u00e7\u00e3o de conceitos de design em interfaces responsivas e perfeitas em pixels. Reconhecidos pela solu\u00e7\u00e3o inovadora de problemas e aten\u00e7\u00e3o meticulosa aos detalhes, eles garantem a entrega de c\u00f3digo eficiente e de alta qualidade, comprometidos com o aprendizado cont\u00ednuo e se mantendo atualizados com as tend\u00eancias do setor para resultados din\u00e2micos do projeto.<\/p>\n<p><span style=\"letter-spacing: 0px; word-spacing: 0em; color: var( --e-global-color-vamtam_accent_8 );\">PInovadores na prototipagem r\u00e1pida de projetos com c\u00f3digo codificado manualmente, valida\u00e7\u00e3o e compat\u00edvel com padr\u00f5es, eles priorizam a riqueza sem\u00e2ntica e a compatibilidade entre navegadores, resolvendo rapidamente bugs para otimizar as experi\u00eancias do usu\u00e1rio. Al\u00e9m disso, eles est\u00e3o familiarizados com ferramentas de design como Adobe Photoshop e proficientes em ferramentas de versionamento de c\u00f3digo, como Git e TFS.<\/span><\/p>\n<p>Sua experi\u00eancia t\u00e9cnica inclui HTML5, CSS3, LESS &amp; SCSS, Bootstrap (3, 4 &amp; 5), Tailwind, WordPress, JavaScript, jQuery, Ajax, JSON e React JS e Invision.<\/p>\n\t\t\t\t\t\t<\/div>\n\t\t\t\t<\/div>\n\t\t\t\t<div class=\"elementor-element elementor-element-18ed77ab elementor-shape-circle elementor-grid-2 e-grid-align-left e-grid-align-mobile-left elementor-widget__width-auto elementor-widget elementor-widget-social-icons\" data-id=\"18ed77ab\" data-element_type=\"widget\" data-widget_type=\"social-icons.default\">\n\t\t\t\t<div class=\"elementor-widget-container\">\n\t\t\t\t\t<div class=\"elementor-social-icons-wrapper elementor-grid\">\n\t\t\t\t\t\t\t<span class=\"elementor-grid-item\">\n\t\t\t\t\t<a class=\"elementor-icon elementor-social-icon elementor-social-icon-linkedin elementor-repeater-item-c7c5b59\" href=\"#\" target=\"_blank\">\n\t\t\t\t\t\t<span class=\"elementor-screen-only\">Linkedin<\/span>\n\t\t\t\t\t\t<i class=\"fab fa-linkedin\"><\/i>\t\t\t\t\t<\/a>\n\t\t\t\t<\/span>\n\t\t\t\t\t<\/div>\n\t\t\t\t<\/div>\n\t\t\t\t<\/div>\n\t\t\t\t<div class=\"vamtam-has-theme-widget-styles elementor-element elementor-element-1db9d614 vamtam-has-underline-anim elementor-widget__width-auto elementor-widget elementor-widget-button\" data-id=\"1db9d614\" data-element_type=\"widget\" data-widget_type=\"button.default\">\n\t\t\t\t<div class=\"elementor-widget-container\">\n\t\t\t\t\t<div class=\"elementor-button-wrapper\">\n\t\t\t<a class=\"elementor-button elementor-button-link elementor-size-sm\" href=\"https:\/\/redorangetechnologies.com\/pt\/equipa\/\">\n\t\t\t\t\t\t<span class=\"elementor-button-content-wrapper\">\n\t\t\t\t\t\t\t\t\t<span class=\"elementor-button-text\">Voltar para Membros da equipe<\/span>\n\t\t\t\t\t<\/span>\n\t\t\t\t\t<\/a>\n\t\t<\/div>\n\t\t\t\t<\/div>\n\t\t\t\t<\/div>\n\t\t\t\t\t<\/div>\n\t\t<\/div>\n\t\t\t\t\t<\/div>\n\t\t<\/section>\n\t\t\t\t<\/div>\n\t\t","protected":false},"excerpt":{"rendered":"<p>Sr. Desenvolvedor de UI<\/p>\n","protected":false},"author":1,"featured_media":1006556,"parent":1005165,"menu_order":0,"comment_status":"closed","ping_status":"closed","template":"","meta":{"footnotes":""},"class_list":["post-1006582","page","type-page","status-publish","has-post-thumbnail","hentry"],"_links":{"self":[{"href":"https:\/\/redorangetechnologies.com\/pt\/wp-json\/wp\/v2\/pages\/1006582","targetHints":{"allow":["GET"]}}],"collection":[{"href":"https:\/\/redorangetechnologies.com\/pt\/wp-json\/wp\/v2\/pages"}],"about":[{"href":"https:\/\/redorangetechnologies.com\/pt\/wp-json\/wp\/v2\/types\/page"}],"author":[{"embeddable":true,"href":"https:\/\/redorangetechnologies.com\/pt\/wp-json\/wp\/v2\/users\/1"}],"replies":[{"embeddable":true,"href":"https:\/\/redorangetechnologies.com\/pt\/wp-json\/wp\/v2\/comments?post=1006582"}],"version-history":[{"count":1,"href":"https:\/\/redorangetechnologies.com\/pt\/wp-json\/wp\/v2\/pages\/1006582\/revisions"}],"predecessor-version":[{"id":1006583,"href":"https:\/\/redorangetechnologies.com\/pt\/wp-json\/wp\/v2\/pages\/1006582\/revisions\/1006583"}],"up":[{"embeddable":true,"href":"https:\/\/redorangetechnologies.com\/pt\/wp-json\/wp\/v2\/pages\/1005165"}],"wp:featuredmedia":[{"embeddable":true,"href":"https:\/\/redorangetechnologies.com\/pt\/wp-json\/wp\/v2\/media\/1006556"}],"wp:attachment":[{"href":"https:\/\/redorangetechnologies.com\/pt\/wp-json\/wp\/v2\/media?parent=1006582"}],"curies":[{"name":"wp","href":"https:\/\/api.w.org\/{rel}","templated":true}]}}