{"id":1005293,"date":"2023-11-20T12:26:01","date_gmt":"2023-11-20T12:26:01","guid":{"rendered":"https:\/\/redorangetechnologies.com\/solucoes\/desenvolvimento-do-salesforce\/"},"modified":"2024-04-05T02:40:38","modified_gmt":"2024-04-05T02:40:38","slug":"desenvolvimento-do-salesforce","status":"publish","type":"page","link":"https:\/\/redorangetechnologies.com\/pt\/solucoes\/desenvolvimento-do-salesforce\/","title":{"rendered":"Desenvolvimento do Salesforce"},"content":{"rendered":"\t\t<div data-elementor-type=\"wp-page\" data-elementor-id=\"1005293\" class=\"elementor elementor-1005293 elementor-994285\" data-elementor-post-type=\"page\">\n\t\t\t\t\t\t<section class=\"elementor-section elementor-top-section elementor-element elementor-element-6de4759 elementor-section-boxed elementor-section-height-default elementor-section-height-default\" data-id=\"6de4759\" data-element_type=\"section\">\n\t\t\t\t\t\t<div class=\"elementor-container elementor-column-gap-default\">\n\t\t\t\t\t<div class=\"elementor-column elementor-col-100 elementor-top-column elementor-element elementor-element-91ec540\" data-id=\"91ec540\" data-element_type=\"column\">\n\t\t\t<div class=\"elementor-widget-wrap elementor-element-populated\">\n\t\t\t\t\t\t<div class=\"elementor-element elementor-element-0babcfe elementor-widget elementor-widget-shortcode\" data-id=\"0babcfe\" data-element_type=\"widget\" data-widget_type=\"shortcode.default\">\n\t\t\t\t<div class=\"elementor-widget-container\">\n\t\t\t\t\t<div class=\"elementor-shortcode\"><nav aria-label=\"breadcrumbs\" class=\"rank-math-breadcrumb\"><p><span class=\"last\">Home<\/span><\/p><\/nav><\/div>\n\t\t\t\t<\/div>\n\t\t\t\t<\/div>\n\t\t\t\t\t<\/div>\n\t\t<\/div>\n\t\t\t\t\t<\/div>\n\t\t<\/section>\n\t\t\t\t<section class=\"elementor-section elementor-top-section elementor-element elementor-element-9f3e859 elementor-section-boxed elementor-section-height-default elementor-section-height-default\" data-id=\"9f3e859\" data-element_type=\"section\">\n\t\t\t\t\t\t<div class=\"elementor-container elementor-column-gap-no\">\n\t\t\t\t\t<div class=\"elementor-column elementor-col-100 elementor-top-column elementor-element elementor-element-7893138\" data-id=\"7893138\" data-element_type=\"column\">\n\t\t\t<div class=\"elementor-widget-wrap elementor-element-populated\">\n\t\t\t\t\t\t<div class=\"elementor-element elementor-element-a88ace9 elementor-widget__width-auto elementor-widget elementor-widget-heading\" data-id=\"a88ace9\" data-element_type=\"widget\" data-widget_type=\"heading.default\">\n\t\t\t\t<div class=\"elementor-widget-container\">\n\t\t\t<div class=\"elementor-heading-title elementor-size-default\">Contratar um programador Salesforce<\/div>\t\t<\/div>\n\t\t\t\t<\/div>\n\t\t\t\t<div class=\"vamtam-has-theme-widget-styles elementor-element elementor-element-edd9d47 elementor-widget elementor-widget-text-editor\" data-id=\"edd9d47\" data-element_type=\"widget\" data-widget_type=\"text-editor.default\">\n\t\t\t\t<div class=\"elementor-widget-container\">\n\t\t\t\t\t\t\tA Red Orange Technologies ajuda-o a contratar programadores Salesforce numa base imediata com base nos seus requisitos. A nossa equipa de programadores ajuda-o a atingir todos os seus objectivos e a otimizar os seus processos empresariais tal como os deseja!\n\nContratar programadores Salesforce ajud\u00e1-lo-ia a construir e implementar aplica\u00e7\u00f5es que lhe permitem fornecer solu\u00e7\u00f5es personalizadas aos seus clientes e melhorar a sua experi\u00eancia geral enquanto se envolve com o seu neg\u00f3cio.\n\nPermitimos-lhe contratar programadores Salesforce sem a necessidade de um tedioso processo de recrutamento. Evitamos que gaste tempo, dinheiro e esfor\u00e7o para publicar an\u00fancios, recolher curr\u00edculos, fazer contrata\u00e7\u00f5es e formar novos profissionais, fornecendo-lhe recursos qualificados e dedicados que come\u00e7am a trabalhar nos seus projectos imediatamente.\n\nPode ter a certeza de que os nossos programadores certificados Salesforce s\u00e3o competentes na utiliza\u00e7\u00e3o das mais recentes ferramentas e tecnologias para o ajudar a manter-se na vanguarda e a criar o seu nicho na ind\u00fastria em que opera.\n\nComo uma empresa l\u00edder em desenvolvimento Salesforce, acumulou anos de experi\u00eancia na oferta de servi\u00e7os hol\u00edsticos a clientes em todo o mundo. A nossa equipa de programadores certificados em Salesforce est\u00e1 devidamente treinada para compreender as suas necessidades de neg\u00f3cio e adaptar solu\u00e7\u00f5es que s\u00e3o \u00fanicas para a sua organiza\u00e7\u00e3o.\n\nA nossa equipa de consultores especializados em Salesforce dedica-se a garantir que a sua empresa atinge objectivos que v\u00e3o para al\u00e9m das meras expectativas. Atrav\u00e9s da nossa abordagem estrat\u00e9gica e personalizada, ajudamo-lo a obter mais valor para as suas opera\u00e7\u00f5es.\n<ul class=\"ulstyle\">\n \t<li>Os nossos consultores certificados e especializados em Salesforce gui\u00e1-lo-\u00e3o ao longo de todo o processo.<\/li>\n \t<li>Temos experi\u00eancia em Sales Cloud e Service Cloud.<\/li>\n \t<li>Aplica\u00e7\u00e3o Force.com personalizada.<\/li>\n<\/ul>\nO que \u00e9 que se pode esperar?\n\nOs nossos consultores Salesforce ajudam as suas equipas de vendas, servi\u00e7os ao cliente, marketing e tecnologia, traduzem a vis\u00e3o em solu\u00e7\u00f5es tecnol\u00f3gicas e mudam o comportamento, n\u00e3o apenas a tecnologia.\n\nOferecemos servi\u00e7os de consultoria Salesforce de ponta a ponta para a nuvem que envolvem o desenvolvimento de aplica\u00e7\u00f5es, a colabora\u00e7\u00e3o com aplica\u00e7\u00f5es na nuvem e o suporte de solu\u00e7\u00f5es na nuvem para os seus utilizadores finais. Integramos os sistemas existentes da sua organiza\u00e7\u00e3o numa plataforma centralizada e acess\u00edvel.\t\t\t\t\t\t<\/div>\n\t\t\t\t<\/div>\n\t\t\t\t\t<\/div>\n\t\t<\/div>\n\t\t\t\t\t<\/div>\n\t\t<\/section>\n\t\t\t\t<section class=\"elementor-section elementor-top-section elementor-element elementor-element-fdb68e1 elementor-section-items-stretch elementor-section-content-bottom elementor-section-height-min-height elementor-section-boxed elementor-section-height-default\" data-id=\"fdb68e1\" data-element_type=\"section\" data-settings=\"{&quot;background_background&quot;:&quot;classic&quot;}\">\n\t\t\t\t\t\t<div class=\"elementor-container elementor-column-gap-no\">\n\t\t\t\t\t<div class=\"elementor-column elementor-col-50 elementor-top-column elementor-element elementor-element-ccd8523\" data-id=\"ccd8523\" data-element_type=\"column\" data-settings=\"{&quot;background_background&quot;:&quot;classic&quot;}\">\n\t\t\t<div class=\"elementor-widget-wrap elementor-element-populated\">\n\t\t\t\t\t\t<div class=\"elementor-element elementor-element-d81eafd elementor-widget elementor-widget-spacer\" data-id=\"d81eafd\" data-element_type=\"widget\" data-widget_type=\"spacer.default\">\n\t\t\t\t<div class=\"elementor-widget-container\">\n\t\t\t\t\t<div class=\"elementor-spacer\">\n\t\t\t<div class=\"elementor-spacer-inner\"><\/div>\n\t\t<\/div>\n\t\t\t\t<\/div>\n\t\t\t\t<\/div>\n\t\t\t\t\t<\/div>\n\t\t<\/div>\n\t\t\t\t<div class=\"elementor-column elementor-col-50 elementor-top-column elementor-element elementor-element-f140a3c\" data-id=\"f140a3c\" data-element_type=\"column\">\n\t\t\t<div class=\"elementor-widget-wrap elementor-element-populated\">\n\t\t\t\t\t\t<div class=\"elementor-element elementor-element-42ed495 elementor-widget elementor-widget-heading\" data-id=\"42ed495\" data-element_type=\"widget\" data-widget_type=\"heading.default\">\n\t\t\t\t<div class=\"elementor-widget-container\">\n\t\t\t<h2 class=\"elementor-heading-title elementor-size-default\">O nosso servi\u00e7o de desenvolvimento Salesforce<\/h2>\t\t<\/div>\n\t\t\t\t<\/div>\n\t\t\t\t<div class=\"vamtam-has-theme-widget-styles elementor-element elementor-element-4fa55e7 elementor-widget-mobile__width-inherit elementor-widget elementor-widget-text-editor\" data-id=\"4fa55e7\" data-element_type=\"widget\" data-widget_type=\"text-editor.default\">\n\t\t\t\t<div class=\"elementor-widget-container\">\n\t\t\t\t\t\t\t<ul class=\"ulstyle\">\n \t<li>Implementa\u00e7\u00e3o do Salesforce.<\/li>\n \t<li>Consultoria Salesforce.<\/li>\n \t<li>Migra\u00e7\u00e3o para o Salesforce.<\/li>\n \t<li>Integra\u00e7\u00e3o do Salesforce.<\/li>\n \t<li>Personaliza\u00e7\u00e3o do Salesforce.<\/li>\n \t<li>Desenvolvimento de aplica\u00e7\u00f5es Salesforce.<\/li>\n \t<li>Suporte Salesforce.<\/li>\n<\/ul>\t\t\t\t\t\t<\/div>\n\t\t\t\t<\/div>\n\t\t\t\t\t<\/div>\n\t\t<\/div>\n\t\t\t\t\t<\/div>\n\t\t<\/section>\n\t\t\t\t<section class=\"elementor-section elementor-top-section elementor-element elementor-element-bfa3e71 elementor-section-boxed elementor-section-height-default elementor-section-height-default\" data-id=\"bfa3e71\" data-element_type=\"section\" data-settings=\"{&quot;background_background&quot;:&quot;classic&quot;}\">\n\t\t\t\t\t\t<div class=\"elementor-container elementor-column-gap-default\">\n\t\t\t\t\t<div class=\"elementor-column elementor-col-100 elementor-top-column elementor-element elementor-element-d171d31\" data-id=\"d171d31\" data-element_type=\"column\">\n\t\t\t<div class=\"elementor-widget-wrap elementor-element-populated\">\n\t\t\t\t\t\t<section class=\"elementor-section elementor-inner-section elementor-element elementor-element-ca02b74 elementor-section-content-middle elementor-section-boxed elementor-section-height-default elementor-section-height-default\" data-id=\"ca02b74\" data-element_type=\"section\">\n\t\t\t\t\t\t<div class=\"elementor-container elementor-column-gap-default\">\n\t\t\t\t\t<div class=\"elementor-column elementor-col-50 elementor-inner-column elementor-element elementor-element-b929534\" data-id=\"b929534\" data-element_type=\"column\">\n\t\t\t<div class=\"elementor-widget-wrap elementor-element-populated\">\n\t\t\t\t\t\t<div class=\"elementor-element elementor-element-51d4084 elementor-widget elementor-widget-heading\" data-id=\"51d4084\" data-element_type=\"widget\" data-widget_type=\"heading.default\">\n\t\t\t\t<div class=\"elementor-widget-container\">\n\t\t\t<h2 class=\"elementor-heading-title elementor-size-default\">Um processo em tr\u00eas etapas para contratar um programador Salesforce<\/h2>\t\t<\/div>\n\t\t\t\t<\/div>\n\t\t\t\t<div class=\"vamtam-has-theme-widget-styles elementor-element elementor-element-63ee2da elementor-widget elementor-widget-text-editor\" data-id=\"63ee2da\" data-element_type=\"widget\" data-widget_type=\"text-editor.default\">\n\t\t\t\t<div class=\"elementor-widget-container\">\n\t\t\t\t\t\t\t<ul class=\"ulstyle\">\n \t<li>Informe-nos das suas necessidades.<\/li>\n \t<li>Discuta o seu projeto com os nossos especialistas.<\/li>\n \t<li>Finalize os termos do compromisso e comece a trabalhar.<\/li>\n<\/ul>\t\t\t\t\t\t<\/div>\n\t\t\t\t<\/div>\n\t\t\t\t<div class=\"vamtam-has-theme-widget-styles elementor-element elementor-element-bc2ef4d elementor-widget elementor-widget-text-editor\" data-id=\"bc2ef4d\" data-element_type=\"widget\" data-widget_type=\"text-editor.default\">\n\t\t\t\t<div class=\"elementor-widget-container\">\n\t\t\t\t\t\t\t<p>O processo de contrata\u00e7\u00e3o de um programador Salesforce \u00e9 bastante simples. Com estes tr\u00eas passos, iremos apoi\u00e1-lo a si e \u00e0 sua organiza\u00e7\u00e3o com um programador Salesforce hol\u00edstico e experiente. Ajudamo-lo a atingir os objectivos e requisitos da sua organiza\u00e7\u00e3o &#8211; dentro do prazo estabelecido e ao custo acordado.<\/p>\n\t\t\t\t\t\t<\/div>\n\t\t\t\t<\/div>\n\t\t\t\t\t<\/div>\n\t\t<\/div>\n\t\t\t\t<div class=\"elementor-column elementor-col-50 elementor-inner-column elementor-element elementor-element-db98f76\" data-id=\"db98f76\" data-element_type=\"column\">\n\t\t\t<div class=\"elementor-widget-wrap elementor-element-populated\">\n\t\t\t\t\t\t<div class=\"elementor-element elementor-element-1b02a34 elementor-widget elementor-widget-image\" data-id=\"1b02a34\" data-element_type=\"widget\" data-widget_type=\"image.default\">\n\t\t\t\t<div class=\"elementor-widget-container\">\n\t\t\t\t\t\t\t\t\t\t\t\t\t<img fetchpriority=\"high\" decoding=\"async\" width=\"525\" height=\"350\" src=\"https:\/\/redorangetechnologies.com\/wp-content\/uploads\/2023\/11\/team.png\" class=\"attachment-full size-full wp-image-994670\" alt=\"web development\" \/>\t\t\t\t\t\t\t\t\t\t\t\t\t<\/div>\n\t\t\t\t<\/div>\n\t\t\t\t\t<\/div>\n\t\t<\/div>\n\t\t\t\t\t<\/div>\n\t\t<\/section>\n\t\t\t\t<section class=\"elementor-section elementor-inner-section elementor-element elementor-element-9dced4c elementor-section-content-middle elementor-section-boxed elementor-section-height-default elementor-section-height-default\" data-id=\"9dced4c\" data-element_type=\"section\">\n\t\t\t\t\t\t<div class=\"elementor-container elementor-column-gap-default\">\n\t\t\t\t\t<div class=\"elementor-column elementor-col-100 elementor-inner-column elementor-element elementor-element-01a41b7\" data-id=\"01a41b7\" data-element_type=\"column\">\n\t\t\t<div class=\"elementor-widget-wrap elementor-element-populated\">\n\t\t\t\t\t\t<div class=\"elementor-element elementor-element-e10e656 elementor-widget elementor-widget-heading\" data-id=\"e10e656\" data-element_type=\"widget\" data-widget_type=\"heading.default\">\n\t\t\t\t<div class=\"elementor-widget-container\">\n\t\t\t<h2 class=\"elementor-heading-title elementor-size-default\">Fornecemos um processo de qualidade comprovada na nossa colabora\u00e7\u00e3o<\/h2>\t\t<\/div>\n\t\t\t\t<\/div>\n\t\t\t\t\t<\/div>\n\t\t<\/div>\n\t\t\t\t\t<\/div>\n\t\t<\/section>\n\t\t\t\t<section class=\"elementor-section elementor-inner-section elementor-element elementor-element-009759e elementor-section-boxed elementor-section-height-default elementor-section-height-default\" data-id=\"009759e\" data-element_type=\"section\">\n\t\t\t\t\t\t<div class=\"elementor-container elementor-column-gap-default\">\n\t\t\t\t\t<div class=\"elementor-column elementor-col-50 elementor-inner-column elementor-element elementor-element-4ee02b6\" data-id=\"4ee02b6\" data-element_type=\"column\">\n\t\t\t<div class=\"elementor-widget-wrap elementor-element-populated\">\n\t\t\t\t\t\t<div class=\"vamtam-has-theme-widget-styles elementor-element elementor-element-ee1842e elementor-widget elementor-widget-text-editor\" data-id=\"ee1842e\" data-element_type=\"widget\" data-widget_type=\"text-editor.default\">\n\t\t\t\t<div class=\"elementor-widget-container\">\n\t\t\t\t\t\t\t<p><strong>OUVIR<\/strong><\/p>\n<p>Facilitamos uma liga\u00e7\u00e3o com a nossa equipa de especialistas, que procura diligentemente compreender os meandros dos seus requisitos empresariais e os desafios associados \u00e0 sua implementa\u00e7\u00e3o atual. Isto \u00e9 conseguido atrav\u00e9s de perguntas relevantes para construir a nossa compreens\u00e3o da sua situa\u00e7\u00e3o.<\/p>\n<\/p>\n<p><strong>SUGERIR<\/strong><\/p>\n<p>A nossa abordagem envolve o fornecimento de solu\u00e7\u00f5es \u00f3ptimas para desafios empresariais complexos, dando prioridade ao que est\u00e1 alinhado com os melhores interesses da empresa e dos seus clientes, em vez de impormos as nossas presun\u00e7\u00f5es. Isto incorpora a nossa interpreta\u00e7\u00e3o genu\u00edna da transforma\u00e7\u00e3o digital.<\/p>\n\t\t\t\t\t\t<\/div>\n\t\t\t\t<\/div>\n\t\t\t\t\t<\/div>\n\t\t<\/div>\n\t\t\t\t<div class=\"elementor-column elementor-col-50 elementor-inner-column elementor-element elementor-element-5381804\" data-id=\"5381804\" data-element_type=\"column\">\n\t\t\t<div class=\"elementor-widget-wrap elementor-element-populated\">\n\t\t\t\t\t\t<div class=\"vamtam-has-theme-widget-styles elementor-element elementor-element-189d215 elementor-widget elementor-widget-text-editor\" data-id=\"189d215\" data-element_type=\"widget\" data-widget_type=\"text-editor.default\">\n\t\t\t\t<div class=\"elementor-widget-container\">\n\t\t\t\t\t\t\t<p><strong>IMPLEMENTA\u00c7\u00c3O<\/strong><\/p>\n<p>A nossa filosofia centra-se na colabora\u00e7\u00e3o em vez de trabalhar para qualquer pessoa individualmente, reconhecendo que os esfor\u00e7os colectivos produzem melhores resultados. Como seu parceiro dedicado, assumimos a responsabilidade de promover o seu sucesso e o do seu neg\u00f3cio atrav\u00e9s de uma implementa\u00e7\u00e3o eficaz.<\/p>\n<\/p>\n<p><strong>ITERATE<\/strong><\/p>\n<p>O nosso compromisso gira em torno da melhoria cont\u00ednua e n\u00e3o da procura da perfei\u00e7\u00e3o. Dessa forma, ouvimos ativamente seus coment\u00e1rios e direcionamos nossos esfor\u00e7os para melhorias cont\u00ednuas em cada marco, sprint e lan\u00e7amento.<\/p>\n\t\t\t\t\t\t<\/div>\n\t\t\t\t<\/div>\n\t\t\t\t\t<\/div>\n\t\t<\/div>\n\t\t\t\t\t<\/div>\n\t\t<\/section>\n\t\t\t\t\t<\/div>\n\t\t<\/div>\n\t\t\t\t\t<\/div>\n\t\t<\/section>\n\t\t\t\t<\/div>\n\t\t","protected":false},"excerpt":{"rendered":"<p>A Red Orange Technologies ajuda-o a contratar programadores Salesforce numa base imediata com base nos seus requisitos. A nossa equipa de programadores ajuda-o a atingir todos os seus objectivos e a otimizar os seus processos empresariais tal como os deseja!<\/p>\n","protected":false},"author":1,"featured_media":0,"parent":1005140,"menu_order":0,"comment_status":"closed","ping_status":"closed","template":"","meta":{"footnotes":""},"class_list":["post-1005293","page","type-page","status-publish","hentry"],"_links":{"self":[{"href":"https:\/\/redorangetechnologies.com\/pt\/wp-json\/wp\/v2\/pages\/1005293","targetHints":{"allow":["GET"]}}],"collection":[{"href":"https:\/\/redorangetechnologies.com\/pt\/wp-json\/wp\/v2\/pages"}],"about":[{"href":"https:\/\/redorangetechnologies.com\/pt\/wp-json\/wp\/v2\/types\/page"}],"author":[{"embeddable":true,"href":"https:\/\/redorangetechnologies.com\/pt\/wp-json\/wp\/v2\/users\/1"}],"replies":[{"embeddable":true,"href":"https:\/\/redorangetechnologies.com\/pt\/wp-json\/wp\/v2\/comments?post=1005293"}],"version-history":[{"count":1,"href":"https:\/\/redorangetechnologies.com\/pt\/wp-json\/wp\/v2\/pages\/1005293\/revisions"}],"predecessor-version":[{"id":1005295,"href":"https:\/\/redorangetechnologies.com\/pt\/wp-json\/wp\/v2\/pages\/1005293\/revisions\/1005295"}],"up":[{"embeddable":true,"href":"https:\/\/redorangetechnologies.com\/pt\/wp-json\/wp\/v2\/pages\/1005140"}],"wp:attachment":[{"href":"https:\/\/redorangetechnologies.com\/pt\/wp-json\/wp\/v2\/media?parent=1005293"}],"curies":[{"name":"wp","href":"https:\/\/api.w.org\/{rel}","templated":true}]}}