{"id":1005229,"date":"2023-03-16T13:53:25","date_gmt":"2023-03-16T13:53:25","guid":{"rendered":"https:\/\/redorangetechnologies.com\/termos-e-condicoes\/"},"modified":"2024-04-04T13:58:46","modified_gmt":"2024-04-04T13:58:46","slug":"termos-e-condicoes","status":"publish","type":"page","link":"https:\/\/redorangetechnologies.com\/pt\/termos-e-condicoes\/","title":{"rendered":"Termos e condi\u00e7\u00f5es"},"content":{"rendered":"\t\t<div data-elementor-type=\"wp-page\" data-elementor-id=\"1005229\" class=\"elementor elementor-1005229 elementor-1646\" data-elementor-post-type=\"page\">\n\t\t\t\t\t\t<section class=\"elementor-section elementor-top-section elementor-element elementor-element-e37aa05 elementor-section-boxed elementor-section-height-default elementor-section-height-default\" data-id=\"e37aa05\" data-element_type=\"section\">\n\t\t\t\t\t\t<div class=\"elementor-container elementor-column-gap-default\">\n\t\t\t\t\t<div class=\"elementor-column elementor-col-100 elementor-top-column elementor-element elementor-element-8b3e74f\" data-id=\"8b3e74f\" data-element_type=\"column\">\n\t\t\t<div class=\"elementor-widget-wrap elementor-element-populated\">\n\t\t\t\t\t\t<div class=\"elementor-element elementor-element-80298dd animated-slow elementor-invisible elementor-widget elementor-widget-heading\" data-id=\"80298dd\" data-element_type=\"widget\" data-settings=\"{&quot;_animation&quot;:&quot;fadeIn&quot;,&quot;_animation_tablet&quot;:&quot;none&quot;}\" data-widget_type=\"heading.default\">\n\t\t\t\t<div class=\"elementor-widget-container\">\n\t\t\t<h1 class=\"elementor-heading-title elementor-size-default\">Terms &amp; Conditions <\/h1>\t\t<\/div>\n\t\t\t\t<\/div>\n\t\t\t\t<div class=\"elementor-element elementor-element-76d638f animated-slow elementor-invisible elementor-widget elementor-widget-heading\" data-id=\"76d638f\" data-element_type=\"widget\" data-settings=\"{&quot;_animation&quot;:&quot;fadeIn&quot;,&quot;_animation_tablet&quot;:&quot;none&quot;,&quot;_animation_delay&quot;:300}\" data-widget_type=\"heading.default\">\n\t\t\t\t<div class=\"elementor-widget-container\">\n\t\t\t<p class=\"elementor-heading-title elementor-size-default\">for Red Orange Technologies <\/p>\t\t<\/div>\n\t\t\t\t<\/div>\n\t\t\t\t<div class=\"elementor-element elementor-element-fed2f21 elementor-widget elementor-widget-spacer\" data-id=\"fed2f21\" data-element_type=\"widget\" data-widget_type=\"spacer.default\">\n\t\t\t\t<div class=\"elementor-widget-container\">\n\t\t\t\t\t<div class=\"elementor-spacer\">\n\t\t\t<div class=\"elementor-spacer-inner\"><\/div>\n\t\t<\/div>\n\t\t\t\t<\/div>\n\t\t\t\t<\/div>\n\t\t\t\t\t<\/div>\n\t\t<\/div>\n\t\t\t\t\t<\/div>\n\t\t<\/section>\n\t\t\t\t<section class=\"elementor-section elementor-top-section elementor-element elementor-element-3d75cf2 elementor-section-boxed elementor-section-height-default elementor-section-height-default\" data-id=\"3d75cf2\" data-element_type=\"section\">\n\t\t\t\t\t\t<div class=\"elementor-container elementor-column-gap-no\">\n\t\t\t\t\t<div class=\"elementor-column elementor-col-100 elementor-top-column elementor-element elementor-element-2636055\" data-id=\"2636055\" data-element_type=\"column\">\n\t\t\t<div class=\"elementor-widget-wrap elementor-element-populated\">\n\t\t\t\t\t\t<div class=\"vamtam-has-theme-widget-styles elementor-element elementor-element-587737e elementor-widget elementor-widget-text-editor\" data-id=\"587737e\" data-element_type=\"widget\" data-widget_type=\"text-editor.default\">\n\t\t\t\t<div class=\"elementor-widget-container\">\n\t\t\t\t\t\t\t<p>Este Contrato de Termos e Condi\u00e7\u00f5es (&#8220;<strong>Acordo<\/strong>\u00e9 um acordo legal entre o utilizador (&#8220;Utilizador&#8221; ou &#8220;Voc\u00ea&#8221;) e <strong>Red Orange Technologies Pvt Ltd<\/strong> (&#8220;Empresa&#8221;, &#8220;N\u00f3s&#8221;, &#8220;Nos&#8221; ou &#8220;Nosso&#8221;) que rege a sua utiliza\u00e7\u00e3o dos servi\u00e7os de desenvolvimento de software e conte\u00fados relacionados fornecidos pela <strong>Red Orange Technologies Pvt Ltd<\/strong> neste website: <strong>www.redorangetechnologies.com<\/strong> (&#8220;Website&#8221;).<\/p>\n<p>Ao aceder ou utilizar o Website, o utilizador aceita ficar vinculado aos termos e condi\u00e7\u00f5es estabelecidos no presente Acordo. Se n\u00e3o concordar com estes termos, n\u00e3o aceda nem utilize o Web site.<\/p>\n\t\t\t\t\t\t<\/div>\n\t\t\t\t<\/div>\n\t\t\t\t<div class=\"elementor-element elementor-element-3d56e7d elementor-widget elementor-widget-heading\" data-id=\"3d56e7d\" data-element_type=\"widget\" data-widget_type=\"heading.default\">\n\t\t\t\t<div class=\"elementor-widget-container\">\n\t\t\t<h3 class=\"elementor-heading-title elementor-size-default\">1. Aceita\u00e7\u00e3o das condi\u00e7\u00f5es<\/h3>\t\t<\/div>\n\t\t\t\t<\/div>\n\t\t\t\t<div class=\"vamtam-has-theme-widget-styles elementor-element elementor-element-ade2499 elementor-widget elementor-widget-text-editor\" data-id=\"ade2499\" data-element_type=\"widget\" data-widget_type=\"text-editor.default\">\n\t\t\t\t<div class=\"elementor-widget-container\">\n\t\t\t\t\t\t\t<p>1.1. Ao aceder ou utilizar o Website, o utilizador aceita ficar vinculado aos termos e condi\u00e7\u00f5es estabelecidos no presente Acordo.<\/p>\n<p><span style=\"color: var( --e-global-color-vamtam_accent_8 ); letter-spacing: var(--vamtam-primary-font-letter-spacing-desktop,normal); text-transform: var(--vamtam-primary-font-transform,none);\">1.2. Se estiver a utilizar o Website em nome de uma organiza\u00e7\u00e3o, o utilizador declara e garante que tem autoridade para vincular a organiza\u00e7\u00e3o a estes termos, e o seu acordo com estes termos ser\u00e1 tratado como o acordo da organiza\u00e7\u00e3o.<\/span><\/p>\n\t\t\t\t\t\t<\/div>\n\t\t\t\t<\/div>\n\t\t\t\t<div class=\"elementor-element elementor-element-4fb569b elementor-widget elementor-widget-heading\" data-id=\"4fb569b\" data-element_type=\"widget\" data-widget_type=\"heading.default\">\n\t\t\t\t<div class=\"elementor-widget-container\">\n\t\t\t<h3 class=\"elementor-heading-title elementor-size-default\">2. \u00c2mbito dos servi\u00e7os<\/h3>\t\t<\/div>\n\t\t\t\t<\/div>\n\t\t\t\t<div class=\"vamtam-has-theme-widget-styles elementor-element elementor-element-54805d6 elementor-widget elementor-widget-text-editor\" data-id=\"54805d6\" data-element_type=\"widget\" data-widget_type=\"text-editor.default\">\n\t\t\t\t<div class=\"elementor-widget-container\">\n\t\t\t\t\t\t\t<p>2.1. O Website fornece informa\u00e7\u00f5es sobre os servi\u00e7os oferecidos pela <strong>Red Orange Technologies Pvt Ltd<\/strong>, incluindo, mas n\u00e3o se limitando a, desenvolvimento de software, consultoria, design e servi\u00e7os relacionados (&#8220;Servi\u00e7os&#8221;).<\/p>\n<p><span style=\"color: var( --e-global-color-vamtam_accent_8 ); letter-spacing: var(--vamtam-primary-font-letter-spacing-desktop,normal); text-transform: var(--vamtam-primary-font-transform,none);\">2.2. O escopo e os detalhes dos Servi\u00e7os ser\u00e3o definidos em acordos, propostas ou declara\u00e7\u00f5es de trabalho separados fornecidos pela <\/span><strong style=\"color: var( --e-global-color-vamtam_accent_8 ); letter-spacing: var(--vamtam-primary-font-letter-spacing-desktop,normal); text-transform: var(--vamtam-primary-font-transform,none);\">Red Orange Technologies Pvt Ltdao<\/strong> <span style=\"color: var( --e-global-color-vamtam_accent_8 ); letter-spacing: var(--vamtam-primary-font-letter-spacing-desktop,normal); text-transform: var(--vamtam-primary-font-transform,none);\">Utilizador.<\/span><\/p>\n\t\t\t\t\t\t<\/div>\n\t\t\t\t<\/div>\n\t\t\t\t<div class=\"elementor-element elementor-element-1e72e60 elementor-widget elementor-widget-heading\" data-id=\"1e72e60\" data-element_type=\"widget\" data-widget_type=\"heading.default\">\n\t\t\t\t<div class=\"elementor-widget-container\">\n\t\t\t<h3 class=\"elementor-heading-title elementor-size-default\">3.Direitos de propriedade intelectual<\/h3>\t\t<\/div>\n\t\t\t\t<\/div>\n\t\t\t\t<div class=\"vamtam-has-theme-widget-styles elementor-element elementor-element-8e99d78 elementor-widget elementor-widget-text-editor\" data-id=\"8e99d78\" data-element_type=\"widget\" data-widget_type=\"text-editor.default\">\n\t\t\t\t<div class=\"elementor-widget-container\">\n\t\t\t\t\t\t\t<p>3.1. Todos os conte\u00fados e materiais dispon\u00edveis no Website, incluindo mas n\u00e3o se limitando a texto, gr\u00e1ficos, log\u00f3tipos, \u00edcones de bot\u00f5es, imagens, clipes de \u00e1udio e software, s\u00e3o propriedade da <strong>Red Orange Technologies Pvt Ltd<\/strong> e est\u00e3o protegidos pelas leis de propriedade intelectual apropriadas.<\/p>\n<p>3.2. \u00c9 concedida aos utilizadores uma licen\u00e7a limitada, n\u00e3o exclusiva, intransmiss\u00edvel e revog\u00e1vel para aceder e utilizar o S\u00edtio Web para fins pessoais e n\u00e3o comerciais.<\/p><\/p>\n\t\t\t\t\t\t<\/div>\n\t\t\t\t<\/div>\n\t\t\t\t<div class=\"elementor-element elementor-element-e9ece0f elementor-widget elementor-widget-heading\" data-id=\"e9ece0f\" data-element_type=\"widget\" data-widget_type=\"heading.default\">\n\t\t\t\t<div class=\"elementor-widget-container\">\n\t\t\t<h3 class=\"elementor-heading-title elementor-size-default\">4. Pol\u00edtica de privacidade<\/h3>\t\t<\/div>\n\t\t\t\t<\/div>\n\t\t\t\t<div class=\"vamtam-has-theme-widget-styles elementor-element elementor-element-0aed36d elementor-widget elementor-widget-text-editor\" data-id=\"0aed36d\" data-element_type=\"widget\" data-widget_type=\"text-editor.default\">\n\t\t\t\t<div class=\"elementor-widget-container\">\n\t\t\t\t\t\t\t<p>4.1. A Pol\u00edtica de Privacidade da Empresa rege a recolha, utiliza\u00e7\u00e3o e armazenamento de informa\u00e7\u00f5es pessoais fornecidas pelos Utilizadores. Ao utilizar o s\u00edtio Web, o utilizador aceita as pr\u00e1ticas descritas na Pol\u00edtica de Privacidade.<\/p>\n\t\t\t\t\t\t<\/div>\n\t\t\t\t<\/div>\n\t\t\t\t<div class=\"elementor-element elementor-element-b24e80a elementor-widget elementor-widget-heading\" data-id=\"b24e80a\" data-element_type=\"widget\" data-widget_type=\"heading.default\">\n\t\t\t\t<div class=\"elementor-widget-container\">\n\t\t\t<h3 class=\"elementor-heading-title elementor-size-default\">5. Conduta do utilizador<\/h3>\t\t<\/div>\n\t\t\t\t<\/div>\n\t\t\t\t<div class=\"vamtam-has-theme-widget-styles elementor-element elementor-element-bd93ee0 elementor-widget elementor-widget-text-editor\" data-id=\"bd93ee0\" data-element_type=\"widget\" data-widget_type=\"text-editor.default\">\n\t\t\t\t<div class=\"elementor-widget-container\">\n\t\t\t\t\t\t\t<p>5.1. Os utilizadores concordam em cumprir todas as leis e regulamentos aplic\u00e1veis quando utilizam o S\u00edtio Web.<\/p>\n<p><span style=\"color: var( --e-global-color-vamtam_accent_8 ); letter-spacing: var(--vamtam-primary-font-letter-spacing-desktop,normal); text-transform: var(--vamtam-primary-font-transform,none);\">5.2. Os Utilizadores n\u00e3o se envolver\u00e3o em qualquer atividade que perturbe ou interfira com o funcionamento do S\u00edtio Web ou de quaisquer servidores ou redes relacionados.<\/span><\/p>\n\t\t\t\t\t\t<\/div>\n\t\t\t\t<\/div>\n\t\t\t\t<div class=\"elementor-element elementor-element-fd9dede elementor-widget elementor-widget-heading\" data-id=\"fd9dede\" data-element_type=\"widget\" data-widget_type=\"heading.default\">\n\t\t\t\t<div class=\"elementor-widget-container\">\n\t\t\t<h3 class=\"elementor-heading-title elementor-size-default\">6. Limita\u00e7\u00e3o da responsabilidade<\/h3>\t\t<\/div>\n\t\t\t\t<\/div>\n\t\t\t\t<div class=\"vamtam-has-theme-widget-styles elementor-element elementor-element-e67c2b4 elementor-widget elementor-widget-text-editor\" data-id=\"e67c2b4\" data-element_type=\"widget\" data-widget_type=\"text-editor.default\">\n\t\t\t\t<div class=\"elementor-widget-container\">\n\t\t\t\t\t\t\t<p>6.1. A Empresa n\u00e3o ser\u00e1 respons\u00e1vel por quaisquer danos directos, indirectos, incidentais, consequenciais, especiais ou exemplares resultantes da utiliza\u00e7\u00e3o ou incapacidade de utiliza\u00e7\u00e3o do S\u00edtio Web ou dos Servi\u00e7os.<\/p>\n\t\t\t\t\t\t<\/div>\n\t\t\t\t<\/div>\n\t\t\t\t<div class=\"elementor-element elementor-element-37ba5a5 elementor-widget elementor-widget-heading\" data-id=\"37ba5a5\" data-element_type=\"widget\" data-widget_type=\"heading.default\">\n\t\t\t\t<div class=\"elementor-widget-container\">\n\t\t\t<h3 class=\"elementor-heading-title elementor-size-default\">7. Rescis\u00e3o\n<\/h3>\t\t<\/div>\n\t\t\t\t<\/div>\n\t\t\t\t<div class=\"vamtam-has-theme-widget-styles elementor-element elementor-element-0ed375b elementor-widget elementor-widget-text-editor\" data-id=\"0ed375b\" data-element_type=\"widget\" data-widget_type=\"text-editor.default\">\n\t\t\t\t<div class=\"elementor-widget-container\">\n\t\t\t\t\t\t\t<p>7.1. A Empresa reserva-se o direito de suspender ou terminar o acesso ao S\u00edtio Web e aos Servi\u00e7os em qualquer altura, com ou sem motivo.<\/p>\n<p><span style=\"color: var( --e-global-color-vamtam_accent_8 ); letter-spacing: var(--vamtam-primary-font-letter-spacing-desktop,normal); text-transform: var(--vamtam-primary-font-transform,none);\">7.2. Em caso de rescis\u00e3o, todos os direitos e licen\u00e7as concedidos ao Utilizador cessar\u00e3o imediatamente.<\/span><\/p>\n\t\t\t\t\t\t<\/div>\n\t\t\t\t<\/div>\n\t\t\t\t<div class=\"elementor-element elementor-element-42dbb4f elementor-widget elementor-widget-heading\" data-id=\"42dbb4f\" data-element_type=\"widget\" data-widget_type=\"heading.default\">\n\t\t\t\t<div class=\"elementor-widget-container\">\n\t\t\t<h3 class=\"elementor-heading-title elementor-size-default\">8. Direito aplic\u00e1vel e jurisdi\u00e7\u00e3o<\/h3>\t\t<\/div>\n\t\t\t\t<\/div>\n\t\t\t\t<div class=\"vamtam-has-theme-widget-styles elementor-element elementor-element-edce6d4 elementor-widget elementor-widget-text-editor\" data-id=\"edce6d4\" data-element_type=\"widget\" data-widget_type=\"text-editor.default\">\n\t\t\t\t<div class=\"elementor-widget-container\">\n\t\t\t\t\t\t\t<p>8.1. O presente Acordo ser\u00e1 regido e interpretado de acordo com a legisla\u00e7\u00e3o da \u00cdndia.<\/p>\n<p>8.2. Qualquer lit\u00edgio decorrente ou relacionado com o presente Acordo ser\u00e1 sujeito \u00e0 jurisdi\u00e7\u00e3o exclusiva dos tribunais da \u00cdndia.<\/p>\n\t\t\t\t\t\t<\/div>\n\t\t\t\t<\/div>\n\t\t\t\t<div class=\"elementor-element elementor-element-81c933d elementor-widget elementor-widget-heading\" data-id=\"81c933d\" data-element_type=\"widget\" data-widget_type=\"heading.default\">\n\t\t\t\t<div class=\"elementor-widget-container\">\n\t\t\t<h3 class=\"elementor-heading-title elementor-size-default\">9. Altera\u00e7\u00f5es aos termos e condi\u00e7\u00f5es<\/h3>\t\t<\/div>\n\t\t\t\t<\/div>\n\t\t\t\t<div class=\"vamtam-has-theme-widget-styles elementor-element elementor-element-9c45b6f elementor-widget elementor-widget-text-editor\" data-id=\"9c45b6f\" data-element_type=\"widget\" data-widget_type=\"text-editor.default\">\n\t\t\t\t<div class=\"elementor-widget-container\">\n\t\t\t\t\t\t\t<p>9.1. A Empresa reserva-se o direito de modificar ou atualizar o presente Acordo em qualquer altura, e essas altera\u00e7\u00f5es entrar\u00e3o em vigor imediatamente ap\u00f3s a sua publica\u00e7\u00e3o no S\u00edtio Web.<\/p><p><span style=\"color: var( --e-global-color-vamtam_accent_8 ); letter-spacing: var(--vamtam-primary-font-letter-spacing-desktop,normal); text-transform: var(--vamtam-primary-font-transform,none);\">9.2. Os utilizadores s\u00e3o encorajados a rever este Acordo periodicamente para se manterem informados de quaisquer actualiza\u00e7\u00f5es.<\/span><\/p>\n<p><\/p>\n<p>Ao aceder ou utilizar o s\u00edtio Web, o utilizador reconhece que leu, compreendeu e aceita ficar vinculado ao presente Acordo de Termos e Condi\u00e7\u00f5es. Se tiver d\u00favidas ou preocupa\u00e7\u00f5es, contacte-nos atrav\u00e9s do endere\u00e7o <strong>contact@redorangetechnologies.com<\/strong> ou visite a sec\u00e7\u00e3o &#8220;<u>Contacte-nos<\/u>&#8221; do nosso s\u00edtio Web <strong>www.redorangetechnologies.com.<\/strong><\/p>\t\t\t\t\t\t<\/div>\n\t\t\t\t<\/div>\n\t\t\t\t\t<\/div>\n\t\t<\/div>\n\t\t\t\t\t<\/div>\n\t\t<\/section>\n\t\t\t\t<\/div>\n\t\t","protected":false},"excerpt":{"rendered":"<p>Terms &amp; Conditions for Red Orange Technologies Este Contrato de Termos e Condi\u00e7\u00f5es (&#8220;Acordo\u00e9 um acordo legal entre o utilizador (&#8220;Utilizador&#8221; ou &#8220;Voc\u00ea&#8221;) e Red Orange Technologies Pvt Ltd (&#8220;Empresa&#8221;, &#8220;N\u00f3s&#8221;, &#8220;Nos&#8221; ou &#8220;Nosso&#8221;) que rege a sua utiliza\u00e7\u00e3o dos servi\u00e7os de desenvolvimento de software e conte\u00fados relacionados fornecidos pela Red Orange Technologies Pvt Ltd&#8230;<\/p>\n","protected":false},"author":1,"featured_media":0,"parent":0,"menu_order":0,"comment_status":"closed","ping_status":"closed","template":"","meta":{"footnotes":""},"class_list":["post-1005229","page","type-page","status-publish","hentry"],"_links":{"self":[{"href":"https:\/\/redorangetechnologies.com\/pt\/wp-json\/wp\/v2\/pages\/1005229","targetHints":{"allow":["GET"]}}],"collection":[{"href":"https:\/\/redorangetechnologies.com\/pt\/wp-json\/wp\/v2\/pages"}],"about":[{"href":"https:\/\/redorangetechnologies.com\/pt\/wp-json\/wp\/v2\/types\/page"}],"author":[{"embeddable":true,"href":"https:\/\/redorangetechnologies.com\/pt\/wp-json\/wp\/v2\/users\/1"}],"replies":[{"embeddable":true,"href":"https:\/\/redorangetechnologies.com\/pt\/wp-json\/wp\/v2\/comments?post=1005229"}],"version-history":[{"count":1,"href":"https:\/\/redorangetechnologies.com\/pt\/wp-json\/wp\/v2\/pages\/1005229\/revisions"}],"predecessor-version":[{"id":1005231,"href":"https:\/\/redorangetechnologies.com\/pt\/wp-json\/wp\/v2\/pages\/1005229\/revisions\/1005231"}],"wp:attachment":[{"href":"https:\/\/redorangetechnologies.com\/pt\/wp-json\/wp\/v2\/media?parent=1005229"}],"curies":[{"name":"wp","href":"https:\/\/api.w.org\/{rel}","templated":true}]}}