{"id":1005200,"date":"2023-03-25T12:03:29","date_gmt":"2023-03-25T12:03:29","guid":{"rendered":"https:\/\/redorangetechnologies.com\/equipa\/prakash-kattoli\/"},"modified":"2024-04-08T14:56:23","modified_gmt":"2024-04-08T14:56:23","slug":"prakash-kattoli","status":"publish","type":"page","link":"https:\/\/redorangetechnologies.com\/pt\/equipa\/prakash-kattoli\/","title":{"rendered":"Prakash Kattoli"},"content":{"rendered":"\t\t<div data-elementor-type=\"wp-page\" data-elementor-id=\"1005200\" class=\"elementor elementor-1005200 elementor-3559\" data-elementor-post-type=\"page\">\n\t\t\t\t\t\t<section class=\"elementor-section elementor-top-section elementor-element elementor-element-75c49525 elementor-section-full_width elementor-section-height-default elementor-section-height-default\" data-id=\"75c49525\" data-element_type=\"section\">\n\t\t\t\t\t\t<div class=\"elementor-container elementor-column-gap-no\">\n\t\t\t\t\t<div class=\"elementor-column elementor-col-100 elementor-top-column elementor-element elementor-element-7c5d2fcb\" data-id=\"7c5d2fcb\" data-element_type=\"column\">\n\t\t\t<div class=\"elementor-widget-wrap elementor-element-populated\">\n\t\t\t\t\t\t<div class=\"vamtam-has-theme-widget-styles elementor-element elementor-element-2e873113 elementor-widget elementor-widget-text-editor\" data-id=\"2e873113\" data-element_type=\"widget\" data-widget_type=\"text-editor.default\">\n\t\t\t\t<div class=\"elementor-widget-container\">\n\t\t\t\t\t\t\t<p>Diretor de opera\u00e7\u00f5es experiente e orientado para os resultados, com mais de 13 anos de experi\u00eancia progressiva no sector das tecnologias da informa\u00e7\u00e3o. Adepto da lideran\u00e7a de equipas multifuncionais, da implementa\u00e7\u00e3o de iniciativas estrat\u00e9gicas e da otimiza\u00e7\u00e3o da efici\u00eancia operacional para impulsionar o crescimento e a rentabilidade da organiza\u00e7\u00e3o. Experi\u00eancia comprovada na supervis\u00e3o de projectos complexos de TI, na promo\u00e7\u00e3o da inova\u00e7\u00e3o e na garantia de uma integra\u00e7\u00e3o perfeita das solu\u00e7\u00f5es tecnol\u00f3gicas. Possuir uma forte combina\u00e7\u00e3o de lideran\u00e7a, perspic\u00e1cia t\u00e9cnica e acuidade comercial para alinhar as estrat\u00e9gias de TI com os objectivos comerciais globa Adepto da lideran\u00e7a de equipas multifuncionais, da implementa\u00e7\u00e3o de iniciativas estrat\u00e9gicas e da otimiza\u00e7\u00e3o da efici\u00eancia operacional para impulsionar o crescimento e a rentabilidade da organiza\u00e7\u00e3o.<\/p>\n\t\t\t\t\t\t<\/div>\n\t\t\t\t<\/div>\n\t\t\t\t<div class=\"elementor-element elementor-element-362d50be elementor-shape-circle elementor-grid-2 e-grid-align-left e-grid-align-mobile-left elementor-widget__width-auto elementor-widget elementor-widget-social-icons\" data-id=\"362d50be\" data-element_type=\"widget\" data-widget_type=\"social-icons.default\">\n\t\t\t\t<div class=\"elementor-widget-container\">\n\t\t\t\t\t<div class=\"elementor-social-icons-wrapper elementor-grid\">\n\t\t\t\t\t\t\t<span class=\"elementor-grid-item\">\n\t\t\t\t\t<a class=\"elementor-icon elementor-social-icon elementor-social-icon-linkedin elementor-repeater-item-c7c5b59\" href=\"http:\/\/linkedin.com\" target=\"_blank\" rel=\"noopener\">\n\t\t\t\t\t\t<span class=\"elementor-screen-only\">Linkedin<\/span>\n\t\t\t\t\t\t<i class=\"fab fa-linkedin\"><\/i>\t\t\t\t\t<\/a>\n\t\t\t\t<\/span>\n\t\t\t\t\t<\/div>\n\t\t\t\t<\/div>\n\t\t\t\t<\/div>\n\t\t\t\t<div class=\"vamtam-has-theme-widget-styles elementor-element elementor-element-68e8de8f vamtam-has-underline-anim elementor-widget__width-auto elementor-widget elementor-widget-button\" data-id=\"68e8de8f\" data-element_type=\"widget\" data-widget_type=\"button.default\">\n\t\t\t\t<div class=\"elementor-widget-container\">\n\t\t\t\t\t<div class=\"elementor-button-wrapper\">\n\t\t\t<a class=\"elementor-button elementor-button-link elementor-size-sm\" href=\"https:\/\/redorangetechnologies.com\/pt\/equipa\/\">\n\t\t\t\t\t\t<span class=\"elementor-button-content-wrapper\">\n\t\t\t\t\t\t\t\t\t<span class=\"elementor-button-text\">Voltar para Membros da equipe<\/span>\n\t\t\t\t\t<\/span>\n\t\t\t\t\t<\/a>\n\t\t<\/div>\n\t\t\t\t<\/div>\n\t\t\t\t<\/div>\n\t\t\t\t\t<\/div>\n\t\t<\/div>\n\t\t\t\t\t<\/div>\n\t\t<\/section>\n\t\t\t\t<\/div>\n\t\t","protected":false},"excerpt":{"rendered":"<p>Diretor de Opera\u00e7\u00f5es do Grupo<\/p>\n","protected":false},"author":1,"featured_media":1006248,"parent":1005165,"menu_order":0,"comment_status":"closed","ping_status":"closed","template":"","meta":{"footnotes":""},"class_list":["post-1005200","page","type-page","status-publish","has-post-thumbnail","hentry"],"_links":{"self":[{"href":"https:\/\/redorangetechnologies.com\/pt\/wp-json\/wp\/v2\/pages\/1005200","targetHints":{"allow":["GET"]}}],"collection":[{"href":"https:\/\/redorangetechnologies.com\/pt\/wp-json\/wp\/v2\/pages"}],"about":[{"href":"https:\/\/redorangetechnologies.com\/pt\/wp-json\/wp\/v2\/types\/page"}],"author":[{"embeddable":true,"href":"https:\/\/redorangetechnologies.com\/pt\/wp-json\/wp\/v2\/users\/1"}],"replies":[{"embeddable":true,"href":"https:\/\/redorangetechnologies.com\/pt\/wp-json\/wp\/v2\/comments?post=1005200"}],"version-history":[{"count":4,"href":"https:\/\/redorangetechnologies.com\/pt\/wp-json\/wp\/v2\/pages\/1005200\/revisions"}],"predecessor-version":[{"id":1006122,"href":"https:\/\/redorangetechnologies.com\/pt\/wp-json\/wp\/v2\/pages\/1005200\/revisions\/1006122"}],"up":[{"embeddable":true,"href":"https:\/\/redorangetechnologies.com\/pt\/wp-json\/wp\/v2\/pages\/1005165"}],"wp:featuredmedia":[{"embeddable":true,"href":"https:\/\/redorangetechnologies.com\/pt\/wp-json\/wp\/v2\/media\/1006248"}],"wp:attachment":[{"href":"https:\/\/redorangetechnologies.com\/pt\/wp-json\/wp\/v2\/media?parent=1005200"}],"curies":[{"name":"wp","href":"https:\/\/api.w.org\/{rel}","templated":true}]}}