{"id":1005169,"date":"2023-12-21T12:53:24","date_gmt":"2023-12-21T12:53:24","guid":{"rendered":"https:\/\/redorangetechnologies.com\/equipa\/amit-sharma\/"},"modified":"2024-04-08T14:55:46","modified_gmt":"2024-04-08T14:55:46","slug":"amit-sharma","status":"publish","type":"page","link":"https:\/\/redorangetechnologies.com\/pt\/equipa\/amit-sharma\/","title":{"rendered":"Amit Sharma"},"content":{"rendered":"\t\t<div data-elementor-type=\"wp-page\" data-elementor-id=\"1005169\" class=\"elementor elementor-1005169 elementor-995782\" data-elementor-post-type=\"page\">\n\t\t\t\t\t\t<section class=\"elementor-section elementor-top-section elementor-element elementor-element-98228ee elementor-section-full_width elementor-section-height-default elementor-section-height-default\" data-id=\"98228ee\" data-element_type=\"section\">\n\t\t\t\t\t\t<div class=\"elementor-container elementor-column-gap-no\">\n\t\t\t\t\t<div class=\"elementor-column elementor-col-100 elementor-top-column elementor-element elementor-element-6e3447e\" data-id=\"6e3447e\" data-element_type=\"column\">\n\t\t\t<div class=\"elementor-widget-wrap elementor-element-populated\">\n\t\t\t\t\t\t<div class=\"vamtam-has-theme-widget-styles elementor-element elementor-element-5fe169f elementor-widget elementor-widget-text-editor\" data-id=\"5fe169f\" data-element_type=\"widget\" data-widget_type=\"text-editor.default\">\n\t\t\t\t<div class=\"elementor-widget-container\">\n\t\t\t\t\t\t\t<p>Sou um seguidor fervoroso dos desenvolvimentos no espa\u00e7o tecnol\u00f3gico e acredito que a transforma\u00e7\u00e3o tecnol\u00f3gica cont\u00ednua \u00e9 a chave para o sucesso eterno. Combinando tecnologia e executivo, adoro me aprofundar nos problemas dos clientes e resolv\u00ea-los usando tecnologia moderna. Com mais de 15 anos de experi\u00eancia na ind\u00fastria de tecnologia, sou especializado na cria\u00e7\u00e3o de SaaS e solu\u00e7\u00f5es completas de com\u00e9rcio eletr\u00f4nico.<\/p>\n<p>Ao longo dos anos, aprendi que sou bom numa s\u00e9rie de coisas, incluindo<br \/>\u2022 Elaborar uma vis\u00e3o e reunir equipas multifuncionais para apresentar inova\u00e7\u00f5es em nome dos clientes.<br \/>\u2022 Definir m\u00e9tricas de desempenho fundamentais para a utiliza\u00e7\u00e3o e o comportamento dos produtos dos clientes, incluindo o tr\u00e1fego na Web e a an\u00e1lise de bases de dados.<br \/>\u2022 Utilizar o feedback dos clientes para melhorar os produtos.<br \/>\u2022 Criar, dimensionar e otimizar com \u00eaxito solu\u00e7\u00f5es tecnol\u00f3gicas e gerir produtos ao longo de todo o ciclo de vida (Conceito&gt;Plano&gt;Desenvolvimento&gt;Itera\u00e7\u00e3o&gt;Lan\u00e7amento&gt;Medi\u00e7\u00e3o)<br \/>\u2022 Resolu\u00e7\u00e3o de problemas para clientes e colegas em todo o mundo.<\/p>\n<p>Adoro conhecer novas pessoas e ouvir novas perspectivas. Se quiser falar sobre tecnologia emergente, cria\u00e7\u00e3o de produtos de software ou badminton, entre em contacto comigo \ud83d\ude09<\/p>\n<p>Compet\u00eancias profissionais<br \/>Gest\u00e3o de produtos | An\u00e1lise de produtos | SaaS | Scrum | E-commerce | Desenvolvimento Web | Marketing digital | Mitiga\u00e7\u00e3o de riscos, gest\u00e3o da mudan\u00e7a e gest\u00e3o da rela\u00e7\u00e3o com o cliente.<br \/>Conhecimentos de dom\u00ednio<\/p>\n<p>ASP.NET | MVC | jQuery | AJAX | PHP | Angular | JavaScript |Linux | Amazon Web Services (AWS) | Constru\u00e7\u00e3o de sites e produtos de alto desempenho | Arquitetura empresarial | Melhorias de seguran\u00e7a | Solu\u00e7\u00f5es de aplica\u00e7\u00f5es<\/p>\n\t\t\t\t\t\t<\/div>\n\t\t\t\t<\/div>\n\t\t\t\t<div class=\"vamtam-has-theme-widget-styles elementor-element elementor-element-1619fcb elementor-widget elementor-widget-text-editor\" data-id=\"1619fcb\" data-element_type=\"widget\" data-widget_type=\"text-editor.default\">\n\t\t\t\t<div class=\"elementor-widget-container\">\n\t\t\t\t\t\t\t<p>&#8220;Ser diretor executivo \u00e9 uma voca\u00e7\u00e3o. N\u00e3o o devemos fazer por ser um emprego. \u00c9 uma voca\u00e7\u00e3o e temos de nos envolver nela com a cabe\u00e7a e o cora\u00e7\u00e3o.&#8221;<\/p>\n\t\t\t\t\t\t<\/div>\n\t\t\t\t<\/div>\n\t\t\t\t<div class=\"elementor-element elementor-element-209497a elementor-shape-circle elementor-grid-2 e-grid-align-left e-grid-align-mobile-left elementor-widget__width-auto elementor-widget elementor-widget-social-icons\" data-id=\"209497a\" data-element_type=\"widget\" data-widget_type=\"social-icons.default\">\n\t\t\t\t<div class=\"elementor-widget-container\">\n\t\t\t\t\t<div class=\"elementor-social-icons-wrapper elementor-grid\">\n\t\t\t\t\t\t\t<span class=\"elementor-grid-item\">\n\t\t\t\t\t<a class=\"elementor-icon elementor-social-icon elementor-social-icon-linkedin elementor-repeater-item-c7c5b59\" href=\"http:\/\/linkedin.com\" target=\"_blank\" rel=\"noopener\">\n\t\t\t\t\t\t<span class=\"elementor-screen-only\">Linkedin<\/span>\n\t\t\t\t\t\t<i class=\"fab fa-linkedin\"><\/i>\t\t\t\t\t<\/a>\n\t\t\t\t<\/span>\n\t\t\t\t\t<\/div>\n\t\t\t\t<\/div>\n\t\t\t\t<\/div>\n\t\t\t\t<div class=\"vamtam-has-theme-widget-styles elementor-element elementor-element-45531a4 vamtam-has-underline-anim elementor-widget__width-auto elementor-widget elementor-widget-button\" data-id=\"45531a4\" data-element_type=\"widget\" data-widget_type=\"button.default\">\n\t\t\t\t<div class=\"elementor-widget-container\">\n\t\t\t\t\t<div class=\"elementor-button-wrapper\">\n\t\t\t<a class=\"elementor-button elementor-button-link elementor-size-sm\" href=\"https:\/\/redorangetechnologies.com\/pt\/equipa\/\">\n\t\t\t\t\t\t<span class=\"elementor-button-content-wrapper\">\n\t\t\t\t\t\t\t\t\t<span class=\"elementor-button-text\">Voltar para Membros da equipe<\/span>\n\t\t\t\t\t<\/span>\n\t\t\t\t\t<\/a>\n\t\t<\/div>\n\t\t\t\t<\/div>\n\t\t\t\t<\/div>\n\t\t\t\t\t<\/div>\n\t\t<\/div>\n\t\t\t\t\t<\/div>\n\t\t<\/section>\n\t\t\t\t<\/div>\n\t\t","protected":false},"excerpt":{"rendered":"<p>Fundador e Diretor Executivo do Grupo<\/p>\n","protected":false},"author":1,"featured_media":1006047,"parent":1005165,"menu_order":0,"comment_status":"closed","ping_status":"closed","template":"","meta":{"footnotes":""},"class_list":["post-1005169","page","type-page","status-publish","has-post-thumbnail","hentry"],"_links":{"self":[{"href":"https:\/\/redorangetechnologies.com\/pt\/wp-json\/wp\/v2\/pages\/1005169","targetHints":{"allow":["GET"]}}],"collection":[{"href":"https:\/\/redorangetechnologies.com\/pt\/wp-json\/wp\/v2\/pages"}],"about":[{"href":"https:\/\/redorangetechnologies.com\/pt\/wp-json\/wp\/v2\/types\/page"}],"author":[{"embeddable":true,"href":"https:\/\/redorangetechnologies.com\/pt\/wp-json\/wp\/v2\/users\/1"}],"replies":[{"embeddable":true,"href":"https:\/\/redorangetechnologies.com\/pt\/wp-json\/wp\/v2\/comments?post=1005169"}],"version-history":[{"count":4,"href":"https:\/\/redorangetechnologies.com\/pt\/wp-json\/wp\/v2\/pages\/1005169\/revisions"}],"predecessor-version":[{"id":1006114,"href":"https:\/\/redorangetechnologies.com\/pt\/wp-json\/wp\/v2\/pages\/1005169\/revisions\/1006114"}],"up":[{"embeddable":true,"href":"https:\/\/redorangetechnologies.com\/pt\/wp-json\/wp\/v2\/pages\/1005165"}],"wp:featuredmedia":[{"embeddable":true,"href":"https:\/\/redorangetechnologies.com\/pt\/wp-json\/wp\/v2\/media\/1006047"}],"wp:attachment":[{"href":"https:\/\/redorangetechnologies.com\/pt\/wp-json\/wp\/v2\/media?parent=1005169"}],"curies":[{"name":"wp","href":"https:\/\/api.w.org\/{rel}","templated":true}]}}