{"id":1005127,"date":"2023-03-16T13:53:41","date_gmt":"2023-03-16T13:53:41","guid":{"rendered":"https:\/\/redorangetechnologies.com\/politica-de-privacidade\/"},"modified":"2024-04-04T11:14:47","modified_gmt":"2024-04-04T11:14:47","slug":"politica-de-privacidade","status":"publish","type":"page","link":"https:\/\/redorangetechnologies.com\/pt\/politica-de-privacidade\/","title":{"rendered":"Pol\u00edtica de privacidade"},"content":{"rendered":"\t\t<div data-elementor-type=\"wp-page\" data-elementor-id=\"1005127\" class=\"elementor elementor-1005127 elementor-1648\" data-elementor-post-type=\"page\">\n\t\t\t\t\t\t<section class=\"elementor-section elementor-top-section elementor-element elementor-element-6c5644c elementor-section-boxed elementor-section-height-default elementor-section-height-default\" data-id=\"6c5644c\" data-element_type=\"section\">\n\t\t\t\t\t\t<div class=\"elementor-container elementor-column-gap-default\">\n\t\t\t\t\t<div class=\"elementor-column elementor-col-100 elementor-top-column elementor-element elementor-element-759c98e\" data-id=\"759c98e\" data-element_type=\"column\">\n\t\t\t<div class=\"elementor-widget-wrap elementor-element-populated\">\n\t\t\t\t\t\t<div class=\"elementor-element elementor-element-9af75f0 animated-slow elementor-invisible elementor-widget elementor-widget-heading\" data-id=\"9af75f0\" data-element_type=\"widget\" data-settings=\"{&quot;_animation&quot;:&quot;fadeIn&quot;,&quot;_animation_tablet&quot;:&quot;none&quot;}\" data-widget_type=\"heading.default\">\n\t\t\t\t<div class=\"elementor-widget-container\">\n\t\t\t<h1 class=\"elementor-heading-title elementor-size-default\">Pol\u00edtica de privacidade<\/h1>\t\t<\/div>\n\t\t\t\t<\/div>\n\t\t\t\t<div class=\"elementor-element elementor-element-88a728c animated-slow elementor-invisible elementor-widget elementor-widget-heading\" data-id=\"88a728c\" data-element_type=\"widget\" data-settings=\"{&quot;_animation&quot;:&quot;fadeIn&quot;,&quot;_animation_tablet&quot;:&quot;none&quot;,&quot;_animation_delay&quot;:300}\" data-widget_type=\"heading.default\">\n\t\t\t\t<div class=\"elementor-widget-container\">\n\t\t\t<p class=\"elementor-heading-title elementor-size-default\">for Red Orange Technologies<\/p>\t\t<\/div>\n\t\t\t\t<\/div>\n\t\t\t\t<div class=\"elementor-element elementor-element-31a03c4 elementor-widget elementor-widget-spacer\" data-id=\"31a03c4\" data-element_type=\"widget\" data-widget_type=\"spacer.default\">\n\t\t\t\t<div class=\"elementor-widget-container\">\n\t\t\t\t\t<div class=\"elementor-spacer\">\n\t\t\t<div class=\"elementor-spacer-inner\"><\/div>\n\t\t<\/div>\n\t\t\t\t<\/div>\n\t\t\t\t<\/div>\n\t\t\t\t\t<\/div>\n\t\t<\/div>\n\t\t\t\t\t<\/div>\n\t\t<\/section>\n\t\t\t\t<section class=\"elementor-section elementor-top-section elementor-element elementor-element-1fcb2d8 elementor-section-boxed elementor-section-height-default elementor-section-height-default\" data-id=\"1fcb2d8\" data-element_type=\"section\">\n\t\t\t\t\t\t<div class=\"elementor-container elementor-column-gap-no\">\n\t\t\t\t\t<div class=\"elementor-column elementor-col-100 elementor-top-column elementor-element elementor-element-5923213\" data-id=\"5923213\" data-element_type=\"column\">\n\t\t\t<div class=\"elementor-widget-wrap elementor-element-populated\">\n\t\t\t\t\t\t<div class=\"vamtam-has-theme-widget-styles elementor-element elementor-element-d10225c elementor-widget elementor-widget-text-editor\" data-id=\"d10225c\" data-element_type=\"widget\" data-widget_type=\"text-editor.default\">\n\t\t\t\t<div class=\"elementor-widget-container\">\n\t\t\t\t\t\t\t<p>Esta Pol\u00edtica de Privacidade (&#8220;Pol\u00edtica&#8221;) explica como a <strong>Red Orange Technologies Pvt Ltd<\/strong> (&#8220;Empresa&#8221;, &#8220;N\u00f3s&#8221;, &#8220;Nos&#8221; ou &#8220;Nosso&#8221;) recolhe, utiliza, divulga e salvaguarda as informa\u00e7\u00f5es pessoais dos utilizadores (&#8220;Utilizador&#8221; ou &#8220;Voc\u00ea&#8221;) quando utilizam o nosso website e os servi\u00e7os relacionados (&#8220;Servi\u00e7os&#8221;). Estamos empenhados em respeitar e proteger a sua privacidade e esta Pol\u00edtica descreve as nossas pr\u00e1ticas relativamente aos seus dados pessoais.<\/p>\n\t\t\t\t\t\t<\/div>\n\t\t\t\t<\/div>\n\t\t\t\t<div class=\"elementor-element elementor-element-4a7087e elementor-widget elementor-widget-heading\" data-id=\"4a7087e\" data-element_type=\"widget\" data-widget_type=\"heading.default\">\n\t\t\t\t<div class=\"elementor-widget-container\">\n\t\t\t<h3 class=\"elementor-heading-title elementor-size-default\">1. Informa\u00e7\u00f5es que recolhemos<\/h3>\t\t<\/div>\n\t\t\t\t<\/div>\n\t\t\t\t<div class=\"vamtam-has-theme-widget-styles elementor-element elementor-element-ff17bec elementor-widget elementor-widget-text-editor\" data-id=\"ff17bec\" data-element_type=\"widget\" data-widget_type=\"text-editor.default\">\n\t\t\t\t<div class=\"elementor-widget-container\">\n\t\t\t\t\t\t\t<p>1.1. Informa\u00e7\u00f5es pessoais:<\/p>\n<p>Podemos recolher informa\u00e7\u00f5es pessoais, como o seu nome, endere\u00e7o de correio eletr\u00f3nico, n\u00famero de telefone e quaisquer outras informa\u00e7\u00f5es que nos forne\u00e7a voluntariamente atrav\u00e9s de formul\u00e1rios de contacto, formul\u00e1rios de registo ou comunica\u00e7\u00e3o direta.<\/p>\n<p><span style=\"color: var( --e-global-color-vamtam_accent_8 ); letter-spacing: var(--vamtam-primary-font-letter-spacing-desktop,normal); text-transform: var(--vamtam-primary-font-transform,none);\">1.2. Informa\u00e7\u00f5es de utiliza\u00e7\u00e3o:<\/span><\/p>\n<p>Recolhemos informa\u00e7\u00f5es n\u00e3o pessoais relacionadas com a sua utiliza\u00e7\u00e3o do Web site, tais como o endere\u00e7o IP, o tipo de browser, o sistema operativo, as p\u00e1ginas visitadas e outros dados de utiliza\u00e7\u00e3o para melhorar e aperfei\u00e7oar os nossos Servi\u00e7os.<\/p>\n\t\t\t\t\t\t<\/div>\n\t\t\t\t<\/div>\n\t\t\t\t<div class=\"elementor-element elementor-element-066c896 elementor-widget elementor-widget-heading\" data-id=\"066c896\" data-element_type=\"widget\" data-widget_type=\"heading.default\">\n\t\t\t\t<div class=\"elementor-widget-container\">\n\t\t\t<h3 class=\"elementor-heading-title elementor-size-default\">2. Utiliza\u00e7\u00e3o das informa\u00e7\u00f5es<\/h3>\t\t<\/div>\n\t\t\t\t<\/div>\n\t\t\t\t<div class=\"vamtam-has-theme-widget-styles elementor-element elementor-element-783a250 elementor-widget elementor-widget-text-editor\" data-id=\"783a250\" data-element_type=\"widget\" data-widget_type=\"text-editor.default\">\n\t\t\t\t<div class=\"elementor-widget-container\">\n\t\t\t\t\t\t\t<p>2.1. Presta\u00e7\u00e3o de servi\u00e7os:<\/p>\n<p>Utilizamos as informa\u00e7\u00f5es recolhidas para prestar os nossos Servi\u00e7os, responder a quest\u00f5es, fornecer apoio t\u00e9cnico e comunicar com o utilizador sobre actualiza\u00e7\u00f5es, promo\u00e7\u00f5es e informa\u00e7\u00f5es importantes relacionadas com os nossos Servi\u00e7os.<\/p>\n<p><span style=\"color: var( --e-global-color-vamtam_accent_8 ); letter-spacing: var(--vamtam-primary-font-letter-spacing-desktop,normal); text-transform: var(--vamtam-primary-font-transform,none);\">2.2. Melhorar a experi\u00eancia do utilizador:<\/span><\/p>\n<p>Analisamos os padr\u00f5es e prefer\u00eancias de utiliza\u00e7\u00e3o para melhorar o nosso Web site, adaptar o conte\u00fado e melhorar a experi\u00eancia do utilizador, com o objetivo de tornar os nossos Servi\u00e7os mais relevantes e f\u00e1ceis de utilizar.<\/p>\n<p>2.3. Marketing e comunica\u00e7\u00f5es:<\/p>\n<p>Com o seu consentimento, podemos utilizar as suas informa\u00e7\u00f5es de contacto para lhe enviar materiais promocionais, boletins informativos e outras comunica\u00e7\u00f5es sobre os nossos Servi\u00e7os, actualiza\u00e7\u00f5es e eventos.<\/p>\n\t\t\t\t\t\t<\/div>\n\t\t\t\t<\/div>\n\t\t\t\t<div class=\"elementor-element elementor-element-d40b075 elementor-widget elementor-widget-heading\" data-id=\"d40b075\" data-element_type=\"widget\" data-widget_type=\"heading.default\">\n\t\t\t\t<div class=\"elementor-widget-container\">\n\t\t\t<h3 class=\"elementor-heading-title elementor-size-default\">3. Partilha e divulga\u00e7\u00e3o de dados<\/h3>\t\t<\/div>\n\t\t\t\t<\/div>\n\t\t\t\t<div class=\"vamtam-has-theme-widget-styles elementor-element elementor-element-9e1f706 elementor-widget elementor-widget-text-editor\" data-id=\"9e1f706\" data-element_type=\"widget\" data-widget_type=\"text-editor.default\">\n\t\t\t\t<div class=\"elementor-widget-container\">\n\t\t\t\t\t\t\t<p>3.1. Prestadores de servi\u00e7os terceiros:<\/p>\n<p>Podemos partilhar as suas informa\u00e7\u00f5es com fornecedores de servi\u00e7os terceiros que nos ajudam a operar o nosso Website e a fornecer os nossos Servi\u00e7os. Estes fornecedores de servi\u00e7os t\u00eam acesso \u00e0s suas informa\u00e7\u00f5es pessoais apenas para realizar tarefas espec\u00edficas em nosso nome e s\u00e3o obrigados a n\u00e3o as divulgar ou utilizar para qualquer outro fim.<\/p>\n<p><span style=\"color: var( --e-global-color-vamtam_accent_8 ); letter-spacing: var(--vamtam-primary-font-letter-spacing-desktop,normal); text-transform: var(--vamtam-primary-font-transform,none);\">3.2. Conformidade legal:<\/span><\/p>\n<p>Podemos divulgar informa\u00e7\u00f5es pessoais se formos obrigados a faz\u00ea-lo por lei ou em resposta a pedidos v\u00e1lidos de autoridades p\u00fablicas (por exemplo, um tribunal ou uma ag\u00eancia governamental).<\/p>\n\t\t\t\t\t\t<\/div>\n\t\t\t\t<\/div>\n\t\t\t\t<div class=\"elementor-element elementor-element-d353418 elementor-widget elementor-widget-heading\" data-id=\"d353418\" data-element_type=\"widget\" data-widget_type=\"heading.default\">\n\t\t\t\t<div class=\"elementor-widget-container\">\n\t\t\t<h3 class=\"elementor-heading-title elementor-size-default\">4. Cookies e rastreio<\/h3>\t\t<\/div>\n\t\t\t\t<\/div>\n\t\t\t\t<div class=\"vamtam-has-theme-widget-styles elementor-element elementor-element-c1d6aef elementor-widget elementor-widget-text-editor\" data-id=\"c1d6aef\" data-element_type=\"widget\" data-widget_type=\"text-editor.default\">\n\t\t\t\t<div class=\"elementor-widget-container\">\n\t\t\t\t\t\t\t<p>4.1. Cookies:<\/p>\n<p>Utilizamos cookies para recolher informa\u00e7\u00f5es e melhorar a sua experi\u00eancia no nosso s\u00edtio Web. O utilizador pode modificar as defini\u00e7\u00f5es do seu browser para gerir os cookies ou para o notificar quando um cookie \u00e9 definido.<\/p>\n\t\t\t\t\t\t<\/div>\n\t\t\t\t<\/div>\n\t\t\t\t<div class=\"elementor-element elementor-element-8f35eb0 elementor-widget elementor-widget-heading\" data-id=\"8f35eb0\" data-element_type=\"widget\" data-widget_type=\"heading.default\">\n\t\t\t\t<div class=\"elementor-widget-container\">\n\t\t\t<h3 class=\"elementor-heading-title elementor-size-default\">5. Seguran\u00e7a<\/h3>\t\t<\/div>\n\t\t\t\t<\/div>\n\t\t\t\t<div class=\"vamtam-has-theme-widget-styles elementor-element elementor-element-1222307 elementor-widget elementor-widget-text-editor\" data-id=\"1222307\" data-element_type=\"widget\" data-widget_type=\"text-editor.default\">\n\t\t\t\t<div class=\"elementor-widget-container\">\n\t\t\t\t\t\t\t<p>5.1. Implementamos medidas de seguran\u00e7a adequadas para proteger contra o acesso n\u00e3o autorizado, a altera\u00e7\u00e3o, a divulga\u00e7\u00e3o ou a destrui\u00e7\u00e3o das suas informa\u00e7\u00f5es pessoais.<\/p>\n\t\t\t\t\t\t<\/div>\n\t\t\t\t<\/div>\n\t\t\t\t<div class=\"elementor-element elementor-element-d16466d elementor-widget elementor-widget-heading\" data-id=\"d16466d\" data-element_type=\"widget\" data-widget_type=\"heading.default\">\n\t\t\t\t<div class=\"elementor-widget-container\">\n\t\t\t<h3 class=\"elementor-heading-title elementor-size-default\">6. Liga\u00e7\u00f5es a s\u00edtios de terceiros<\/h3>\t\t<\/div>\n\t\t\t\t<\/div>\n\t\t\t\t<div class=\"vamtam-has-theme-widget-styles elementor-element elementor-element-5607521 elementor-widget elementor-widget-text-editor\" data-id=\"5607521\" data-element_type=\"widget\" data-widget_type=\"text-editor.default\">\n\t\t\t\t<div class=\"elementor-widget-container\">\n\t\t\t\t\t\t\t<p>6.1. O nosso s\u00edtio Web pode conter liga\u00e7\u00f5es para s\u00edtios Web ou servi\u00e7os de terceiros. N\u00e3o somos respons\u00e1veis pelas pr\u00e1ticas de privacidade ou pelo conte\u00fado desses s\u00edtios Web. Aconselhamos o utilizador a rever as pol\u00edticas de privacidade de quaisquer sites de terceiros que visite.<\/p>\n\t\t\t\t\t\t<\/div>\n\t\t\t\t<\/div>\n\t\t\t\t<div class=\"elementor-element elementor-element-3b296b7 elementor-widget elementor-widget-heading\" data-id=\"3b296b7\" data-element_type=\"widget\" data-widget_type=\"heading.default\">\n\t\t\t\t<div class=\"elementor-widget-container\">\n\t\t\t<h3 class=\"elementor-heading-title elementor-size-default\">7. Altera\u00e7\u00f5es \u00e0 presente pol\u00edtica de privacidade<\/h3>\t\t<\/div>\n\t\t\t\t<\/div>\n\t\t\t\t<div class=\"vamtam-has-theme-widget-styles elementor-element elementor-element-e938a0e elementor-widget elementor-widget-text-editor\" data-id=\"e938a0e\" data-element_type=\"widget\" data-widget_type=\"text-editor.default\">\n\t\t\t\t<div class=\"elementor-widget-container\">\n\t\t\t\t\t\t\t<p>7.1. Reservamo-nos o direito de modificar esta Pol\u00edtica de Privacidade em qualquer altura. Notific\u00e1-lo-emos de quaisquer altera\u00e7\u00f5es actualizando a data da &#8220;\u00daltima atualiza\u00e7\u00e3o&#8221; no topo desta Pol\u00edtica. A utiliza\u00e7\u00e3o continuada dos nossos Servi\u00e7os ap\u00f3s quaisquer modifica\u00e7\u00f5es indica a aceita\u00e7\u00e3o da Pol\u00edtica revista.<\/p><\/p>\n\t\t\t\t\t\t<\/div>\n\t\t\t\t<\/div>\n\t\t\t\t<div class=\"elementor-element elementor-element-9c36b76 elementor-widget elementor-widget-heading\" data-id=\"9c36b76\" data-element_type=\"widget\" data-widget_type=\"heading.default\">\n\t\t\t\t<div class=\"elementor-widget-container\">\n\t\t\t<h3 class=\"elementor-heading-title elementor-size-default\">8. Contactar-nos<\/h3>\t\t<\/div>\n\t\t\t\t<\/div>\n\t\t\t\t<div class=\"vamtam-has-theme-widget-styles elementor-element elementor-element-87e8bdc elementor-widget elementor-widget-text-editor\" data-id=\"87e8bdc\" data-element_type=\"widget\" data-widget_type=\"text-editor.default\">\n\t\t\t\t<div class=\"elementor-widget-container\">\n\t\t\t\t\t\t\t<p>8.1. Se tiver quaisquer quest\u00f5es, preocupa\u00e7\u00f5es ou pedidos relativos a esta Pol\u00edtica de Privacidade ou aos seus dados pessoais, contacte-nos atrav\u00e9s do endere\u00e7o <strong>contact@redorangetechnologies.com<\/strong> ou visite a sec\u00e7\u00e3o &#8220;<u>Contacte-nos<\/u>&#8221; do nosso s\u00edtio Web <strong>www.redorangetechnologies.com<\/strong><\/p>\n<p>Ao utilizar o nosso Web site e os nossos servi\u00e7os, o utilizador concorda com os termos da presente Pol\u00edtica de privacidade. Se o utilizador n\u00e3o concordar com esta Pol\u00edtica, deve abster-se de utilizar o nosso S\u00edtio Web e os nossos Servi\u00e7os.<\/p>\n\t\t\t\t\t\t<\/div>\n\t\t\t\t<\/div>\n\t\t\t\t\t<\/div>\n\t\t<\/div>\n\t\t\t\t\t<\/div>\n\t\t<\/section>\n\t\t\t\t<\/div>\n\t\t","protected":false},"excerpt":{"rendered":"<p>Pol\u00edtica de privacidade for Red Orange Technologies Esta Pol\u00edtica de Privacidade (&#8220;Pol\u00edtica&#8221;) explica como a Red Orange Technologies Pvt Ltd (&#8220;Empresa&#8221;, &#8220;N\u00f3s&#8221;, &#8220;Nos&#8221; ou &#8220;Nosso&#8221;) recolhe, utiliza, divulga e salvaguarda as informa\u00e7\u00f5es pessoais dos utilizadores (&#8220;Utilizador&#8221; ou &#8220;Voc\u00ea&#8221;) quando utilizam o nosso website e os servi\u00e7os relacionados (&#8220;Servi\u00e7os&#8221;). Estamos empenhados em respeitar e proteger a&#8230;<\/p>\n","protected":false},"author":1,"featured_media":0,"parent":0,"menu_order":0,"comment_status":"closed","ping_status":"closed","template":"","meta":{"footnotes":""},"class_list":["post-1005127","page","type-page","status-publish","hentry"],"_links":{"self":[{"href":"https:\/\/redorangetechnologies.com\/pt\/wp-json\/wp\/v2\/pages\/1005127","targetHints":{"allow":["GET"]}}],"collection":[{"href":"https:\/\/redorangetechnologies.com\/pt\/wp-json\/wp\/v2\/pages"}],"about":[{"href":"https:\/\/redorangetechnologies.com\/pt\/wp-json\/wp\/v2\/types\/page"}],"author":[{"embeddable":true,"href":"https:\/\/redorangetechnologies.com\/pt\/wp-json\/wp\/v2\/users\/1"}],"replies":[{"embeddable":true,"href":"https:\/\/redorangetechnologies.com\/pt\/wp-json\/wp\/v2\/comments?post=1005127"}],"version-history":[{"count":1,"href":"https:\/\/redorangetechnologies.com\/pt\/wp-json\/wp\/v2\/pages\/1005127\/revisions"}],"predecessor-version":[{"id":1005128,"href":"https:\/\/redorangetechnologies.com\/pt\/wp-json\/wp\/v2\/pages\/1005127\/revisions\/1005128"}],"wp:attachment":[{"href":"https:\/\/redorangetechnologies.com\/pt\/wp-json\/wp\/v2\/media?parent=1005127"}],"curies":[{"name":"wp","href":"https:\/\/api.w.org\/{rel}","templated":true}]}}