{"id":997792,"date":"2023-11-20T12:26:01","date_gmt":"2023-11-20T12:26:01","guid":{"rendered":"https:\/\/redorangetechnologies.com\/losninger\/salesforce-utvikling\/"},"modified":"2024-01-11T08:16:35","modified_gmt":"2024-01-11T08:16:35","slug":"salesforce-utvikling","status":"publish","type":"page","link":"https:\/\/redorangetechnologies.com\/no\/losninger\/salesforce-utvikling\/","title":{"rendered":"Salesforce utvikling"},"content":{"rendered":"\t\t<div data-elementor-type=\"wp-page\" data-elementor-id=\"997792\" class=\"elementor elementor-997792 elementor-994285\" data-elementor-post-type=\"page\">\n\t\t\t\t\t\t<section class=\"elementor-section elementor-top-section elementor-element elementor-element-6de4759 elementor-section-boxed elementor-section-height-default elementor-section-height-default\" data-id=\"6de4759\" data-element_type=\"section\">\n\t\t\t\t\t\t<div class=\"elementor-container elementor-column-gap-default\">\n\t\t\t\t\t<div class=\"elementor-column elementor-col-100 elementor-top-column elementor-element elementor-element-91ec540\" data-id=\"91ec540\" data-element_type=\"column\">\n\t\t\t<div class=\"elementor-widget-wrap elementor-element-populated\">\n\t\t\t\t\t\t<div class=\"elementor-element elementor-element-0babcfe elementor-widget elementor-widget-shortcode\" data-id=\"0babcfe\" data-element_type=\"widget\" data-widget_type=\"shortcode.default\">\n\t\t\t\t<div class=\"elementor-widget-container\">\n\t\t\t\t\t<div class=\"elementor-shortcode\"><nav aria-label=\"breadcrumbs\" class=\"rank-math-breadcrumb\"><p><span class=\"last\">Home<\/span><\/p><\/nav><\/div>\n\t\t\t\t<\/div>\n\t\t\t\t<\/div>\n\t\t\t\t\t<\/div>\n\t\t<\/div>\n\t\t\t\t\t<\/div>\n\t\t<\/section>\n\t\t\t\t<section class=\"elementor-section elementor-top-section elementor-element elementor-element-9f3e859 elementor-section-boxed elementor-section-height-default elementor-section-height-default\" data-id=\"9f3e859\" data-element_type=\"section\">\n\t\t\t\t\t\t<div class=\"elementor-container elementor-column-gap-no\">\n\t\t\t\t\t<div class=\"elementor-column elementor-col-100 elementor-top-column elementor-element elementor-element-7893138\" data-id=\"7893138\" data-element_type=\"column\">\n\t\t\t<div class=\"elementor-widget-wrap elementor-element-populated\">\n\t\t\t\t\t\t<div class=\"elementor-element elementor-element-a88ace9 elementor-widget__width-auto elementor-widget elementor-widget-heading\" data-id=\"a88ace9\" data-element_type=\"widget\" data-widget_type=\"heading.default\">\n\t\t\t\t<div class=\"elementor-widget-container\">\n\t\t\t<div class=\"elementor-heading-title elementor-size-default\">Ansett en Salesforce-utvikler<\/div>\t\t<\/div>\n\t\t\t\t<\/div>\n\t\t\t\t<div class=\"vamtam-has-theme-widget-styles elementor-element elementor-element-edd9d47 elementor-widget elementor-widget-text-editor\" data-id=\"edd9d47\" data-element_type=\"widget\" data-widget_type=\"text-editor.default\">\n\t\t\t\t<div class=\"elementor-widget-container\">\n\t\t\t\t\t\t\tRed Orange Technologies hjelper deg med \u00e5 ansette Salesforce-utviklere p\u00e5 en umiddelbar basis basert p\u00e5 dine krav. V\u00e5rt team av utviklere hjelper deg med \u00e5 n\u00e5 alle m\u00e5lene dine og str\u00f8mlinjeforme forretningsprosessene akkurat slik du vil ha dem!\n\nAnsett Salesforce-utviklere vil hjelpe deg med \u00e5 bygge og distribuere applikasjoner som lar deg tilby personlig tilpassede l\u00f8sninger til kundene dine og forbedre den generelle opplevelsen deres samtidig som du engasjerer deg i virksomheten din.\n\nVi lar deg ansette Salesforce-utviklere uten behov for en kjedelig rekrutteringsprosess. Vi hindrer deg i \u00e5 bruke tid, penger og krefter p\u00e5 \u00e5 legge ut annonser, samle CV, ansette og l\u00e6re opp nye fagfolk ved \u00e5 gi deg dyktige og dedikerte ressurser som begynner \u00e5 jobbe med prosjektene dine med en gang.\n\nV\u00e6r trygg p\u00e5 at v\u00e5re sertifiserte Salesforce-utviklere er dyktige i \u00e5 bruke de nyeste verkt\u00f8yene og teknologiene for \u00e5 hjelpe deg med \u00e5 holde deg i forkant og skape din nisje i bransjen du opererer i.\n\nSom et ledende Salesforce-utviklingsselskap har han f\u00e5tt mange \u00e5rs erfaring med \u00e5 tilby helhetlige tjenester til kunder over hele verden. Teamet v\u00e5rt av sertifiserte Salesforce-utviklere er grundig oppl\u00e6rt til \u00e5 forst\u00e5 dine forretningsbehov og skreddersy l\u00f8sninger som er unike for din organisasjon.\n\nTeamet v\u00e5rt med ekspert Salesforce-konsulenter er dedikert til \u00e5 sikre at virksomheten din oppn\u00e5r m\u00e5l utover forventningene. Gjennom v\u00e5r strategiske og skreddersydde tiln\u00e6rming hjelper vi deg med \u00e5 realisere \u00f8kt verdi for din virksomhet.\n<ul class=\"ulstyle\">\n \t<li>V\u00e5re sertifiserte og dyktige Salesforce-konsulenter vil veilede deg gjennom hele prosessen.<\/li>\n \t<li>Vi har ekspertise innen b\u00e5de Sales Cloud og Service Cloud.<\/li>\n \t<li>Egendefinert Force.com-applikasjon.<\/li>\n<\/ul>\nHva kan du forvente?\n\nV\u00e5re Salesforce-konsulenter hjelper salgs-, kundeservice-, markedsf\u00f8rings- og teknologiteamene dine, oversetter visjon til teknologil\u00f8sninger og endrer atferd, ikke bare teknologi.\n\nVi tilbyr ende-til-ende Salesforce-konsulenttjenester for skyen som involverer utvikling av applikasjoner, samarbeid med skyapplikasjoner og st\u00f8tte for skyl\u00f8sninger for sluttbrukerne dine. Vi integrerer organisasjonens eksisterende systemer til \u00e9n sentralisert og tilgjengelig plattform.\t\t\t\t\t\t<\/div>\n\t\t\t\t<\/div>\n\t\t\t\t\t<\/div>\n\t\t<\/div>\n\t\t\t\t\t<\/div>\n\t\t<\/section>\n\t\t\t\t<section class=\"elementor-section elementor-top-section elementor-element elementor-element-fdb68e1 elementor-section-items-stretch elementor-section-content-bottom elementor-section-height-min-height elementor-section-boxed elementor-section-height-default\" data-id=\"fdb68e1\" data-element_type=\"section\" data-settings=\"{&quot;background_background&quot;:&quot;classic&quot;}\">\n\t\t\t\t\t\t<div class=\"elementor-container elementor-column-gap-no\">\n\t\t\t\t\t<div class=\"elementor-column elementor-col-50 elementor-top-column elementor-element elementor-element-ccd8523\" data-id=\"ccd8523\" data-element_type=\"column\" data-settings=\"{&quot;background_background&quot;:&quot;classic&quot;}\">\n\t\t\t<div class=\"elementor-widget-wrap elementor-element-populated\">\n\t\t\t\t\t\t<div class=\"elementor-element elementor-element-d81eafd elementor-widget elementor-widget-spacer\" data-id=\"d81eafd\" data-element_type=\"widget\" data-widget_type=\"spacer.default\">\n\t\t\t\t<div class=\"elementor-widget-container\">\n\t\t\t\t\t<div class=\"elementor-spacer\">\n\t\t\t<div class=\"elementor-spacer-inner\"><\/div>\n\t\t<\/div>\n\t\t\t\t<\/div>\n\t\t\t\t<\/div>\n\t\t\t\t\t<\/div>\n\t\t<\/div>\n\t\t\t\t<div class=\"elementor-column elementor-col-50 elementor-top-column elementor-element elementor-element-f140a3c\" data-id=\"f140a3c\" data-element_type=\"column\">\n\t\t\t<div class=\"elementor-widget-wrap elementor-element-populated\">\n\t\t\t\t\t\t<div class=\"elementor-element elementor-element-42ed495 elementor-widget elementor-widget-heading\" data-id=\"42ed495\" data-element_type=\"widget\" data-widget_type=\"heading.default\">\n\t\t\t\t<div class=\"elementor-widget-container\">\n\t\t\t<h2 class=\"elementor-heading-title elementor-size-default\">V\u00e5r Salesforce-utviklingstjeneste<\/h2>\t\t<\/div>\n\t\t\t\t<\/div>\n\t\t\t\t<div class=\"vamtam-has-theme-widget-styles elementor-element elementor-element-4fa55e7 elementor-widget-mobile__width-inherit elementor-widget elementor-widget-text-editor\" data-id=\"4fa55e7\" data-element_type=\"widget\" data-widget_type=\"text-editor.default\">\n\t\t\t\t<div class=\"elementor-widget-container\">\n\t\t\t\t\t\t\t<ul class=\"ulstyle\">\n \t<li>Salesforce implementering.<\/li>\n \t<li>Salesforce r\u00e5dgivning.<\/li>\n \t<li>Salesforce-migrering.<\/li>\n \t<li>Salesforce-integrasjon.<\/li>\n \t<li>Salesforce-tilpasning.<\/li>\n \t<li>Salesforce-apputvikling.<\/li>\n \t<li>Salesforce-st\u00f8tte.<\/li>\n<\/ul>\t\t\t\t\t\t<\/div>\n\t\t\t\t<\/div>\n\t\t\t\t\t<\/div>\n\t\t<\/div>\n\t\t\t\t\t<\/div>\n\t\t<\/section>\n\t\t\t\t<section class=\"elementor-section elementor-top-section elementor-element elementor-element-bfa3e71 elementor-section-boxed elementor-section-height-default elementor-section-height-default\" data-id=\"bfa3e71\" data-element_type=\"section\" data-settings=\"{&quot;background_background&quot;:&quot;classic&quot;}\">\n\t\t\t\t\t\t<div class=\"elementor-container elementor-column-gap-default\">\n\t\t\t\t\t<div class=\"elementor-column elementor-col-100 elementor-top-column elementor-element elementor-element-d171d31\" data-id=\"d171d31\" data-element_type=\"column\">\n\t\t\t<div class=\"elementor-widget-wrap elementor-element-populated\">\n\t\t\t\t\t\t<section class=\"elementor-section elementor-inner-section elementor-element elementor-element-ca02b74 elementor-section-content-middle elementor-section-boxed elementor-section-height-default elementor-section-height-default\" data-id=\"ca02b74\" data-element_type=\"section\">\n\t\t\t\t\t\t<div class=\"elementor-container elementor-column-gap-default\">\n\t\t\t\t\t<div class=\"elementor-column elementor-col-50 elementor-inner-column elementor-element elementor-element-b929534\" data-id=\"b929534\" data-element_type=\"column\">\n\t\t\t<div class=\"elementor-widget-wrap elementor-element-populated\">\n\t\t\t\t\t\t<div class=\"elementor-element elementor-element-51d4084 elementor-widget elementor-widget-heading\" data-id=\"51d4084\" data-element_type=\"widget\" data-widget_type=\"heading.default\">\n\t\t\t\t<div class=\"elementor-widget-container\">\n\t\t\t<h2 class=\"elementor-heading-title elementor-size-default\">En tre-trinns prosess for \u00e5 ansette en Salesforce-utvikler<\/h2>\t\t<\/div>\n\t\t\t\t<\/div>\n\t\t\t\t<div class=\"vamtam-has-theme-widget-styles elementor-element elementor-element-63ee2da elementor-widget elementor-widget-text-editor\" data-id=\"63ee2da\" data-element_type=\"widget\" data-widget_type=\"text-editor.default\">\n\t\t\t\t<div class=\"elementor-widget-container\">\n\t\t\t\t\t\t\t<ul class=\"ulstyle\">\n \t<li>Gi oss beskjed om dine krav.<\/li>\n \t<li>Diskuter prosjektet ditt med v\u00e5re eksperter.<\/li>\n \t<li>Fullf\u00f8r engasjementsvilk\u00e5rene og kom i gang.<\/li>\n<\/ul>\t\t\t\t\t\t<\/div>\n\t\t\t\t<\/div>\n\t\t\t\t<div class=\"vamtam-has-theme-widget-styles elementor-element elementor-element-bc2ef4d elementor-widget elementor-widget-text-editor\" data-id=\"bc2ef4d\" data-element_type=\"widget\" data-widget_type=\"text-editor.default\">\n\t\t\t\t<div class=\"elementor-widget-container\">\n\t\t\t\t\t\t\t<p>Prosessen med \u00e5 ansette en Salesforce-utvikler er ganske enkel. Med disse tre trinnene vil vi st\u00f8tte deg og din organisasjon med en helhetlig og erfaren Salesforce-utvikler. Hjelp deg med \u00e5 n\u00e5 organisasjonens m\u00e5l og krav \u2013 innenfor den fastsatte tidsrammen og til avtalt pris.<\/p>\n\t\t\t\t\t\t<\/div>\n\t\t\t\t<\/div>\n\t\t\t\t\t<\/div>\n\t\t<\/div>\n\t\t\t\t<div class=\"elementor-column elementor-col-50 elementor-inner-column elementor-element elementor-element-db98f76\" data-id=\"db98f76\" data-element_type=\"column\">\n\t\t\t<div class=\"elementor-widget-wrap elementor-element-populated\">\n\t\t\t\t\t\t<div class=\"elementor-element elementor-element-1b02a34 elementor-widget elementor-widget-image\" data-id=\"1b02a34\" data-element_type=\"widget\" data-widget_type=\"image.default\">\n\t\t\t\t<div class=\"elementor-widget-container\">\n\t\t\t\t\t\t\t\t\t\t\t\t\t<img fetchpriority=\"high\" decoding=\"async\" width=\"525\" height=\"350\" src=\"https:\/\/redorangetechnologies.com\/wp-content\/uploads\/2023\/11\/team.png\" class=\"attachment-full size-full wp-image-994670\" alt=\"web development\" \/>\t\t\t\t\t\t\t\t\t\t\t\t\t<\/div>\n\t\t\t\t<\/div>\n\t\t\t\t\t<\/div>\n\t\t<\/div>\n\t\t\t\t\t<\/div>\n\t\t<\/section>\n\t\t\t\t<section class=\"elementor-section elementor-inner-section elementor-element elementor-element-9dced4c elementor-section-content-middle elementor-section-boxed elementor-section-height-default elementor-section-height-default\" data-id=\"9dced4c\" data-element_type=\"section\">\n\t\t\t\t\t\t<div class=\"elementor-container elementor-column-gap-default\">\n\t\t\t\t\t<div class=\"elementor-column elementor-col-100 elementor-inner-column elementor-element elementor-element-01a41b7\" data-id=\"01a41b7\" data-element_type=\"column\">\n\t\t\t<div class=\"elementor-widget-wrap elementor-element-populated\">\n\t\t\t\t\t\t<div class=\"elementor-element elementor-element-e10e656 elementor-widget elementor-widget-heading\" data-id=\"e10e656\" data-element_type=\"widget\" data-widget_type=\"heading.default\">\n\t\t\t\t<div class=\"elementor-widget-container\">\n\t\t\t<h2 class=\"elementor-heading-title elementor-size-default\">Vi gir en bevist kvalitetsprosess i v\u00e5rt samarbeid<\/h2>\t\t<\/div>\n\t\t\t\t<\/div>\n\t\t\t\t\t<\/div>\n\t\t<\/div>\n\t\t\t\t\t<\/div>\n\t\t<\/section>\n\t\t\t\t<section class=\"elementor-section elementor-inner-section elementor-element elementor-element-009759e elementor-section-boxed elementor-section-height-default elementor-section-height-default\" data-id=\"009759e\" data-element_type=\"section\">\n\t\t\t\t\t\t<div class=\"elementor-container elementor-column-gap-default\">\n\t\t\t\t\t<div class=\"elementor-column elementor-col-50 elementor-inner-column elementor-element elementor-element-4ee02b6\" data-id=\"4ee02b6\" data-element_type=\"column\">\n\t\t\t<div class=\"elementor-widget-wrap elementor-element-populated\">\n\t\t\t\t\t\t<div class=\"vamtam-has-theme-widget-styles elementor-element elementor-element-ee1842e elementor-widget elementor-widget-text-editor\" data-id=\"ee1842e\" data-element_type=\"widget\" data-widget_type=\"text-editor.default\">\n\t\t\t\t<div class=\"elementor-widget-container\">\n\t\t\t\t\t\t\t<p><strong>LYTTE<\/strong><\/p>\n<p>Vi legger til rette for en forbindelse med v\u00e5rt team av eksperter, som flittig fors\u00f8ker \u00e5 forst\u00e5 vanskelighetene ved dine forretningskrav og utfordringene knyttet til din eksisterende implementering. Dette oppn\u00e5s ved \u00e5 stille relevante sp\u00f8rsm\u00e5l for \u00e5 bygge v\u00e5r forst\u00e5else av din situasjon.<\/p>\n<\/p>\n<p><strong>FORESL\u00c5<\/strong><\/p>\n<p>V\u00e5r tiln\u00e6rming inneb\u00e6rer \u00e5 levere optimale l\u00f8sninger p\u00e5 intrikate forretningsutfordringer ved \u00e5 prioritere det som passer best til b\u00e5de virksomhetens og kundenes interesser, i stedet for \u00e5 p\u00e5tvinge v\u00e5re forutsetninger. Dette legemliggj\u00f8r v\u00e5r genuine tolkning av digital transformasjon.<\/p>\n\t\t\t\t\t\t<\/div>\n\t\t\t\t<\/div>\n\t\t\t\t\t<\/div>\n\t\t<\/div>\n\t\t\t\t<div class=\"elementor-column elementor-col-50 elementor-inner-column elementor-element elementor-element-5381804\" data-id=\"5381804\" data-element_type=\"column\">\n\t\t\t<div class=\"elementor-widget-wrap elementor-element-populated\">\n\t\t\t\t\t\t<div class=\"vamtam-has-theme-widget-styles elementor-element elementor-element-189d215 elementor-widget elementor-widget-text-editor\" data-id=\"189d215\" data-element_type=\"widget\" data-widget_type=\"text-editor.default\">\n\t\t\t\t<div class=\"elementor-widget-container\">\n\t\t\t\t\t\t\t<p><strong>IMPLEMENTERE<\/strong><\/p>\n<p>V\u00e5r filosofi sentrerer rundt samarbeid i stedet for \u00e5 jobbe for noen individuelt, og erkjenner at kollektiv innsats gir st\u00f8rre resultater. Som din dedikerte partner tar vi ansvar for \u00e5 fremme din og bedriftens suksess gjennom effektiv implementering.<\/p>\n<\/p>\n<p><strong>REPETERE<\/strong><\/p>\n<p>V\u00e5rt engasjement dreier seg om kontinuerlig forbedring i stedet for \u00e5 strebe etter perfeksjon. F\u00f8lgelig lytter vi aktivt til tilbakemeldingene dine og retter v\u00e5r innsats mot p\u00e5g\u00e5ende forbedringer ved hver milep\u00e6l, sprint og utgivelse.<\/p>\n\t\t\t\t\t\t<\/div>\n\t\t\t\t<\/div>\n\t\t\t\t\t<\/div>\n\t\t<\/div>\n\t\t\t\t\t<\/div>\n\t\t<\/section>\n\t\t\t\t\t<\/div>\n\t\t<\/div>\n\t\t\t\t\t<\/div>\n\t\t<\/section>\n\t\t\t\t<\/div>\n\t\t","protected":false},"excerpt":{"rendered":"<p>Red Orange Technologies hjelper deg med \u00e5 ansette Salesforce-utviklere p\u00e5 en umiddelbar basis basert p\u00e5 dine krav. V\u00e5rt team av utviklere hjelper deg med \u00e5 n\u00e5 alle m\u00e5lene dine og str\u00f8mlinjeforme forretningsprosessene akkurat slik du vil ha dem!<\/p>\n","protected":false},"author":1,"featured_media":0,"parent":997673,"menu_order":0,"comment_status":"closed","ping_status":"closed","template":"","meta":{"footnotes":""},"class_list":["post-997792","page","type-page","status-publish","hentry"],"_links":{"self":[{"href":"https:\/\/redorangetechnologies.com\/no\/wp-json\/wp\/v2\/pages\/997792","targetHints":{"allow":["GET"]}}],"collection":[{"href":"https:\/\/redorangetechnologies.com\/no\/wp-json\/wp\/v2\/pages"}],"about":[{"href":"https:\/\/redorangetechnologies.com\/no\/wp-json\/wp\/v2\/types\/page"}],"author":[{"embeddable":true,"href":"https:\/\/redorangetechnologies.com\/no\/wp-json\/wp\/v2\/users\/1"}],"replies":[{"embeddable":true,"href":"https:\/\/redorangetechnologies.com\/no\/wp-json\/wp\/v2\/comments?post=997792"}],"version-history":[{"count":1,"href":"https:\/\/redorangetechnologies.com\/no\/wp-json\/wp\/v2\/pages\/997792\/revisions"}],"predecessor-version":[{"id":997793,"href":"https:\/\/redorangetechnologies.com\/no\/wp-json\/wp\/v2\/pages\/997792\/revisions\/997793"}],"up":[{"embeddable":true,"href":"https:\/\/redorangetechnologies.com\/no\/wp-json\/wp\/v2\/pages\/997673"}],"wp:attachment":[{"href":"https:\/\/redorangetechnologies.com\/no\/wp-json\/wp\/v2\/media?parent=997792"}],"curies":[{"name":"wp","href":"https:\/\/api.w.org\/{rel}","templated":true}]}}