{"id":997765,"date":"2023-03-16T13:53:41","date_gmt":"2023-03-16T13:53:41","guid":{"rendered":"https:\/\/redorangetechnologies.com\/personvernerklaering\/"},"modified":"2024-01-11T07:51:35","modified_gmt":"2024-01-11T07:51:35","slug":"personvernerklaering","status":"publish","type":"page","link":"https:\/\/redorangetechnologies.com\/no\/personvernerklaering\/","title":{"rendered":"Personvernerkl\u00e6ring"},"content":{"rendered":"\t\t<div data-elementor-type=\"wp-page\" data-elementor-id=\"997765\" class=\"elementor elementor-997765 elementor-1648\" data-elementor-post-type=\"page\">\n\t\t\t\t\t\t<section class=\"elementor-section elementor-top-section elementor-element elementor-element-6c5644c elementor-section-boxed elementor-section-height-default elementor-section-height-default\" data-id=\"6c5644c\" data-element_type=\"section\">\n\t\t\t\t\t\t<div class=\"elementor-container elementor-column-gap-default\">\n\t\t\t\t\t<div class=\"elementor-column elementor-col-100 elementor-top-column elementor-element elementor-element-759c98e\" data-id=\"759c98e\" data-element_type=\"column\">\n\t\t\t<div class=\"elementor-widget-wrap elementor-element-populated\">\n\t\t\t\t\t\t<div class=\"elementor-element elementor-element-9af75f0 animated-slow elementor-invisible elementor-widget elementor-widget-heading\" data-id=\"9af75f0\" data-element_type=\"widget\" data-settings=\"{&quot;_animation&quot;:&quot;fadeIn&quot;,&quot;_animation_tablet&quot;:&quot;none&quot;}\" data-widget_type=\"heading.default\">\n\t\t\t\t<div class=\"elementor-widget-container\">\n\t\t\t<h1 class=\"elementor-heading-title elementor-size-default\">Personvernerkl\u00e6ring<\/h1>\t\t<\/div>\n\t\t\t\t<\/div>\n\t\t\t\t<div class=\"elementor-element elementor-element-88a728c animated-slow elementor-invisible elementor-widget elementor-widget-heading\" data-id=\"88a728c\" data-element_type=\"widget\" data-settings=\"{&quot;_animation&quot;:&quot;fadeIn&quot;,&quot;_animation_tablet&quot;:&quot;none&quot;,&quot;_animation_delay&quot;:300}\" data-widget_type=\"heading.default\">\n\t\t\t\t<div class=\"elementor-widget-container\">\n\t\t\t<p class=\"elementor-heading-title elementor-size-default\">for Red Orange Technologies<\/p>\t\t<\/div>\n\t\t\t\t<\/div>\n\t\t\t\t<div class=\"elementor-element elementor-element-31a03c4 elementor-widget elementor-widget-spacer\" data-id=\"31a03c4\" data-element_type=\"widget\" data-widget_type=\"spacer.default\">\n\t\t\t\t<div class=\"elementor-widget-container\">\n\t\t\t\t\t<div class=\"elementor-spacer\">\n\t\t\t<div class=\"elementor-spacer-inner\"><\/div>\n\t\t<\/div>\n\t\t\t\t<\/div>\n\t\t\t\t<\/div>\n\t\t\t\t\t<\/div>\n\t\t<\/div>\n\t\t\t\t\t<\/div>\n\t\t<\/section>\n\t\t\t\t<section class=\"elementor-section elementor-top-section elementor-element elementor-element-1fcb2d8 elementor-section-boxed elementor-section-height-default elementor-section-height-default\" data-id=\"1fcb2d8\" data-element_type=\"section\">\n\t\t\t\t\t\t<div class=\"elementor-container elementor-column-gap-no\">\n\t\t\t\t\t<div class=\"elementor-column elementor-col-100 elementor-top-column elementor-element elementor-element-5923213\" data-id=\"5923213\" data-element_type=\"column\">\n\t\t\t<div class=\"elementor-widget-wrap elementor-element-populated\">\n\t\t\t\t\t\t<div class=\"vamtam-has-theme-widget-styles elementor-element elementor-element-d10225c elementor-widget elementor-widget-text-editor\" data-id=\"d10225c\" data-element_type=\"widget\" data-widget_type=\"text-editor.default\">\n\t\t\t\t<div class=\"elementor-widget-container\">\n\t\t\t\t\t\t\t<p>Denne personvernerkl\u00e6ringen (&laquo;Retningslinjene&raquo;) forklarer hvordan <strong>Red Orange Technologies Pvt Ltd<\/strong> (&laquo;Selskapet&raquo;, &laquo;Vi&raquo;, &laquo;Oss&raquo; eller &laquo;V\u00e5re&raquo;) samler inn, bruker, avsl\u00f8rer og beskytter personlig informasjon fra brukere (&laquo;Bruker&raquo; eller &laquo;Du&raquo;) n\u00e5r du bruker nettstedet v\u00e5rt og relaterte tjenester (&laquo;Tjenester&raquo;). Vi er forpliktet til \u00e5 respektere og beskytte personvernet ditt, og denne policyen beskriver v\u00e5r praksis ang\u00e5ende dine personlige data.<\/p>\n\t\t\t\t\t\t<\/div>\n\t\t\t\t<\/div>\n\t\t\t\t<div class=\"elementor-element elementor-element-4a7087e elementor-widget elementor-widget-heading\" data-id=\"4a7087e\" data-element_type=\"widget\" data-widget_type=\"heading.default\">\n\t\t\t\t<div class=\"elementor-widget-container\">\n\t\t\t<h3 class=\"elementor-heading-title elementor-size-default\">1. Informasjon vi samler inn<\/h3>\t\t<\/div>\n\t\t\t\t<\/div>\n\t\t\t\t<div class=\"vamtam-has-theme-widget-styles elementor-element elementor-element-ff17bec elementor-widget elementor-widget-text-editor\" data-id=\"ff17bec\" data-element_type=\"widget\" data-widget_type=\"text-editor.default\">\n\t\t\t\t<div class=\"elementor-widget-container\">\n\t\t\t\t\t\t\t<p>1.1. Personlig informasjon:<\/p>\n<p>Vi kan samle inn personlig informasjon som navn, e-postadresse, telefonnummer og annen informasjon du gir oss frivillig gjennom kontaktskjemaer, registreringsskjemaer eller direkte kommunikasjon.<\/p>\n<p><span style=\"color: var( --e-global-color-vamtam_accent_8 ); letter-spacing: var(--vamtam-primary-font-letter-spacing-desktop,normal); text-transform: var(--vamtam-primary-font-transform,none);\">1.2. Bruksinformasjon:<\/span><\/p>\n<p>Vi samler inn ikke-personlig informasjon relatert til din bruk av nettstedet, for eksempel IP-adresse, nettlesertype, operativsystem, bes\u00f8kte sider og andre bruksdata for \u00e5 forbedre og forbedre tjenestene v\u00e5re.<\/p>\n\t\t\t\t\t\t<\/div>\n\t\t\t\t<\/div>\n\t\t\t\t<div class=\"elementor-element elementor-element-066c896 elementor-widget elementor-widget-heading\" data-id=\"066c896\" data-element_type=\"widget\" data-widget_type=\"heading.default\">\n\t\t\t\t<div class=\"elementor-widget-container\">\n\t\t\t<h3 class=\"elementor-heading-title elementor-size-default\">2. Bruk av informasjon<\/h3>\t\t<\/div>\n\t\t\t\t<\/div>\n\t\t\t\t<div class=\"vamtam-has-theme-widget-styles elementor-element elementor-element-783a250 elementor-widget elementor-widget-text-editor\" data-id=\"783a250\" data-element_type=\"widget\" data-widget_type=\"text-editor.default\">\n\t\t\t\t<div class=\"elementor-widget-container\">\n\t\t\t\t\t\t\t<p>2.1. Tilbyr tjenester:<\/p>\n<p>Vi bruker informasjonen som samles inn til \u00e5 levere tjenestene v\u00e5re, svare p\u00e5 foresp\u00f8rsler, gi teknisk st\u00f8tte og kommunisere med deg om oppdateringer, kampanjer og viktig informasjon relatert til tjenestene v\u00e5re.<\/p>\n<p><span style=\"color: var( --e-global-color-vamtam_accent_8 ); letter-spacing: var(--vamtam-primary-font-letter-spacing-desktop,normal); text-transform: var(--vamtam-primary-font-transform,none);\">2.2. Forbedre brukeropplevelsen:<\/span><\/p>\n<p>Vi analyserer bruksm\u00f8nstre og preferanser for \u00e5 forbedre nettstedet v\u00e5rt, skreddersy innhold og forbedre brukeropplevelsen, med sikte p\u00e5 \u00e5 gj\u00f8re tjenestene v\u00e5re mer relevante og brukervennlige.<\/p>\n<p>2.3. Markedsf\u00f8ring og kommunikasjon:<\/p>\n<p>Med ditt samtykke kan vi bruke kontaktinformasjonen din til \u00e5 sende deg reklamemateriell, nyhetsbrev og annen kommunikasjon om v\u00e5re tjenester, oppdateringer og arrangementer.<\/p>\n\t\t\t\t\t\t<\/div>\n\t\t\t\t<\/div>\n\t\t\t\t<div class=\"elementor-element elementor-element-d40b075 elementor-widget elementor-widget-heading\" data-id=\"d40b075\" data-element_type=\"widget\" data-widget_type=\"heading.default\">\n\t\t\t\t<div class=\"elementor-widget-container\">\n\t\t\t<h3 class=\"elementor-heading-title elementor-size-default\">3. Datadeling og avsl\u00f8ring<\/h3>\t\t<\/div>\n\t\t\t\t<\/div>\n\t\t\t\t<div class=\"vamtam-has-theme-widget-styles elementor-element elementor-element-9e1f706 elementor-widget elementor-widget-text-editor\" data-id=\"9e1f706\" data-element_type=\"widget\" data-widget_type=\"text-editor.default\">\n\t\t\t\t<div class=\"elementor-widget-container\">\n\t\t\t\t\t\t\t<p>3.1. Tredjeparts tjenesteleverand\u00f8rer:<\/p>\n<p>Vi kan dele informasjonen din med tredjeparts tjenesteleverand\u00f8rer som hjelper oss med \u00e5 betjene nettstedet v\u00e5rt og levere v\u00e5re tjenester. Disse tjenesteleverand\u00f8rene har tilgang til din personlige informasjon kun for \u00e5 utf\u00f8re spesifikke oppgaver p\u00e5 v\u00e5re vegne og er forpliktet til ikke \u00e5 avsl\u00f8re eller bruke dem til andre form\u00e5l.<\/p>\n<p><span style=\"color: var( --e-global-color-vamtam_accent_8 ); letter-spacing: var(--vamtam-primary-font-letter-spacing-desktop,normal); text-transform: var(--vamtam-primary-font-transform,none);\">3.2. Juridisk overholdelse:<\/span><\/p>\n<p>Vi kan avsl\u00f8re personlig informasjon hvis det er p\u00e5krevd ved lov eller som svar p\u00e5 gyldige foresp\u00f8rsler fra offentlige myndigheter (f.eks. en domstol eller et offentlig organ).<\/p>\n\t\t\t\t\t\t<\/div>\n\t\t\t\t<\/div>\n\t\t\t\t<div class=\"elementor-element elementor-element-d353418 elementor-widget elementor-widget-heading\" data-id=\"d353418\" data-element_type=\"widget\" data-widget_type=\"heading.default\">\n\t\t\t\t<div class=\"elementor-widget-container\">\n\t\t\t<h3 class=\"elementor-heading-title elementor-size-default\">4. Informasjonskapsler og sporing<\/h3>\t\t<\/div>\n\t\t\t\t<\/div>\n\t\t\t\t<div class=\"vamtam-has-theme-widget-styles elementor-element elementor-element-c1d6aef elementor-widget elementor-widget-text-editor\" data-id=\"c1d6aef\" data-element_type=\"widget\" data-widget_type=\"text-editor.default\">\n\t\t\t\t<div class=\"elementor-widget-container\">\n\t\t\t\t\t\t\t<p>4.1. Informasjonskapsler:<\/p>\n<p>Vi bruker informasjonskapsler for \u00e5 samle inn informasjon og forbedre opplevelsen din p\u00e5 nettstedet v\u00e5rt. Du kan endre nettleserinnstillingene dine for \u00e5 administrere informasjonskapsler eller varsle deg n\u00e5r en informasjonskapsel er satt.<\/p>\n\t\t\t\t\t\t<\/div>\n\t\t\t\t<\/div>\n\t\t\t\t<div class=\"elementor-element elementor-element-8f35eb0 elementor-widget elementor-widget-heading\" data-id=\"8f35eb0\" data-element_type=\"widget\" data-widget_type=\"heading.default\">\n\t\t\t\t<div class=\"elementor-widget-container\">\n\t\t\t<h3 class=\"elementor-heading-title elementor-size-default\">5. Sikkerhet<\/h3>\t\t<\/div>\n\t\t\t\t<\/div>\n\t\t\t\t<div class=\"vamtam-has-theme-widget-styles elementor-element elementor-element-1222307 elementor-widget elementor-widget-text-editor\" data-id=\"1222307\" data-element_type=\"widget\" data-widget_type=\"text-editor.default\">\n\t\t\t\t<div class=\"elementor-widget-container\">\n\t\t\t\t\t\t\t<p>5.1. Vi implementerer passende sikkerhetstiltak for \u00e5 beskytte mot uautorisert tilgang, endring, avsl\u00f8ring eller \u00f8deleggelse av din personlige informasjon.<\/p>\n\t\t\t\t\t\t<\/div>\n\t\t\t\t<\/div>\n\t\t\t\t<div class=\"elementor-element elementor-element-d16466d elementor-widget elementor-widget-heading\" data-id=\"d16466d\" data-element_type=\"widget\" data-widget_type=\"heading.default\">\n\t\t\t\t<div class=\"elementor-widget-container\">\n\t\t\t<h3 class=\"elementor-heading-title elementor-size-default\">6. Koblinger til tredjepartssider<\/h3>\t\t<\/div>\n\t\t\t\t<\/div>\n\t\t\t\t<div class=\"vamtam-has-theme-widget-styles elementor-element elementor-element-5607521 elementor-widget elementor-widget-text-editor\" data-id=\"5607521\" data-element_type=\"widget\" data-widget_type=\"text-editor.default\">\n\t\t\t\t<div class=\"elementor-widget-container\">\n\t\t\t\t\t\t\t<p>6.1. Nettstedet v\u00e5rt kan inneholde lenker til tredjeparts nettsteder eller tjenester. Vi er ikke ansvarlige for personvernpraksisen eller innholdet p\u00e5 disse nettstedene. Vi oppfordrer deg til \u00e5 gjennomg\u00e5 personvernreglene til eventuelle tredjepartssider du bes\u00f8ker.<\/p>\n\t\t\t\t\t\t<\/div>\n\t\t\t\t<\/div>\n\t\t\t\t<div class=\"elementor-element elementor-element-3b296b7 elementor-widget elementor-widget-heading\" data-id=\"3b296b7\" data-element_type=\"widget\" data-widget_type=\"heading.default\">\n\t\t\t\t<div class=\"elementor-widget-container\">\n\t\t\t<h3 class=\"elementor-heading-title elementor-size-default\">7. Endringer i denne personvernerkl\u00e6ringen<\/h3>\t\t<\/div>\n\t\t\t\t<\/div>\n\t\t\t\t<div class=\"vamtam-has-theme-widget-styles elementor-element elementor-element-e938a0e elementor-widget elementor-widget-text-editor\" data-id=\"e938a0e\" data-element_type=\"widget\" data-widget_type=\"text-editor.default\">\n\t\t\t\t<div class=\"elementor-widget-container\">\n\t\t\t\t\t\t\t<p>7.1. Vi forbeholder oss retten til \u00e5 endre denne personvernerkl\u00e6ringen n\u00e5r som helst. Vi vil varsle deg om eventuelle endringer ved \u00e5 oppdatere &laquo;Sist oppdatert&raquo;-datoen \u00f8verst i denne policyen. Din fortsatte bruk av tjenestene v\u00e5re etter eventuelle modifikasjoner indikerer at du godtar de reviderte retningslinjene.<\/p><\/p>\n\t\t\t\t\t\t<\/div>\n\t\t\t\t<\/div>\n\t\t\t\t<div class=\"elementor-element elementor-element-9c36b76 elementor-widget elementor-widget-heading\" data-id=\"9c36b76\" data-element_type=\"widget\" data-widget_type=\"heading.default\">\n\t\t\t\t<div class=\"elementor-widget-container\">\n\t\t\t<h3 class=\"elementor-heading-title elementor-size-default\">8. Kontakt oss<\/h3>\t\t<\/div>\n\t\t\t\t<\/div>\n\t\t\t\t<div class=\"vamtam-has-theme-widget-styles elementor-element elementor-element-87e8bdc elementor-widget elementor-widget-text-editor\" data-id=\"87e8bdc\" data-element_type=\"widget\" data-widget_type=\"text-editor.default\">\n\t\t\t\t<div class=\"elementor-widget-container\">\n\t\t\t\t\t\t\t<p>8.1. Hvis du har sp\u00f8rsm\u00e5l, bekymringer eller foresp\u00f8rsler ang\u00e5ende denne personvernerkl\u00e6ringen eller dine personlige data, vennligst kontakt oss p\u00e5 <strong>contact@redorangetechnologies.com<\/strong> eller bes\u00f8k delen &raquo; <u>Kontakt USA<\/u> &raquo; p\u00e5 nettstedet v\u00e5rt <strong>www.redorangetechnologies.com<\/strong><\/p>\n<p>Ved \u00e5 bruke nettstedet og tjenestene v\u00e5re godtar du vilk\u00e5rene i denne personvernerkl\u00e6ringen. Hvis du ikke er enig i disse retningslinjene, vennligst avst\u00e5 fra \u00e5 bruke nettstedet og tjenestene v\u00e5re.<\/p>\n\t\t\t\t\t\t<\/div>\n\t\t\t\t<\/div>\n\t\t\t\t\t<\/div>\n\t\t<\/div>\n\t\t\t\t\t<\/div>\n\t\t<\/section>\n\t\t\t\t<\/div>\n\t\t","protected":false},"excerpt":{"rendered":"<p>Personvernerkl\u00e6ring for Red Orange Technologies Denne personvernerkl\u00e6ringen (&laquo;Retningslinjene&raquo;) forklarer hvordan Red Orange Technologies Pvt Ltd (&laquo;Selskapet&raquo;, &laquo;Vi&raquo;, &laquo;Oss&raquo; eller &laquo;V\u00e5re&raquo;) samler inn, bruker, avsl\u00f8rer og beskytter personlig informasjon fra brukere (&laquo;Bruker&raquo; eller &laquo;Du&raquo;) n\u00e5r du bruker nettstedet v\u00e5rt og relaterte tjenester (&laquo;Tjenester&raquo;). Vi er forpliktet til \u00e5 respektere og beskytte personvernet ditt, og denne policyen&#8230;<\/p>\n","protected":false},"author":1,"featured_media":0,"parent":0,"menu_order":0,"comment_status":"closed","ping_status":"closed","template":"","meta":{"footnotes":""},"class_list":["post-997765","page","type-page","status-publish","hentry"],"_links":{"self":[{"href":"https:\/\/redorangetechnologies.com\/no\/wp-json\/wp\/v2\/pages\/997765","targetHints":{"allow":["GET"]}}],"collection":[{"href":"https:\/\/redorangetechnologies.com\/no\/wp-json\/wp\/v2\/pages"}],"about":[{"href":"https:\/\/redorangetechnologies.com\/no\/wp-json\/wp\/v2\/types\/page"}],"author":[{"embeddable":true,"href":"https:\/\/redorangetechnologies.com\/no\/wp-json\/wp\/v2\/users\/1"}],"replies":[{"embeddable":true,"href":"https:\/\/redorangetechnologies.com\/no\/wp-json\/wp\/v2\/comments?post=997765"}],"version-history":[{"count":1,"href":"https:\/\/redorangetechnologies.com\/no\/wp-json\/wp\/v2\/pages\/997765\/revisions"}],"predecessor-version":[{"id":997766,"href":"https:\/\/redorangetechnologies.com\/no\/wp-json\/wp\/v2\/pages\/997765\/revisions\/997766"}],"wp:attachment":[{"href":"https:\/\/redorangetechnologies.com\/no\/wp-json\/wp\/v2\/media?parent=997765"}],"curies":[{"name":"wp","href":"https:\/\/api.w.org\/{rel}","templated":true}]}}