{"id":997636,"date":"2023-03-25T12:04:53","date_gmt":"2023-03-25T12:04:53","guid":{"rendered":"https:\/\/redorangetechnologies.com\/team\/henning-borve-figenschou\/"},"modified":"2024-01-20T09:06:55","modified_gmt":"2024-01-20T09:06:55","slug":"henning-borve-figenschou","status":"publish","type":"page","link":"https:\/\/redorangetechnologies.com\/no\/team\/henning-borve-figenschou\/","title":{"rendered":"Henning B\u00f8rve Figenschou"},"content":{"rendered":"\t\t<div data-elementor-type=\"wp-page\" data-elementor-id=\"997636\" class=\"elementor elementor-997636 elementor-3561\" data-elementor-post-type=\"page\">\n\t\t\t\t\t\t<section class=\"elementor-section elementor-top-section elementor-element elementor-element-98228ee elementor-section-full_width elementor-section-height-default elementor-section-height-default\" data-id=\"98228ee\" data-element_type=\"section\">\n\t\t\t\t\t\t<div class=\"elementor-container elementor-column-gap-no\">\n\t\t\t\t\t<div class=\"elementor-column elementor-col-100 elementor-top-column elementor-element elementor-element-6e3447e\" data-id=\"6e3447e\" data-element_type=\"column\">\n\t\t\t<div class=\"elementor-widget-wrap elementor-element-populated\">\n\t\t\t\t\t\t<div class=\"vamtam-has-theme-widget-styles elementor-element elementor-element-5fe169f elementor-widget elementor-widget-text-editor\" data-id=\"5fe169f\" data-element_type=\"widget\" data-widget_type=\"text-editor.default\">\n\t\t\t\t<div class=\"elementor-widget-container\">\n\t\t\t\t\t\t\t<p>Henning B. Figenschou er v\u00e5r europeiske CEO med ansvar for salg, markedsf\u00f8ring, organisering og utvikling av konsernet. Sammen med salgsteamet hans vil vi kunne bist\u00e5 norske og europeiske bedrifter med deres utfordringer og problemstillinger innen IT.<\/p>\n<p>Henning har over 20 \u00e5rs erfaring fra detaljhandel, b\u00e5de fra operasjonell side, kategori, marked og strategiutvikling. Han har jobbet for og med noen av Norges st\u00f8rste butikkjeder. De siste \u00e5rene har han ledet et st\u00f8rre norsk kommunikasjonsselskap innen PR, Reklame og produksjon.<\/p>\n\t\t\t\t\t\t<\/div>\n\t\t\t\t<\/div>\n\t\t\t\t<div class=\"vamtam-has-theme-widget-styles elementor-element elementor-element-1619fcb elementor-widget elementor-widget-text-editor\" data-id=\"1619fcb\" data-element_type=\"widget\" data-widget_type=\"text-editor.default\">\n\t\t\t\t<div class=\"elementor-widget-container\">\n\t\t\t\t\t\t\t<p>&laquo;Suksess som administrerende direkt\u00f8r krever n\u00e6rhet til b\u00e5de organisasjonen og kundene dine &#8211; det er i forholdet mellom ledelse, ansatte og kunder at ekte vekst og innovasjon skapes.&raquo;<\/p>\n\t\t\t\t\t\t<\/div>\n\t\t\t\t<\/div>\n\t\t\t\t<div class=\"elementor-element elementor-element-209497a elementor-shape-circle elementor-grid-2 e-grid-align-left e-grid-align-mobile-left elementor-widget__width-auto elementor-widget elementor-widget-social-icons\" data-id=\"209497a\" data-element_type=\"widget\" data-widget_type=\"social-icons.default\">\n\t\t\t\t<div class=\"elementor-widget-container\">\n\t\t\t\t\t<div class=\"elementor-social-icons-wrapper elementor-grid\">\n\t\t\t\t\t\t\t<span class=\"elementor-grid-item\">\n\t\t\t\t\t<a class=\"elementor-icon elementor-social-icon elementor-social-icon-linkedin elementor-repeater-item-c7c5b59\" href=\"http:\/\/linkedin.com\" target=\"_blank\" rel=\"noopener\">\n\t\t\t\t\t\t<span class=\"elementor-screen-only\">Linkedin<\/span>\n\t\t\t\t\t\t<i class=\"fab fa-linkedin\"><\/i>\t\t\t\t\t<\/a>\n\t\t\t\t<\/span>\n\t\t\t\t\t<\/div>\n\t\t\t\t<\/div>\n\t\t\t\t<\/div>\n\t\t\t\t<div class=\"vamtam-has-theme-widget-styles elementor-element elementor-element-45531a4 vamtam-has-underline-anim elementor-widget__width-auto elementor-widget elementor-widget-button\" data-id=\"45531a4\" data-element_type=\"widget\" data-widget_type=\"button.default\">\n\t\t\t\t<div class=\"elementor-widget-container\">\n\t\t\t\t\t<div class=\"elementor-button-wrapper\">\n\t\t\t<a class=\"elementor-button elementor-button-link elementor-size-sm\" href=\"https:\/\/redorangetechnologies.com\/no\/team\/\">\n\t\t\t\t\t\t<span class=\"elementor-button-content-wrapper\">\n\t\t\t\t\t\t\t\t\t<span class=\"elementor-button-text\">Tilbake til Teammedlemmer<\/span>\n\t\t\t\t\t<\/span>\n\t\t\t\t\t<\/a>\n\t\t<\/div>\n\t\t\t\t<\/div>\n\t\t\t\t<\/div>\n\t\t\t\t\t<\/div>\n\t\t<\/div>\n\t\t\t\t\t<\/div>\n\t\t<\/section>\n\t\t\t\t<\/div>\n\t\t","protected":false},"excerpt":{"rendered":"<p>Daglig leder og partner<\/p>\n","protected":false},"author":1,"featured_media":1000224,"parent":997602,"menu_order":0,"comment_status":"closed","ping_status":"closed","template":"","meta":{"footnotes":""},"class_list":["post-997636","page","type-page","status-publish","has-post-thumbnail","hentry"],"_links":{"self":[{"href":"https:\/\/redorangetechnologies.com\/no\/wp-json\/wp\/v2\/pages\/997636","targetHints":{"allow":["GET"]}}],"collection":[{"href":"https:\/\/redorangetechnologies.com\/no\/wp-json\/wp\/v2\/pages"}],"about":[{"href":"https:\/\/redorangetechnologies.com\/no\/wp-json\/wp\/v2\/types\/page"}],"author":[{"embeddable":true,"href":"https:\/\/redorangetechnologies.com\/no\/wp-json\/wp\/v2\/users\/1"}],"replies":[{"embeddable":true,"href":"https:\/\/redorangetechnologies.com\/no\/wp-json\/wp\/v2\/comments?post=997636"}],"version-history":[{"count":9,"href":"https:\/\/redorangetechnologies.com\/no\/wp-json\/wp\/v2\/pages\/997636\/revisions"}],"predecessor-version":[{"id":999157,"href":"https:\/\/redorangetechnologies.com\/no\/wp-json\/wp\/v2\/pages\/997636\/revisions\/999157"}],"up":[{"embeddable":true,"href":"https:\/\/redorangetechnologies.com\/no\/wp-json\/wp\/v2\/pages\/997602"}],"wp:featuredmedia":[{"embeddable":true,"href":"https:\/\/redorangetechnologies.com\/no\/wp-json\/wp\/v2\/media\/1000224"}],"wp:attachment":[{"href":"https:\/\/redorangetechnologies.com\/no\/wp-json\/wp\/v2\/media?parent=997636"}],"curies":[{"name":"wp","href":"https:\/\/api.w.org\/{rel}","templated":true}]}}