{"id":997632,"date":"2023-03-25T12:02:38","date_gmt":"2023-03-25T12:02:38","guid":{"rendered":"https:\/\/redorangetechnologies.com\/team\/arne-magnus-alhaug\/"},"modified":"2025-03-04T06:39:30","modified_gmt":"2025-03-04T06:39:30","slug":"geir-aasen","status":"publish","type":"page","link":"https:\/\/redorangetechnologies.com\/no\/team\/geir-aasen\/","title":{"rendered":"Geir Aasen"},"content":{"rendered":"\t\t<div data-elementor-type=\"wp-page\" data-elementor-id=\"997632\" class=\"elementor elementor-997632 elementor-3968\" data-elementor-post-type=\"page\">\n\t\t\t\t\t\t<section class=\"elementor-section elementor-top-section elementor-element elementor-element-282f8016 elementor-section-full_width elementor-section-height-default elementor-section-height-default\" data-id=\"282f8016\" data-element_type=\"section\">\n\t\t\t\t\t\t<div class=\"elementor-container elementor-column-gap-no\">\n\t\t\t\t\t<div class=\"elementor-column elementor-col-100 elementor-top-column elementor-element elementor-element-1d8e7f05\" data-id=\"1d8e7f05\" data-element_type=\"column\">\n\t\t\t<div class=\"elementor-widget-wrap elementor-element-populated\">\n\t\t\t\t\t\t<div class=\"vamtam-has-theme-widget-styles elementor-element elementor-element-58f8d540 elementor-widget elementor-widget-text-editor\" data-id=\"58f8d540\" data-element_type=\"widget\" data-widget_type=\"text-editor.default\">\n\t\t\t\t<div class=\"elementor-widget-container\">\n\t\t\t\t\t\t\t<div>Geir Aasen er en dynamisk leder med lang erfaring innen inntektsvekst, salgsstrategi og forretningsutvikling.<\/div><div>\u00a0<\/div><div><span style=\"letter-spacing: var( --e-global-typography-2621617-letter-spacing ); text-transform: var( --e-global-typography-2621617-text-transform ); word-spacing: var( --e-global-typography-2621617-word-spacing ); color: var( --e-global-color-vamtam_accent_8 );\">Med en sterk bakgrunn i \u00e5 drive kommersiell suksess, har Geir ledet h\u00f8yytende team og st\u00e5tt i spissen for inntektsgenererende initiativer p\u00e5 tvers av ulike bransjer. Hans ekspertise spenner over salgsledelse, kundeerfaring og strategiske partnerskap, noe som gj\u00f8r ham til en viktig ressurs i \u00e5 utvide v\u00e5rt selskaps fotavtrykk i det europeiske markedet.<\/span><\/div><div>\u00a0<\/div><div>Som Chief Revenue Officer (CRO) er Geir ansvarlig for \u00e5 f\u00f8re tilsyn med all kommersiell drift, optimalisere inntektsstr\u00f8mmene og fremme strategiske allianser for \u00e5 drive b\u00e6rekraftig vekst. Hans lederskap sikrer at selskapet v\u00e5rt fortsetter \u00e5 skalere og innovere i et konkurranseutsatt markedslandskap.<\/div>\t\t\t\t\t\t<\/div>\n\t\t\t\t<\/div>\n\t\t\t\t<div class=\"elementor-element elementor-element-2f97e718 elementor-shape-circle elementor-grid-2 e-grid-align-left e-grid-align-mobile-left elementor-widget__width-auto elementor-widget elementor-widget-social-icons\" data-id=\"2f97e718\" data-element_type=\"widget\" data-widget_type=\"social-icons.default\">\n\t\t\t\t<div class=\"elementor-widget-container\">\n\t\t\t\t\t<div class=\"elementor-social-icons-wrapper elementor-grid\">\n\t\t\t\t\t\t\t<span class=\"elementor-grid-item\">\n\t\t\t\t\t<a class=\"elementor-icon elementor-social-icon elementor-social-icon-linkedin elementor-repeater-item-c7c5b59\" href=\"http:\/\/linkedin.com\" target=\"_blank\" rel=\"noopener\">\n\t\t\t\t\t\t<span class=\"elementor-screen-only\">Linkedin<\/span>\n\t\t\t\t\t\t<i class=\"fab fa-linkedin\"><\/i>\t\t\t\t\t<\/a>\n\t\t\t\t<\/span>\n\t\t\t\t\t<\/div>\n\t\t\t\t<\/div>\n\t\t\t\t<\/div>\n\t\t\t\t<div class=\"vamtam-has-theme-widget-styles elementor-element elementor-element-5dabd7c vamtam-has-underline-anim elementor-widget__width-auto elementor-widget elementor-widget-button\" data-id=\"5dabd7c\" data-element_type=\"widget\" data-widget_type=\"button.default\">\n\t\t\t\t<div class=\"elementor-widget-container\">\n\t\t\t\t\t<div class=\"elementor-button-wrapper\">\n\t\t\t<a class=\"elementor-button elementor-button-link elementor-size-sm\" href=\"https:\/\/redorangetechnologies.com\/no\/team\/\">\n\t\t\t\t\t\t<span class=\"elementor-button-content-wrapper\">\n\t\t\t\t\t\t\t\t\t<span class=\"elementor-button-text\">Tilbake til Teammedlemmer<\/span>\n\t\t\t\t\t<\/span>\n\t\t\t\t\t<\/a>\n\t\t<\/div>\n\t\t\t\t<\/div>\n\t\t\t\t<\/div>\n\t\t\t\t\t<\/div>\n\t\t<\/div>\n\t\t\t\t\t<\/div>\n\t\t<\/section>\n\t\t\t\t<\/div>\n\t\t","protected":false},"excerpt":{"rendered":"<p>Chief Revenue Officer, Europa<\/p>\n","protected":false},"author":1,"featured_media":1007529,"parent":997602,"menu_order":0,"comment_status":"closed","ping_status":"closed","template":"","meta":{"footnotes":""},"class_list":["post-997632","page","type-page","status-publish","has-post-thumbnail","hentry"],"_links":{"self":[{"href":"https:\/\/redorangetechnologies.com\/no\/wp-json\/wp\/v2\/pages\/997632","targetHints":{"allow":["GET"]}}],"collection":[{"href":"https:\/\/redorangetechnologies.com\/no\/wp-json\/wp\/v2\/pages"}],"about":[{"href":"https:\/\/redorangetechnologies.com\/no\/wp-json\/wp\/v2\/types\/page"}],"author":[{"embeddable":true,"href":"https:\/\/redorangetechnologies.com\/no\/wp-json\/wp\/v2\/users\/1"}],"replies":[{"embeddable":true,"href":"https:\/\/redorangetechnologies.com\/no\/wp-json\/wp\/v2\/comments?post=997632"}],"version-history":[{"count":22,"href":"https:\/\/redorangetechnologies.com\/no\/wp-json\/wp\/v2\/pages\/997632\/revisions"}],"predecessor-version":[{"id":1007775,"href":"https:\/\/redorangetechnologies.com\/no\/wp-json\/wp\/v2\/pages\/997632\/revisions\/1007775"}],"up":[{"embeddable":true,"href":"https:\/\/redorangetechnologies.com\/no\/wp-json\/wp\/v2\/pages\/997602"}],"wp:featuredmedia":[{"embeddable":true,"href":"https:\/\/redorangetechnologies.com\/no\/wp-json\/wp\/v2\/media\/1007529"}],"wp:attachment":[{"href":"https:\/\/redorangetechnologies.com\/no\/wp-json\/wp\/v2\/media?parent=997632"}],"curies":[{"name":"wp","href":"https:\/\/api.w.org\/{rel}","templated":true}]}}