{"id":997628,"date":"2023-12-21T12:53:24","date_gmt":"2023-12-21T12:53:24","guid":{"rendered":"https:\/\/redorangetechnologies.com\/team\/amit-sharma\/"},"modified":"2024-01-23T13:25:52","modified_gmt":"2024-01-23T13:25:52","slug":"amit-sharma","status":"publish","type":"page","link":"https:\/\/redorangetechnologies.com\/no\/team\/amit-sharma\/","title":{"rendered":"Amit Sharma"},"content":{"rendered":"\t\t<div data-elementor-type=\"wp-page\" data-elementor-id=\"997628\" class=\"elementor elementor-997628 elementor-995782\" data-elementor-post-type=\"page\">\n\t\t\t\t\t\t<section class=\"elementor-section elementor-top-section elementor-element elementor-element-98228ee elementor-section-full_width elementor-section-height-default elementor-section-height-default\" data-id=\"98228ee\" data-element_type=\"section\">\n\t\t\t\t\t\t<div class=\"elementor-container elementor-column-gap-no\">\n\t\t\t\t\t<div class=\"elementor-column elementor-col-100 elementor-top-column elementor-element elementor-element-6e3447e\" data-id=\"6e3447e\" data-element_type=\"column\">\n\t\t\t<div class=\"elementor-widget-wrap elementor-element-populated\">\n\t\t\t\t\t\t<div class=\"vamtam-has-theme-widget-styles elementor-element elementor-element-5fe169f elementor-widget elementor-widget-text-editor\" data-id=\"5fe169f\" data-element_type=\"widget\" data-widget_type=\"text-editor.default\">\n\t\t\t\t<div class=\"elementor-widget-container\">\n\t\t\t\t\t\t\t<p>Jeg er en ivrig tilhenger av utviklingen i teknologiomr\u00e5det og tror at kontinuerlig teknologitransformasjon er n\u00f8kkelen til evig suksess. Ved \u00e5 kombinere tech og exec, elsker jeg \u00e5 grave i kundeproblemer og l\u00f8se dem ved hjelp av moderne teknologi. Med over 15 \u00e5rs erfaring i teknologibransjen, spesialiserer jeg meg p\u00e5 \u00e5 lage SaaS og ende-til-ende e-handelsl\u00f8sninger.<\/p>\n<p>Gjennom \u00e5rene har jeg l\u00e6rt at jeg er god p\u00e5 en rekke ting, bl.a<br \/>\u2022 Utarbeide en visjon og samle tverrfunksjonelle team for \u00e5 levere innovasjoner p\u00e5 vegne av kundene.<br \/>\u2022 Definere n\u00f8kkelytelsesm\u00e5linger for kundeproduktbruk og atferd, inkludert nettrafikk og databaseanalyse.<br \/>\u2022 Bruke tilbakemeldinger fra kunder for \u00e5 drive produktforbedring.<br \/>\u2022 Vellykket \u00e5 skape, skalere og optimalisere teknologiske l\u00f8sninger og administrere produkter gjennom hele livssyklusen (konsept&gt; Plan&gt; Utvikle&gt; Repetere&gt; Lansering&gt; M\u00e5le)<br \/>\u2022 Feils\u00f8king for kunder og jevnaldrende over hele verden.<\/p>\n<p>Jeg elsker \u00e5 m\u00f8te nye mennesker og h\u00f8re nye perspektiver. Ta kontakt hvis du vil snakke om ny teknologi, lage programvareprodukter eller badminton \ud83d\ude09<\/p>\n<p>Profesjonelle ferdigheter<br \/>Produktledelse | Produktanalyse | SaaS | Scrum | E-handel | Nettutvikling | Digital markedsf\u00f8ring |Risikoredusering, endringsledelse og styring av kunderelasjoner.<br \/>Domenekunnskap<\/p>\n<p>ASP.NET | MVC | jQuery | AJAX | PHP | Kantet | JavaScript |Linux | Amazon Web Services (AWS) | Bygging av nettsteder og produkter med h\u00f8y ytelse |Bedriftsarkitektur | Sikkerhetsforbedringer | App-l\u00f8sninger<\/p>\n\t\t\t\t\t\t<\/div>\n\t\t\t\t<\/div>\n\t\t\t\t<div class=\"vamtam-has-theme-widget-styles elementor-element elementor-element-1619fcb elementor-widget elementor-widget-text-editor\" data-id=\"1619fcb\" data-element_type=\"widget\" data-widget_type=\"text-editor.default\">\n\t\t\t\t<div class=\"elementor-widget-container\">\n\t\t\t\t\t\t\t<p>\u00ab\u00c5 v\u00e6re administrerende direkt\u00f8r er et kall. Du b\u00f8r ikke gj\u00f8re det fordi det er en jobb. Det er et kall, og du m\u00e5 v\u00e6re involvert i det med hodet og hjertet.\u00bb<\/p>\n\t\t\t\t\t\t<\/div>\n\t\t\t\t<\/div>\n\t\t\t\t<div class=\"elementor-element elementor-element-209497a elementor-shape-circle elementor-grid-2 e-grid-align-left e-grid-align-mobile-left elementor-widget__width-auto elementor-widget elementor-widget-social-icons\" data-id=\"209497a\" data-element_type=\"widget\" data-widget_type=\"social-icons.default\">\n\t\t\t\t<div class=\"elementor-widget-container\">\n\t\t\t\t\t<div class=\"elementor-social-icons-wrapper elementor-grid\">\n\t\t\t\t\t\t\t<span class=\"elementor-grid-item\">\n\t\t\t\t\t<a class=\"elementor-icon elementor-social-icon elementor-social-icon-linkedin elementor-repeater-item-c7c5b59\" href=\"http:\/\/linkedin.com\" target=\"_blank\" rel=\"noopener\">\n\t\t\t\t\t\t<span class=\"elementor-screen-only\">Linkedin<\/span>\n\t\t\t\t\t\t<i class=\"fab fa-linkedin\"><\/i>\t\t\t\t\t<\/a>\n\t\t\t\t<\/span>\n\t\t\t\t\t<\/div>\n\t\t\t\t<\/div>\n\t\t\t\t<\/div>\n\t\t\t\t<div class=\"vamtam-has-theme-widget-styles elementor-element elementor-element-45531a4 vamtam-has-underline-anim elementor-widget__width-auto elementor-widget elementor-widget-button\" data-id=\"45531a4\" data-element_type=\"widget\" data-widget_type=\"button.default\">\n\t\t\t\t<div class=\"elementor-widget-container\">\n\t\t\t\t\t<div class=\"elementor-button-wrapper\">\n\t\t\t<a class=\"elementor-button elementor-button-link elementor-size-sm\" href=\"https:\/\/redorangetechnologies.com\/no\/team\/\">\n\t\t\t\t\t\t<span class=\"elementor-button-content-wrapper\">\n\t\t\t\t\t\t\t\t\t<span class=\"elementor-button-text\">Tilbake til Teammedlemmer<\/span>\n\t\t\t\t\t<\/span>\n\t\t\t\t\t<\/a>\n\t\t<\/div>\n\t\t\t\t<\/div>\n\t\t\t\t<\/div>\n\t\t\t\t\t<\/div>\n\t\t<\/div>\n\t\t\t\t\t<\/div>\n\t\t<\/section>\n\t\t\t\t<\/div>\n\t\t","protected":false},"excerpt":{"rendered":"<p>Group CEO og grunnlegger<\/p>\n","protected":false},"author":1,"featured_media":1000222,"parent":997602,"menu_order":0,"comment_status":"closed","ping_status":"closed","template":"","meta":{"footnotes":""},"class_list":["post-997628","page","type-page","status-publish","has-post-thumbnail","hentry"],"_links":{"self":[{"href":"https:\/\/redorangetechnologies.com\/no\/wp-json\/wp\/v2\/pages\/997628","targetHints":{"allow":["GET"]}}],"collection":[{"href":"https:\/\/redorangetechnologies.com\/no\/wp-json\/wp\/v2\/pages"}],"about":[{"href":"https:\/\/redorangetechnologies.com\/no\/wp-json\/wp\/v2\/types\/page"}],"author":[{"embeddable":true,"href":"https:\/\/redorangetechnologies.com\/no\/wp-json\/wp\/v2\/users\/1"}],"replies":[{"embeddable":true,"href":"https:\/\/redorangetechnologies.com\/no\/wp-json\/wp\/v2\/comments?post=997628"}],"version-history":[{"count":9,"href":"https:\/\/redorangetechnologies.com\/no\/wp-json\/wp\/v2\/pages\/997628\/revisions"}],"predecessor-version":[{"id":999156,"href":"https:\/\/redorangetechnologies.com\/no\/wp-json\/wp\/v2\/pages\/997628\/revisions\/999156"}],"up":[{"embeddable":true,"href":"https:\/\/redorangetechnologies.com\/no\/wp-json\/wp\/v2\/pages\/997602"}],"wp:featuredmedia":[{"embeddable":true,"href":"https:\/\/redorangetechnologies.com\/no\/wp-json\/wp\/v2\/media\/1000222"}],"wp:attachment":[{"href":"https:\/\/redorangetechnologies.com\/no\/wp-json\/wp\/v2\/media?parent=997628"}],"curies":[{"name":"wp","href":"https:\/\/api.w.org\/{rel}","templated":true}]}}