{"id":1006830,"date":"2023-04-04T10:47:30","date_gmt":"2023-04-04T10:47:30","guid":{"rendered":"https:\/\/redorangetechnologies.com\/vi-vil-fokusere-pa-3-ting-under-dette-arrangementet-men-gi-oss-beskjed-hvis-det-er-noe-annet-i-salesforce-universet-som-vi-kan-hjelpe-deg-og-din-virksomhet-med\/"},"modified":"2024-05-20T05:39:48","modified_gmt":"2024-05-20T05:39:48","slug":"vi-vil-fokusere-pa-3-ting-under-dette-hendelsen","status":"publish","type":"page","link":"https:\/\/redorangetechnologies.com\/no\/arrangement\/vi-vil-fokusere-pa-3-ting-under-dette-hendelsen\/","title":{"rendered":"Vi vil fokusere p\u00e5 3 ting under dette arrangementet. Men gi oss beskjed hvis det er noe annet i Salesforce-universet som vi kan hjelpe deg og din virksomhet med."},"content":{"rendered":"\t\t<div data-elementor-type=\"wp-page\" data-elementor-id=\"1006830\" class=\"elementor elementor-1006830 elementor-7586\" data-elementor-post-type=\"page\">\n\t\t\t\t\t\t<section class=\"elementor-section elementor-top-section elementor-element elementor-element-b41d38b elementor-section-stretched elementor-section-boxed elementor-section-height-default elementor-section-height-default\" data-id=\"b41d38b\" data-element_type=\"section\" data-settings=\"{&quot;stretch_section&quot;:&quot;section-stretched&quot;}\">\n\t\t\t\t\t\t<div class=\"elementor-container elementor-column-gap-default\">\n\t\t\t\t\t<div class=\"elementor-column elementor-col-100 elementor-top-column elementor-element elementor-element-a860116\" data-id=\"a860116\" data-element_type=\"column\">\n\t\t\t<div class=\"elementor-widget-wrap elementor-element-populated\">\n\t\t\t\t\t\t<div class=\"elementor-element elementor-element-964fcf1 animated-slow elementor-invisible elementor-widget elementor-widget-heading\" data-id=\"964fcf1\" data-element_type=\"widget\" data-settings=\"{&quot;_animation&quot;:&quot;fadeIn&quot;,&quot;_animation_tablet&quot;:&quot;none&quot;,&quot;_animation_delay&quot;:300}\" data-widget_type=\"heading.default\">\n\t\t\t\t<div class=\"elementor-widget-container\">\n\t\t\t<p class=\"elementor-heading-title elementor-size-default\">Du kan booke et m\u00f8te med oss p\u00e5 forh\u00e5nd via Calendly. Finn et tidspunkt som passer deg slik at vi kan ta en prat om Marketing Cloud, Communication Connector eller andre m\u00e5ter vi kan hjelpe deg og din bedrift p\u00e5.\n<\/p>\t\t<\/div>\n\t\t\t\t<\/div>\n\t\t\t\t<div class=\"elementor-element elementor-element-a68f6f3 elementor-widget elementor-widget-spacer\" data-id=\"a68f6f3\" data-element_type=\"widget\" data-widget_type=\"spacer.default\">\n\t\t\t\t<div class=\"elementor-widget-container\">\n\t\t\t\t\t<div class=\"elementor-spacer\">\n\t\t\t<div class=\"elementor-spacer-inner\"><\/div>\n\t\t<\/div>\n\t\t\t\t<\/div>\n\t\t\t\t<\/div>\n\t\t\t\t\t<\/div>\n\t\t<\/div>\n\t\t\t\t\t<\/div>\n\t\t<\/section>\n\t\t\t\t<section class=\"elementor-section elementor-top-section elementor-element elementor-element-16ce731 elementor-section-stretched elementor-section-boxed elementor-section-height-default elementor-section-height-default\" data-id=\"16ce731\" data-element_type=\"section\" id=\"book\" data-settings=\"{&quot;stretch_section&quot;:&quot;section-stretched&quot;}\">\n\t\t\t\t\t\t<div class=\"elementor-container elementor-column-gap-default\">\n\t\t\t\t\t<div class=\"elementor-column elementor-col-100 elementor-top-column elementor-element elementor-element-e0a5779\" data-id=\"e0a5779\" data-element_type=\"column\">\n\t\t\t<div class=\"elementor-widget-wrap elementor-element-populated\">\n\t\t\t\t\t\t<div class=\"elementor-element elementor-element-3174318 elementor-widget-mobile__width-initial elementor-widget elementor-widget-html\" data-id=\"3174318\" data-element_type=\"widget\" data-widget_type=\"html.default\">\n\t\t\t\t<div class=\"elementor-widget-container\">\n\t\t\t<iframe src=\"https:\/\/calendar.google.com\/calendar\/appointments\/schedules\/AcZssZ393TDJ8PRBzZ1SvC-2u65jkz4f511DcRVLWnybY8wQuD5YR_PetYQCf4zCV-ywmet9CB-m9hAB?gv=true%27\" style=\"border: 0\" width=\"1000\" height=\"900\" frameborder=\"0\"><\/iframe>\t\t<\/div>\n\t\t\t\t<\/div>\n\t\t\t\t\t<\/div>\n\t\t<\/div>\n\t\t\t\t\t<\/div>\n\t\t<\/section>\n\t\t\t\t<section class=\"elementor-section elementor-top-section elementor-element elementor-element-2ebd792 elementor-section-stretched elementor-section-content-top elementor-section-boxed elementor-section-height-default elementor-section-height-default\" data-id=\"2ebd792\" data-element_type=\"section\" data-settings=\"{&quot;stretch_section&quot;:&quot;section-stretched&quot;}\">\n\t\t\t\t\t\t<div class=\"elementor-container elementor-column-gap-default\">\n\t\t\t\t\t<div class=\"elementor-column elementor-col-50 elementor-top-column elementor-element elementor-element-ff56c8b\" data-id=\"ff56c8b\" data-element_type=\"column\" data-settings=\"{&quot;background_background&quot;:&quot;classic&quot;}\">\n\t\t\t<div class=\"elementor-widget-wrap elementor-element-populated\">\n\t\t\t\t\t\t<div class=\"elementor-element elementor-element-402a632 elementor-widget elementor-widget-image\" data-id=\"402a632\" data-element_type=\"widget\" data-widget_type=\"image.default\">\n\t\t\t\t<div class=\"elementor-widget-container\">\n\t\t\t\t\t\t\t\t\t\t<figure class=\"wp-caption\">\n\t\t\t\t\t\t\t\t\t\t<img fetchpriority=\"high\" decoding=\"async\" width=\"963\" height=\"965\" src=\"https:\/\/redorangetechnologies.com\/wp-content\/uploads\/2024\/05\/Salesforce-Marketing-1.png\" class=\"attachment-large size-large wp-image-1006742\" alt=\"\" srcset=\"https:\/\/redorangetechnologies.com\/wp-content\/uploads\/2024\/05\/Salesforce-Marketing-1.png 963w, https:\/\/redorangetechnologies.com\/wp-content\/uploads\/2024\/05\/Salesforce-Marketing-1-300x300.png 300w, https:\/\/redorangetechnologies.com\/wp-content\/uploads\/2024\/05\/Salesforce-Marketing-1-150x150.png 150w, https:\/\/redorangetechnologies.com\/wp-content\/uploads\/2024\/05\/Salesforce-Marketing-1-768x770.png 768w\" sizes=\"(max-width: 963px) 100vw, 963px\" \/>\t\t\t\t\t\t\t\t\t\t\t<figcaption class=\"widget-image-caption wp-caption-text\"><\/figcaption>\n\t\t\t\t\t\t\t\t\t\t<\/figure>\n\t\t\t\t\t\t\t<\/div>\n\t\t\t\t<\/div>\n\t\t\t\t\t<\/div>\n\t\t<\/div>\n\t\t\t\t<div class=\"elementor-column elementor-col-50 elementor-top-column elementor-element elementor-element-5141efd\" data-id=\"5141efd\" data-element_type=\"column\">\n\t\t\t<div class=\"elementor-widget-wrap elementor-element-populated\">\n\t\t\t\t\t\t<div class=\"vamtam-has-theme-widget-styles elementor-element elementor-element-c3054fa animated-slow elementor-invisible elementor-widget elementor-widget-text-editor\" data-id=\"c3054fa\" data-element_type=\"widget\" data-settings=\"{&quot;_animation&quot;:&quot;fadeIn&quot;,&quot;_animation_tablet&quot;:&quot;none&quot;,&quot;_animation_delay&quot;:300}\" data-widget_type=\"text-editor.default\">\n\t\t\t\t<div class=\"elementor-widget-container\">\n\t\t\t\t\t\t\tVi i Red Orange Technologies har utviklet v\u00e5r egen Salesforce\nCommunication Connector som lar deg sende SMS direkte fra Sales Cloud\nog Service Cloud mens du f\u00e5r informasjon direkte tilbake til Salesforce. P\u00e5 denne m\u00e5ten,\ndu f\u00e5r utnytte Salesforce til det fulle, og du vil f\u00e5 tilbake alt n\u00f8dvendig\ninformasjon fra kundene dine ved \u00e5 sende en SMS direkte fra Salesforce. Vi\njobber med SMS-aggregatorer som LinkMobility, Eurobate og Go4Mobility, men vi\nkan tilpasse v\u00e5r Connector til tjenesteleverand\u00f8ren du bruker. Snakk med oss om\nsende SMS fra Salesforce.\t\t\t\t\t\t<\/div>\n\t\t\t\t<\/div>\n\t\t\t\t<div class=\"elementor-element elementor-element-95124a0 elementor-widget__width-inherit elementor-widget-mobile__width-inherit elementor-icon-list--layout-traditional elementor-list-item-link-full_width elementor-widget elementor-widget-icon-list\" data-id=\"95124a0\" data-element_type=\"widget\" data-widget_type=\"icon-list.default\">\n\t\t\t\t<div class=\"elementor-widget-container\">\n\t\t\t\t\t<ul class=\"elementor-icon-list-items\">\n\t\t\t\t\t\t\t<li class=\"elementor-icon-list-item\">\n\t\t\t\t\t\t\t\t\t\t<span class=\"elementor-icon-list-text\">1. Hvordan v\u00e5re mange Marketing Cloud-eksperter kan hjelpe deg og din virksomhet.<\/span>\n\t\t\t\t\t\t\t\t\t<\/li>\n\t\t\t\t\t\t\t\t<li class=\"elementor-icon-list-item\">\n\t\t\t\t\t\t\t\t\t\t<span class=\"elementor-icon-list-text\">2. Lanseringen av v\u00e5r egenbygde Salesforce Communication Connector for Norden.<\/span>\n\t\t\t\t\t\t\t\t\t<\/li>\n\t\t\t\t\t\t\t\t<li class=\"elementor-icon-list-item\">\n\t\t\t\t\t\t\t\t\t\t<span class=\"elementor-icon-list-text\">3. V\u00e5r lokale tilstedev\u00e6relse med v\u00e5rt store Salesforce-sertifiserte team bak oss.<\/span>\n\t\t\t\t\t\t\t\t\t<\/li>\n\t\t\t\t\t\t<\/ul>\n\t\t\t\t<\/div>\n\t\t\t\t<\/div>\n\t\t\t\t<div class=\"elementor-element elementor-element-6fc8ae7 elementor-widget elementor-widget-image\" data-id=\"6fc8ae7\" data-element_type=\"widget\" data-widget_type=\"image.default\">\n\t\t\t\t<div class=\"elementor-widget-container\">\n\t\t\t\t\t\t\t\t\t\t\t\t\t<img decoding=\"async\" width=\"400\" height=\"184\" src=\"https:\/\/redorangetechnologies.com\/wp-content\/uploads\/2024\/05\/logo400X180.png\" class=\"attachment-full size-full wp-image-1006697\" alt=\"\" srcset=\"https:\/\/redorangetechnologies.com\/wp-content\/uploads\/2024\/05\/logo400X180.png 400w, https:\/\/redorangetechnologies.com\/wp-content\/uploads\/2024\/05\/logo400X180-300x138.png 300w\" sizes=\"(max-width: 400px) 100vw, 400px\" \/>\t\t\t\t\t\t\t\t\t\t\t\t\t<\/div>\n\t\t\t\t<\/div>\n\t\t\t\t\t<\/div>\n\t\t<\/div>\n\t\t\t\t\t<\/div>\n\t\t<\/section>\n\t\t\t\t<section class=\"elementor-section elementor-top-section elementor-element elementor-element-1ee4546 elementor-section-stretched elementor-section-boxed elementor-section-height-default elementor-section-height-default\" data-id=\"1ee4546\" data-element_type=\"section\" data-settings=\"{&quot;stretch_section&quot;:&quot;section-stretched&quot;}\">\n\t\t\t\t\t\t<div class=\"elementor-container elementor-column-gap-default\">\n\t\t\t\t\t<div class=\"elementor-column elementor-col-50 elementor-top-column elementor-element elementor-element-ba283d0\" data-id=\"ba283d0\" data-element_type=\"column\">\n\t\t\t<div class=\"elementor-widget-wrap elementor-element-populated\">\n\t\t\t\t\t\t<div class=\"elementor-element elementor-element-2ee30d1 elementor-widget elementor-widget-image\" data-id=\"2ee30d1\" data-element_type=\"widget\" data-widget_type=\"image.default\">\n\t\t\t\t<div class=\"elementor-widget-container\">\n\t\t\t\t\t\t\t\t\t\t<figure class=\"wp-caption\">\n\t\t\t\t\t\t\t\t\t\t<img decoding=\"async\" width=\"1375\" height=\"915\" src=\"https:\/\/redorangetechnologies.com\/wp-content\/uploads\/2023\/12\/arne.jpg\" class=\"attachment-full size-full wp-image-996279\" alt=\"\" srcset=\"https:\/\/redorangetechnologies.com\/wp-content\/uploads\/2023\/12\/arne.jpg 1375w, https:\/\/redorangetechnologies.com\/wp-content\/uploads\/2023\/12\/arne-300x200.jpg 300w, https:\/\/redorangetechnologies.com\/wp-content\/uploads\/2023\/12\/arne-1024x681.jpg 1024w, https:\/\/redorangetechnologies.com\/wp-content\/uploads\/2023\/12\/arne-768x511.jpg 768w\" sizes=\"(max-width: 1375px) 100vw, 1375px\" \/>\t\t\t\t\t\t\t\t\t\t\t<figcaption class=\"widget-image-caption wp-caption-text\">Head of business development, Arne Magnus Alhaug<\/figcaption>\n\t\t\t\t\t\t\t\t\t\t<\/figure>\n\t\t\t\t\t\t\t<\/div>\n\t\t\t\t<\/div>\n\t\t\t\t<div class=\"vamtam-has-theme-widget-styles elementor-element elementor-element-1c3dfd1 elementor-widget elementor-widget-text-editor\" data-id=\"1c3dfd1\" data-element_type=\"widget\" data-widget_type=\"text-editor.default\">\n\t\t\t\t<div class=\"elementor-widget-container\">\n\t\t\t\t\t\t\t<p><a href=\"mailto:arne@redorangetechnologies.com\">arne@redorangetechnologies.com<\/a><\/p>\n\t\t\t\t\t\t<\/div>\n\t\t\t\t<\/div>\n\t\t\t\t\t<\/div>\n\t\t<\/div>\n\t\t\t\t<div class=\"elementor-column elementor-col-50 elementor-top-column elementor-element elementor-element-46ee7ce\" data-id=\"46ee7ce\" data-element_type=\"column\">\n\t\t\t<div class=\"elementor-widget-wrap elementor-element-populated\">\n\t\t\t\t\t\t<div class=\"elementor-element elementor-element-9963d18 elementor-widget elementor-widget-image\" data-id=\"9963d18\" data-element_type=\"widget\" data-widget_type=\"image.default\">\n\t\t\t\t<div class=\"elementor-widget-container\">\n\t\t\t\t\t\t\t\t\t\t<figure class=\"wp-caption\">\n\t\t\t\t\t\t\t\t\t\t<img loading=\"lazy\" decoding=\"async\" width=\"1500\" height=\"998\" src=\"https:\/\/redorangetechnologies.com\/wp-content\/uploads\/2023\/04\/ROT_00015.jpg\" class=\"attachment-full size-full wp-image-991564\" alt=\"\" srcset=\"https:\/\/redorangetechnologies.com\/wp-content\/uploads\/2023\/04\/ROT_00015.jpg 1500w, https:\/\/redorangetechnologies.com\/wp-content\/uploads\/2023\/04\/ROT_00015-300x200.jpg 300w, https:\/\/redorangetechnologies.com\/wp-content\/uploads\/2023\/04\/ROT_00015-1024x681.jpg 1024w, https:\/\/redorangetechnologies.com\/wp-content\/uploads\/2023\/04\/ROT_00015-768x511.jpg 768w\" sizes=\"(max-width: 1500px) 100vw, 1500px\" \/>\t\t\t\t\t\t\t\t\t\t\t<figcaption class=\"widget-image-caption wp-caption-text\">CEO Europa, Henning B. Figenschou<\/figcaption>\n\t\t\t\t\t\t\t\t\t\t<\/figure>\n\t\t\t\t\t\t\t<\/div>\n\t\t\t\t<\/div>\n\t\t\t\t<div class=\"vamtam-has-theme-widget-styles elementor-element elementor-element-36bff3d elementor-widget elementor-widget-text-editor\" data-id=\"36bff3d\" data-element_type=\"widget\" data-widget_type=\"text-editor.default\">\n\t\t\t\t<div class=\"elementor-widget-container\">\n\t\t\t\t\t\t\t<p><a href=\"mailto:henning@redorangetechnologies.com\">henning@redorangetechnogies.com.<\/a><\/p>\n\t\t\t\t\t\t<\/div>\n\t\t\t\t<\/div>\n\t\t\t\t\t<\/div>\n\t\t<\/div>\n\t\t\t\t\t<\/div>\n\t\t<\/section>\n\t\t\t\t<\/div>\n\t\t","protected":false},"excerpt":{"rendered":"<p>Torsdag , Mai 23<\/p>\n","protected":false},"author":1,"featured_media":997204,"parent":1006839,"menu_order":0,"comment_status":"closed","ping_status":"closed","template":"","meta":{"footnotes":""},"class_list":["post-1006830","page","type-page","status-publish","has-post-thumbnail","hentry"],"_links":{"self":[{"href":"https:\/\/redorangetechnologies.com\/no\/wp-json\/wp\/v2\/pages\/1006830","targetHints":{"allow":["GET"]}}],"collection":[{"href":"https:\/\/redorangetechnologies.com\/no\/wp-json\/wp\/v2\/pages"}],"about":[{"href":"https:\/\/redorangetechnologies.com\/no\/wp-json\/wp\/v2\/types\/page"}],"author":[{"embeddable":true,"href":"https:\/\/redorangetechnologies.com\/no\/wp-json\/wp\/v2\/users\/1"}],"replies":[{"embeddable":true,"href":"https:\/\/redorangetechnologies.com\/no\/wp-json\/wp\/v2\/comments?post=1006830"}],"version-history":[{"count":17,"href":"https:\/\/redorangetechnologies.com\/no\/wp-json\/wp\/v2\/pages\/1006830\/revisions"}],"predecessor-version":[{"id":1007006,"href":"https:\/\/redorangetechnologies.com\/no\/wp-json\/wp\/v2\/pages\/1006830\/revisions\/1007006"}],"up":[{"embeddable":true,"href":"https:\/\/redorangetechnologies.com\/no\/wp-json\/wp\/v2\/pages\/1006839"}],"wp:featuredmedia":[{"embeddable":true,"href":"https:\/\/redorangetechnologies.com\/no\/wp-json\/wp\/v2\/media\/997204"}],"wp:attachment":[{"href":"https:\/\/redorangetechnologies.com\/no\/wp-json\/wp\/v2\/media?parent=1006830"}],"curies":[{"name":"wp","href":"https:\/\/api.w.org\/{rel}","templated":true}]}}