{"id":1006580,"date":"2024-05-07T07:43:19","date_gmt":"2024-05-07T07:43:19","guid":{"rendered":"https:\/\/redorangetechnologies.com\/team\/gurpreet-singh\/"},"modified":"2024-05-07T08:22:46","modified_gmt":"2024-05-07T08:22:46","slug":"gurpreet-singh","status":"publish","type":"page","link":"https:\/\/redorangetechnologies.com\/no\/team\/gurpreet-singh\/","title":{"rendered":"Gurpreet Singh"},"content":{"rendered":"\t\t<div data-elementor-type=\"wp-page\" data-elementor-id=\"1006580\" class=\"elementor elementor-1006580 elementor-1006552\" data-elementor-post-type=\"page\">\n\t\t\t\t\t\t<section class=\"elementor-section elementor-top-section elementor-element elementor-element-76a11dc6 elementor-section-full_width elementor-section-height-default elementor-section-height-default\" data-id=\"76a11dc6\" data-element_type=\"section\">\n\t\t\t\t\t\t<div class=\"elementor-container elementor-column-gap-no\">\n\t\t\t\t\t<div class=\"elementor-column elementor-col-100 elementor-top-column elementor-element elementor-element-4f6e3543\" data-id=\"4f6e3543\" data-element_type=\"column\">\n\t\t\t<div class=\"elementor-widget-wrap elementor-element-populated\">\n\t\t\t\t\t\t<div class=\"vamtam-has-theme-widget-styles elementor-element elementor-element-72cf44ec elementor-widget elementor-widget-text-editor\" data-id=\"72cf44ec\" data-element_type=\"widget\" data-widget_type=\"text-editor.default\">\n\t\t\t\t<div class=\"elementor-widget-container\">\n\t\t\t\t\t\t\t<p>V\u00e5r Lead Developer bringer over 8 \u00e5rs erfaring i UI utvikling, utstillingsvindu avanserte ferdigheter i JavaScript, jQuery, HTML5, CSS, og Bootstrap (3, 4 og 5), sammen med kompetanse i Tailwind. De utmerker seg ved \u00e5 oversette designkonsepter til pikselperfekte, responsive grensesnitt. Kjent for innovativ probleml\u00f8sning og grundig oppmerksomhet p\u00e5 detaljer, sikrer de levering av h\u00f8y kvalitet, effektiv kode, forpliktet til kontinuerlig l\u00e6ring og holder seg oppdatert med bransjetrender for dynamiske prosjektresultater.<\/p>\n<p><span style=\"letter-spacing: 0px; word-spacing: 0em; color: var( --e-global-color-vamtam_accent_8 );\">Dyktig i raskt prototyping av design med h\u00e5ndkodet, validerende og standardkompatibel kode, prioriterer de semantisk rikdom og kompatibilitet p\u00e5 tvers av nettlesere, og l\u00f8ser raskt feil for \u00e5 optimalisere brukeropplevelser. I tillegg er de kjent med designverkt\u00f8y som Adobe Photoshop og dyktige i kodeversjonsverkt\u00f8y som Git og TFS.<\/span><\/p>\n<p>Deres tekniske ekspertise inkluderer HTML5, CSS3, LESS &amp; SCSS, Bootstrap (3, 4 og 5), Tailwind, WordPress, JavaScript, jQuery, Ajax, JSON og React JS og Invision.<\/p>\n\t\t\t\t\t\t<\/div>\n\t\t\t\t<\/div>\n\t\t\t\t<div class=\"elementor-element elementor-element-18ed77ab elementor-shape-circle elementor-grid-2 e-grid-align-left e-grid-align-mobile-left elementor-widget__width-auto elementor-widget elementor-widget-social-icons\" data-id=\"18ed77ab\" data-element_type=\"widget\" data-widget_type=\"social-icons.default\">\n\t\t\t\t<div class=\"elementor-widget-container\">\n\t\t\t\t\t<div class=\"elementor-social-icons-wrapper elementor-grid\">\n\t\t\t\t\t\t\t<span class=\"elementor-grid-item\">\n\t\t\t\t\t<a class=\"elementor-icon elementor-social-icon elementor-social-icon-linkedin elementor-repeater-item-c7c5b59\" href=\"#\" target=\"_blank\">\n\t\t\t\t\t\t<span class=\"elementor-screen-only\">Linkedin<\/span>\n\t\t\t\t\t\t<i class=\"fab fa-linkedin\"><\/i>\t\t\t\t\t<\/a>\n\t\t\t\t<\/span>\n\t\t\t\t\t<\/div>\n\t\t\t\t<\/div>\n\t\t\t\t<\/div>\n\t\t\t\t<div class=\"vamtam-has-theme-widget-styles elementor-element elementor-element-1db9d614 vamtam-has-underline-anim elementor-widget__width-auto elementor-widget elementor-widget-button\" data-id=\"1db9d614\" data-element_type=\"widget\" data-widget_type=\"button.default\">\n\t\t\t\t<div class=\"elementor-widget-container\">\n\t\t\t\t\t<div class=\"elementor-button-wrapper\">\n\t\t\t<a class=\"elementor-button elementor-button-link elementor-size-sm\" href=\"https:\/\/redorangetechnologies.com\/no\/team\/\">\n\t\t\t\t\t\t<span class=\"elementor-button-content-wrapper\">\n\t\t\t\t\t\t\t\t\t<span class=\"elementor-button-text\">Tilbake til Teammedlemmer<\/span>\n\t\t\t\t\t<\/span>\n\t\t\t\t\t<\/a>\n\t\t<\/div>\n\t\t\t\t<\/div>\n\t\t\t\t<\/div>\n\t\t\t\t\t<\/div>\n\t\t<\/div>\n\t\t\t\t\t<\/div>\n\t\t<\/section>\n\t\t\t\t<\/div>\n\t\t","protected":false},"excerpt":{"rendered":"<p>Sr. UI-utvikler<\/p>\n","protected":false},"author":1,"featured_media":1006555,"parent":997602,"menu_order":0,"comment_status":"closed","ping_status":"closed","template":"","meta":{"footnotes":""},"class_list":["post-1006580","page","type-page","status-publish","has-post-thumbnail","hentry"],"_links":{"self":[{"href":"https:\/\/redorangetechnologies.com\/no\/wp-json\/wp\/v2\/pages\/1006580","targetHints":{"allow":["GET"]}}],"collection":[{"href":"https:\/\/redorangetechnologies.com\/no\/wp-json\/wp\/v2\/pages"}],"about":[{"href":"https:\/\/redorangetechnologies.com\/no\/wp-json\/wp\/v2\/types\/page"}],"author":[{"embeddable":true,"href":"https:\/\/redorangetechnologies.com\/no\/wp-json\/wp\/v2\/users\/1"}],"replies":[{"embeddable":true,"href":"https:\/\/redorangetechnologies.com\/no\/wp-json\/wp\/v2\/comments?post=1006580"}],"version-history":[{"count":1,"href":"https:\/\/redorangetechnologies.com\/no\/wp-json\/wp\/v2\/pages\/1006580\/revisions"}],"predecessor-version":[{"id":1006581,"href":"https:\/\/redorangetechnologies.com\/no\/wp-json\/wp\/v2\/pages\/1006580\/revisions\/1006581"}],"up":[{"embeddable":true,"href":"https:\/\/redorangetechnologies.com\/no\/wp-json\/wp\/v2\/pages\/997602"}],"wp:featuredmedia":[{"embeddable":true,"href":"https:\/\/redorangetechnologies.com\/no\/wp-json\/wp\/v2\/media\/1006555"}],"wp:attachment":[{"href":"https:\/\/redorangetechnologies.com\/no\/wp-json\/wp\/v2\/media?parent=1006580"}],"curies":[{"name":"wp","href":"https:\/\/api.w.org\/{rel}","templated":true}]}}