{"id":1007342,"date":"2024-09-19T09:56:19","date_gmt":"2024-09-19T09:56:19","guid":{"rendered":"https:\/\/redorangetechnologies.com\/equipo\/sahil-atwal\/"},"modified":"2024-09-20T07:31:20","modified_gmt":"2024-09-20T07:31:20","slug":"sahil-atwal","status":"publish","type":"page","link":"https:\/\/redorangetechnologies.com\/es\/equipo\/sahil-atwal\/","title":{"rendered":"Sahil Atwal"},"content":{"rendered":"\t\t<div data-elementor-type=\"wp-page\" data-elementor-id=\"1007342\" class=\"elementor elementor-1007342 elementor-1007303\" data-elementor-post-type=\"page\">\n\t\t\t\t\t\t<section class=\"elementor-section elementor-top-section elementor-element elementor-element-76a11dc6 elementor-section-full_width elementor-section-height-default elementor-section-height-default\" data-id=\"76a11dc6\" data-element_type=\"section\">\n\t\t\t\t\t\t<div class=\"elementor-container elementor-column-gap-no\">\n\t\t\t\t\t<div class=\"elementor-column elementor-col-100 elementor-top-column elementor-element elementor-element-4f6e3543\" data-id=\"4f6e3543\" data-element_type=\"column\">\n\t\t\t<div class=\"elementor-widget-wrap elementor-element-populated\">\n\t\t\t\t\t\t<div class=\"vamtam-has-theme-widget-styles elementor-element elementor-element-72cf44ec elementor-widget elementor-widget-text-editor\" data-id=\"72cf44ec\" data-element_type=\"widget\" data-widget_type=\"text-editor.default\">\n\t\t\t\t<div class=\"elementor-widget-container\">\n\t\t\t\t\t\t\t<p>Sahil, un innovador dise\u00f1ador gr\u00e1fico y de interfaz de usuario con m\u00e1s de cinco a\u00f1os de excelencia creativa, un gran ojo para los detalles y un amor por los dise\u00f1os visualmente impactantes y centrados en el usuario, se esfuerza por combinar creatividad e innovaci\u00f3n en cada proyecto. Con profundas habilidades en Adobe Photoshop, Adobe Illustrator, Figma, Canva e Indesign XD, da vida a soluciones de dise\u00f1o efectivas e innovadoras. <\/p>\n<p>Se asegura de que cada dise\u00f1o de interfaz de usuario sea impactante y que cada pieza de dise\u00f1o gr\u00e1fico cuente una historia \u00fanica. Crea sitios web y dise\u00f1os m\u00f3viles visualmente atractivos y trabaja bien con equipos para comprender su visi\u00f3n. Dise\u00f1a plantillas y contenido de marketing que mantienen la coherencia de la marca en diferentes plataformas, lo que lo convierte en un recurso valioso para cualquier tipo de proyecto de dise\u00f1o.  <\/p>\n\t\t\t\t\t\t<\/div>\n\t\t\t\t<\/div>\n\t\t\t\t<div class=\"elementor-element elementor-element-18ed77ab elementor-shape-circle elementor-grid-2 e-grid-align-left e-grid-align-mobile-left elementor-widget__width-auto elementor-widget elementor-widget-social-icons\" data-id=\"18ed77ab\" data-element_type=\"widget\" data-widget_type=\"social-icons.default\">\n\t\t\t\t<div class=\"elementor-widget-container\">\n\t\t\t\t\t<div class=\"elementor-social-icons-wrapper elementor-grid\">\n\t\t\t\t\t\t\t<span class=\"elementor-grid-item\">\n\t\t\t\t\t<a class=\"elementor-icon elementor-social-icon elementor-social-icon-linkedin elementor-repeater-item-c7c5b59\" href=\"https:\/\/www.linkedin.com\/in\/sahil-atwal-3972291b4?utm_source=share&#038;utm_campaign=share_via&#038;utm_content=profile&#038;utm_medium=ios_app\" target=\"_blank\" rel=\"noopener\">\n\t\t\t\t\t\t<span class=\"elementor-screen-only\">Linkedin<\/span>\n\t\t\t\t\t\t<i class=\"fab fa-linkedin\"><\/i>\t\t\t\t\t<\/a>\n\t\t\t\t<\/span>\n\t\t\t\t\t<\/div>\n\t\t\t\t<\/div>\n\t\t\t\t<\/div>\n\t\t\t\t<div class=\"vamtam-has-theme-widget-styles elementor-element elementor-element-1db9d614 vamtam-has-underline-anim elementor-widget__width-auto elementor-widget elementor-widget-button\" data-id=\"1db9d614\" data-element_type=\"widget\" data-widget_type=\"button.default\">\n\t\t\t\t<div class=\"elementor-widget-container\">\n\t\t\t\t\t<div class=\"elementor-button-wrapper\">\n\t\t\t<a class=\"elementor-button elementor-button-link elementor-size-sm\" href=\"https:\/\/redorangetechnologies.com\/es\/equipo\/\">\n\t\t\t\t\t\t<span class=\"elementor-button-content-wrapper\">\n\t\t\t\t\t\t\t\t\t<span class=\"elementor-button-text\">Volver a Miembros del equipo<\/span>\n\t\t\t\t\t<\/span>\n\t\t\t\t\t<\/a>\n\t\t<\/div>\n\t\t\t\t<\/div>\n\t\t\t\t<\/div>\n\t\t\t\t\t<\/div>\n\t\t<\/div>\n\t\t\t\t\t<\/div>\n\t\t<\/section>\n\t\t\t\t<\/div>\n\t\t","protected":false},"excerpt":{"rendered":"<p>Dise\u00f1ador gr\u00e1fico y UI<\/p>\n","protected":false},"author":1,"featured_media":1007312,"parent":1002729,"menu_order":0,"comment_status":"closed","ping_status":"closed","template":"","meta":{"footnotes":""},"class_list":["post-1007342","page","type-page","status-publish","has-post-thumbnail","hentry"],"_links":{"self":[{"href":"https:\/\/redorangetechnologies.com\/es\/wp-json\/wp\/v2\/pages\/1007342","targetHints":{"allow":["GET"]}}],"collection":[{"href":"https:\/\/redorangetechnologies.com\/es\/wp-json\/wp\/v2\/pages"}],"about":[{"href":"https:\/\/redorangetechnologies.com\/es\/wp-json\/wp\/v2\/types\/page"}],"author":[{"embeddable":true,"href":"https:\/\/redorangetechnologies.com\/es\/wp-json\/wp\/v2\/users\/1"}],"replies":[{"embeddable":true,"href":"https:\/\/redorangetechnologies.com\/es\/wp-json\/wp\/v2\/comments?post=1007342"}],"version-history":[{"count":1,"href":"https:\/\/redorangetechnologies.com\/es\/wp-json\/wp\/v2\/pages\/1007342\/revisions"}],"predecessor-version":[{"id":1007343,"href":"https:\/\/redorangetechnologies.com\/es\/wp-json\/wp\/v2\/pages\/1007342\/revisions\/1007343"}],"up":[{"embeddable":true,"href":"https:\/\/redorangetechnologies.com\/es\/wp-json\/wp\/v2\/pages\/1002729"}],"wp:featuredmedia":[{"embeddable":true,"href":"https:\/\/redorangetechnologies.com\/es\/wp-json\/wp\/v2\/media\/1007312"}],"wp:attachment":[{"href":"https:\/\/redorangetechnologies.com\/es\/wp-json\/wp\/v2\/media?parent=1007342"}],"curies":[{"name":"wp","href":"https:\/\/api.w.org\/{rel}","templated":true}]}}