{"id":1003113,"date":"2023-11-20T12:26:01","date_gmt":"2023-11-20T12:26:01","guid":{"rendered":"https:\/\/redorangetechnologies.com\/soluciones\/desarrollo-de-salesforce\/"},"modified":"2024-03-08T11:49:21","modified_gmt":"2024-03-08T11:49:21","slug":"desarrollo-de-salesforce","status":"publish","type":"page","link":"https:\/\/redorangetechnologies.com\/es\/soluciones\/desarrollo-de-salesforce\/","title":{"rendered":"Desarrollo de Salesforce"},"content":{"rendered":"\t\t<div data-elementor-type=\"wp-page\" data-elementor-id=\"1003113\" class=\"elementor elementor-1003113 elementor-994285\" data-elementor-post-type=\"page\">\n\t\t\t\t\t\t<section class=\"elementor-section elementor-top-section elementor-element elementor-element-6de4759 elementor-section-boxed elementor-section-height-default elementor-section-height-default\" data-id=\"6de4759\" data-element_type=\"section\">\n\t\t\t\t\t\t<div class=\"elementor-container elementor-column-gap-default\">\n\t\t\t\t\t<div class=\"elementor-column elementor-col-100 elementor-top-column elementor-element elementor-element-91ec540\" data-id=\"91ec540\" data-element_type=\"column\">\n\t\t\t<div class=\"elementor-widget-wrap elementor-element-populated\">\n\t\t\t\t\t\t<div class=\"elementor-element elementor-element-0babcfe elementor-widget elementor-widget-shortcode\" data-id=\"0babcfe\" data-element_type=\"widget\" data-widget_type=\"shortcode.default\">\n\t\t\t\t<div class=\"elementor-widget-container\">\n\t\t\t\t\t<div class=\"elementor-shortcode\"><nav aria-label=\"breadcrumbs\" class=\"rank-math-breadcrumb\"><p><span class=\"last\">Home<\/span><\/p><\/nav><\/div>\n\t\t\t\t<\/div>\n\t\t\t\t<\/div>\n\t\t\t\t\t<\/div>\n\t\t<\/div>\n\t\t\t\t\t<\/div>\n\t\t<\/section>\n\t\t\t\t<section class=\"elementor-section elementor-top-section elementor-element elementor-element-9f3e859 elementor-section-boxed elementor-section-height-default elementor-section-height-default\" data-id=\"9f3e859\" data-element_type=\"section\">\n\t\t\t\t\t\t<div class=\"elementor-container elementor-column-gap-no\">\n\t\t\t\t\t<div class=\"elementor-column elementor-col-100 elementor-top-column elementor-element elementor-element-7893138\" data-id=\"7893138\" data-element_type=\"column\">\n\t\t\t<div class=\"elementor-widget-wrap elementor-element-populated\">\n\t\t\t\t\t\t<div class=\"elementor-element elementor-element-a88ace9 elementor-widget__width-auto elementor-widget elementor-widget-heading\" data-id=\"a88ace9\" data-element_type=\"widget\" data-widget_type=\"heading.default\">\n\t\t\t\t<div class=\"elementor-widget-container\">\n\t\t\t<div class=\"elementor-heading-title elementor-size-default\">Contrate a un desarrollador de Salesforce<\/div>\t\t<\/div>\n\t\t\t\t<\/div>\n\t\t\t\t<div class=\"vamtam-has-theme-widget-styles elementor-element elementor-element-edd9d47 elementor-widget elementor-widget-text-editor\" data-id=\"edd9d47\" data-element_type=\"widget\" data-widget_type=\"text-editor.default\">\n\t\t\t\t<div class=\"elementor-widget-container\">\n\t\t\t\t\t\t\tRed Orange Technologies le ayuda a contratar desarrolladores de Salesforce de forma inmediata en funci\u00f3n de sus requisitos. Nuestro equipo de desarrolladores le ayudar\u00e1 a alcanzar todos sus objetivos y a optimizar sus procesos empresariales tal y como usted desea!\n\nContratar desarrolladores de Salesforce le ayudar\u00e1 a crear e implantar aplicaciones que le permitir\u00e1n ofrecer soluciones personalizadas a sus clientes y mejorar su experiencia general al interactuar con su empresa.\n\nLe permitimos contratar desarrolladores de Salesforce sin necesidad de un tedioso proceso de contrataci\u00f3n. Le evitamos invertir tiempo, dinero y esfuerzo en publicar anuncios, recopilar curr\u00edculos, realizar contrataciones y formar a nuevos profesionales, ya que le proporcionamos recursos cualificados y dedicados que empiezan a trabajar en sus proyectos de inmediato.\n\nTenga la seguridad de que nuestros desarrolladores certificados de Salesforce son expertos en el uso de las \u00faltimas herramientas y tecnolog\u00edas para ayudarle a mantenerse a la vanguardia y crear su nicho en el sector en el que opera.\n\nComo empresa l\u00edder en desarrollo de Salesforce, hemos acumulado a\u00f1os de experiencia ofreciendo servicios integrales a clientes de todo el mundo. Nuestro equipo de desarrolladores certificados de Salesforce cuenta con una formaci\u00f3n exhaustiva para comprender sus necesidades empresariales y adaptar soluciones exclusivas para su organizaci\u00f3n.\n\nNuestro equipo de consultores expertos en Salesforce se dedica a garantizar que su empresa alcance objetivos m\u00e1s all\u00e1 de las meras expectativas. Gracias a nuestro enfoque estrat\u00e9gico y personalizado, le ayudamos a obtener un mayor valor para sus operaciones.\n<ul class=\"ulstyle\">\n \t<li>Nuestros consultores certificados y cualificados de Salesforce le guiar\u00e1n durante todo el proceso.<\/li>\n \t<li>Tenemos experiencia tanto en Sales Cloud como en Service Cloud.<\/li>\n \t<li>Aplicaci\u00f3n Force.com personalizada.<\/li>\n<\/ul>\n\u00bfQu\u00e9 puede esperar?\n\nNuestros consultores de Salesforce ayudan a sus equipos de ventas, atenci\u00f3n al cliente, marketing y tecnolog\u00eda, traducen la visi\u00f3n en soluciones tecnol\u00f3gicas y cambian el comportamiento, no s\u00f3lo la tecnolog\u00eda.\n\nOfrecemos servicios integrales de consultor\u00eda de Salesforce para la nube que implican el desarrollo de aplicaciones, la colaboraci\u00f3n con aplicaciones de nube y la asistencia de soluciones de nube para sus usuarios finales. Integramos los sistemas existentes de su organizaci\u00f3n en una plataforma centralizada y accesible.\t\t\t\t\t\t<\/div>\n\t\t\t\t<\/div>\n\t\t\t\t\t<\/div>\n\t\t<\/div>\n\t\t\t\t\t<\/div>\n\t\t<\/section>\n\t\t\t\t<section class=\"elementor-section elementor-top-section elementor-element elementor-element-fdb68e1 elementor-section-items-stretch elementor-section-content-bottom elementor-section-height-min-height elementor-section-boxed elementor-section-height-default\" data-id=\"fdb68e1\" data-element_type=\"section\" data-settings=\"{&quot;background_background&quot;:&quot;classic&quot;}\">\n\t\t\t\t\t\t<div class=\"elementor-container elementor-column-gap-no\">\n\t\t\t\t\t<div class=\"elementor-column elementor-col-50 elementor-top-column elementor-element elementor-element-ccd8523\" data-id=\"ccd8523\" data-element_type=\"column\" data-settings=\"{&quot;background_background&quot;:&quot;classic&quot;}\">\n\t\t\t<div class=\"elementor-widget-wrap elementor-element-populated\">\n\t\t\t\t\t\t<div class=\"elementor-element elementor-element-d81eafd elementor-widget elementor-widget-spacer\" data-id=\"d81eafd\" data-element_type=\"widget\" data-widget_type=\"spacer.default\">\n\t\t\t\t<div class=\"elementor-widget-container\">\n\t\t\t\t\t<div class=\"elementor-spacer\">\n\t\t\t<div class=\"elementor-spacer-inner\"><\/div>\n\t\t<\/div>\n\t\t\t\t<\/div>\n\t\t\t\t<\/div>\n\t\t\t\t\t<\/div>\n\t\t<\/div>\n\t\t\t\t<div class=\"elementor-column elementor-col-50 elementor-top-column elementor-element elementor-element-f140a3c\" data-id=\"f140a3c\" data-element_type=\"column\">\n\t\t\t<div class=\"elementor-widget-wrap elementor-element-populated\">\n\t\t\t\t\t\t<div class=\"elementor-element elementor-element-42ed495 elementor-widget elementor-widget-heading\" data-id=\"42ed495\" data-element_type=\"widget\" data-widget_type=\"heading.default\">\n\t\t\t\t<div class=\"elementor-widget-container\">\n\t\t\t<h2 class=\"elementor-heading-title elementor-size-default\">Nuestro servicio de desarrollo de Salesforce<\/h2>\t\t<\/div>\n\t\t\t\t<\/div>\n\t\t\t\t<div class=\"vamtam-has-theme-widget-styles elementor-element elementor-element-4fa55e7 elementor-widget-mobile__width-inherit elementor-widget elementor-widget-text-editor\" data-id=\"4fa55e7\" data-element_type=\"widget\" data-widget_type=\"text-editor.default\">\n\t\t\t\t<div class=\"elementor-widget-container\">\n\t\t\t\t\t\t\t<ul class=\"ulstyle\">\n \t<li>Implantaci\u00f3n de Salesforce.<\/li>\n \t<li>Consultor\u00eda de Salesforce.<\/li>\n \t<li>Migraci\u00f3n a Salesforce.<\/li>\n \t<li>Integraci\u00f3n con Salesforce.<\/li>\n \t<li>Personalizaci\u00f3n de Salesforce.<\/li>\n \t<li>Desarrollo de aplicaciones Salesforce.<\/li>\n \t<li>Soporte de Salesforce.<\/li>\n<\/ul>\t\t\t\t\t\t<\/div>\n\t\t\t\t<\/div>\n\t\t\t\t\t<\/div>\n\t\t<\/div>\n\t\t\t\t\t<\/div>\n\t\t<\/section>\n\t\t\t\t<section class=\"elementor-section elementor-top-section elementor-element elementor-element-bfa3e71 elementor-section-boxed elementor-section-height-default elementor-section-height-default\" data-id=\"bfa3e71\" data-element_type=\"section\" data-settings=\"{&quot;background_background&quot;:&quot;classic&quot;}\">\n\t\t\t\t\t\t<div class=\"elementor-container elementor-column-gap-default\">\n\t\t\t\t\t<div class=\"elementor-column elementor-col-100 elementor-top-column elementor-element elementor-element-d171d31\" data-id=\"d171d31\" data-element_type=\"column\">\n\t\t\t<div class=\"elementor-widget-wrap elementor-element-populated\">\n\t\t\t\t\t\t<section class=\"elementor-section elementor-inner-section elementor-element elementor-element-ca02b74 elementor-section-content-middle elementor-section-boxed elementor-section-height-default elementor-section-height-default\" data-id=\"ca02b74\" data-element_type=\"section\">\n\t\t\t\t\t\t<div class=\"elementor-container elementor-column-gap-default\">\n\t\t\t\t\t<div class=\"elementor-column elementor-col-50 elementor-inner-column elementor-element elementor-element-b929534\" data-id=\"b929534\" data-element_type=\"column\">\n\t\t\t<div class=\"elementor-widget-wrap elementor-element-populated\">\n\t\t\t\t\t\t<div class=\"elementor-element elementor-element-51d4084 elementor-widget elementor-widget-heading\" data-id=\"51d4084\" data-element_type=\"widget\" data-widget_type=\"heading.default\">\n\t\t\t\t<div class=\"elementor-widget-container\">\n\t\t\t<h2 class=\"elementor-heading-title elementor-size-default\">Un proceso de tres pasos para contratar a un desarrollador de Salesforce<\/h2>\t\t<\/div>\n\t\t\t\t<\/div>\n\t\t\t\t<div class=\"vamtam-has-theme-widget-styles elementor-element elementor-element-63ee2da elementor-widget elementor-widget-text-editor\" data-id=\"63ee2da\" data-element_type=\"widget\" data-widget_type=\"text-editor.default\">\n\t\t\t\t<div class=\"elementor-widget-container\">\n\t\t\t\t\t\t\t<ul class=\"ulstyle\">\n \t<li>H\u00e1ganos saber sus necesidades.<\/li>\n \t<li>Comente su proyecto con nuestros expertos.<\/li>\n \t<li>Finaliza los t\u00e9rminos del compromiso y ponte manos a la obra.<\/li>\n<\/ul>\t\t\t\t\t\t<\/div>\n\t\t\t\t<\/div>\n\t\t\t\t<div class=\"vamtam-has-theme-widget-styles elementor-element elementor-element-bc2ef4d elementor-widget elementor-widget-text-editor\" data-id=\"bc2ef4d\" data-element_type=\"widget\" data-widget_type=\"text-editor.default\">\n\t\t\t\t<div class=\"elementor-widget-container\">\n\t\t\t\t\t\t\t<p>El proceso de contrataci\u00f3n de un desarrollador de Salesforce es bastante sencillo. Con estos tres pasos, le ayudaremos a usted y a su organizaci\u00f3n con un desarrollador de Salesforce integral y experimentado. Le ayudaremos a alcanzar los objetivos y requisitos de su organizaci\u00f3n, dentro del plazo establecido y al coste acordado.<\/p>\n\t\t\t\t\t\t<\/div>\n\t\t\t\t<\/div>\n\t\t\t\t\t<\/div>\n\t\t<\/div>\n\t\t\t\t<div class=\"elementor-column elementor-col-50 elementor-inner-column elementor-element elementor-element-db98f76\" data-id=\"db98f76\" data-element_type=\"column\">\n\t\t\t<div class=\"elementor-widget-wrap elementor-element-populated\">\n\t\t\t\t\t\t<div class=\"elementor-element elementor-element-1b02a34 elementor-widget elementor-widget-image\" data-id=\"1b02a34\" data-element_type=\"widget\" data-widget_type=\"image.default\">\n\t\t\t\t<div class=\"elementor-widget-container\">\n\t\t\t\t\t\t\t\t\t\t\t\t\t<img fetchpriority=\"high\" decoding=\"async\" width=\"525\" height=\"350\" src=\"https:\/\/redorangetechnologies.com\/wp-content\/uploads\/2023\/11\/team.png\" class=\"attachment-full size-full wp-image-994670\" alt=\"web development\" \/>\t\t\t\t\t\t\t\t\t\t\t\t\t<\/div>\n\t\t\t\t<\/div>\n\t\t\t\t\t<\/div>\n\t\t<\/div>\n\t\t\t\t\t<\/div>\n\t\t<\/section>\n\t\t\t\t<section class=\"elementor-section elementor-inner-section elementor-element elementor-element-9dced4c elementor-section-content-middle elementor-section-boxed elementor-section-height-default elementor-section-height-default\" data-id=\"9dced4c\" data-element_type=\"section\">\n\t\t\t\t\t\t<div class=\"elementor-container elementor-column-gap-default\">\n\t\t\t\t\t<div class=\"elementor-column elementor-col-100 elementor-inner-column elementor-element elementor-element-01a41b7\" data-id=\"01a41b7\" data-element_type=\"column\">\n\t\t\t<div class=\"elementor-widget-wrap elementor-element-populated\">\n\t\t\t\t\t\t<div class=\"elementor-element elementor-element-e10e656 elementor-widget elementor-widget-heading\" data-id=\"e10e656\" data-element_type=\"widget\" data-widget_type=\"heading.default\">\n\t\t\t\t<div class=\"elementor-widget-container\">\n\t\t\t<h2 class=\"elementor-heading-title elementor-size-default\">Ofrecemos un proceso de calidad probada en nuestra colaboraci\u00f3n<\/h2>\t\t<\/div>\n\t\t\t\t<\/div>\n\t\t\t\t\t<\/div>\n\t\t<\/div>\n\t\t\t\t\t<\/div>\n\t\t<\/section>\n\t\t\t\t<section class=\"elementor-section elementor-inner-section elementor-element elementor-element-009759e elementor-section-boxed elementor-section-height-default elementor-section-height-default\" data-id=\"009759e\" data-element_type=\"section\">\n\t\t\t\t\t\t<div class=\"elementor-container elementor-column-gap-default\">\n\t\t\t\t\t<div class=\"elementor-column elementor-col-50 elementor-inner-column elementor-element elementor-element-4ee02b6\" data-id=\"4ee02b6\" data-element_type=\"column\">\n\t\t\t<div class=\"elementor-widget-wrap elementor-element-populated\">\n\t\t\t\t\t\t<div class=\"vamtam-has-theme-widget-styles elementor-element elementor-element-ee1842e elementor-widget elementor-widget-text-editor\" data-id=\"ee1842e\" data-element_type=\"widget\" data-widget_type=\"text-editor.default\">\n\t\t\t\t<div class=\"elementor-widget-container\">\n\t\t\t\t\t\t\t<p><strong>ESCUCHAR<\/strong><\/p>\n<p>Facilitamos la conexi\u00f3n con nuestro equipo de expertos, que tratan diligentemente de comprender las complejidades de sus requisitos empresariales y los retos asociados a su implantaci\u00f3n actual. Esto se consigue formulando las preguntas pertinentes para comprender mejor su situaci\u00f3n.<\/p>\n<\/p>\n<p><strong>SUGERENCIA<\/strong><\/p>\n<p>Nuestro enfoque consiste en ofrecer soluciones \u00f3ptimas a complicados retos empresariales dando prioridad a lo que m\u00e1s conviene tanto a la empresa como a sus clientes, en lugar de imponer nuestras presunciones. Esto encarna nuestra genuina interpretaci\u00f3n de la transformaci\u00f3n digital.<\/p>\n\t\t\t\t\t\t<\/div>\n\t\t\t\t<\/div>\n\t\t\t\t\t<\/div>\n\t\t<\/div>\n\t\t\t\t<div class=\"elementor-column elementor-col-50 elementor-inner-column elementor-element elementor-element-5381804\" data-id=\"5381804\" data-element_type=\"column\">\n\t\t\t<div class=\"elementor-widget-wrap elementor-element-populated\">\n\t\t\t\t\t\t<div class=\"vamtam-has-theme-widget-styles elementor-element elementor-element-189d215 elementor-widget elementor-widget-text-editor\" data-id=\"189d215\" data-element_type=\"widget\" data-widget_type=\"text-editor.default\">\n\t\t\t\t<div class=\"elementor-widget-container\">\n\t\t\t\t\t\t\t<p><strong>IMPLEMENTAR<\/strong><\/p>\n<p>Nuestra filosof\u00eda se centra en la colaboraci\u00f3n en lugar de trabajar para nadie individualmente, reconociendo que los esfuerzos colectivos producen mejores resultados. Como su socio dedicado, asumimos la responsabilidad de fomentar su \u00e9xito y el de su empresa mediante una implantaci\u00f3n eficaz.<\/p>\n<\/p>\n<p><strong>ITERATE<\/strong><\/p>\n<p>Nuestro compromiso gira en torno a la mejora continua en lugar de perseguir la perfecci\u00f3n. En consecuencia, escuchamos activamente sus comentarios y dirigimos nuestros esfuerzos hacia mejoras continuas en cada hito, sprint y lanzamiento.<\/p>\n\t\t\t\t\t\t<\/div>\n\t\t\t\t<\/div>\n\t\t\t\t\t<\/div>\n\t\t<\/div>\n\t\t\t\t\t<\/div>\n\t\t<\/section>\n\t\t\t\t\t<\/div>\n\t\t<\/div>\n\t\t\t\t\t<\/div>\n\t\t<\/section>\n\t\t\t\t<\/div>\n\t\t","protected":false},"excerpt":{"rendered":"<p>Red Orange Technologies le ayuda a contratar desarrolladores de Salesforce de forma inmediata en funci\u00f3n de sus requisitos. Nuestro equipo de desarrolladores le ayudar\u00e1 a alcanzar todos sus objetivos y a optimizar sus procesos empresariales tal y como usted desea!<\/p>\n","protected":false},"author":1,"featured_media":0,"parent":1002759,"menu_order":0,"comment_status":"closed","ping_status":"closed","template":"","meta":{"footnotes":""},"class_list":["post-1003113","page","type-page","status-publish","hentry"],"_links":{"self":[{"href":"https:\/\/redorangetechnologies.com\/es\/wp-json\/wp\/v2\/pages\/1003113","targetHints":{"allow":["GET"]}}],"collection":[{"href":"https:\/\/redorangetechnologies.com\/es\/wp-json\/wp\/v2\/pages"}],"about":[{"href":"https:\/\/redorangetechnologies.com\/es\/wp-json\/wp\/v2\/types\/page"}],"author":[{"embeddable":true,"href":"https:\/\/redorangetechnologies.com\/es\/wp-json\/wp\/v2\/users\/1"}],"replies":[{"embeddable":true,"href":"https:\/\/redorangetechnologies.com\/es\/wp-json\/wp\/v2\/comments?post=1003113"}],"version-history":[{"count":3,"href":"https:\/\/redorangetechnologies.com\/es\/wp-json\/wp\/v2\/pages\/1003113\/revisions"}],"predecessor-version":[{"id":1003117,"href":"https:\/\/redorangetechnologies.com\/es\/wp-json\/wp\/v2\/pages\/1003113\/revisions\/1003117"}],"up":[{"embeddable":true,"href":"https:\/\/redorangetechnologies.com\/es\/wp-json\/wp\/v2\/pages\/1002759"}],"wp:attachment":[{"href":"https:\/\/redorangetechnologies.com\/es\/wp-json\/wp\/v2\/media?parent=1003113"}],"curies":[{"name":"wp","href":"https:\/\/api.w.org\/{rel}","templated":true}]}}