{"id":1003022,"date":"2023-09-28T05:17:11","date_gmt":"2023-09-28T05:17:11","guid":{"rendered":"https:\/\/redorangetechnologies.com\/equipo\/gagan-arora\/"},"modified":"2024-03-15T10:28:20","modified_gmt":"2024-03-15T10:28:20","slug":"gagan-arora","status":"publish","type":"page","link":"https:\/\/redorangetechnologies.com\/es\/equipo\/gagan-arora\/","title":{"rendered":"Gagan Arora"},"content":{"rendered":"\t\t<div data-elementor-type=\"wp-page\" data-elementor-id=\"1003022\" class=\"elementor elementor-1003022 elementor-989580\" data-elementor-post-type=\"page\">\n\t\t\t\t\t\t<section class=\"elementor-section elementor-top-section elementor-element elementor-element-76a11dc6 elementor-section-full_width elementor-section-height-default elementor-section-height-default\" data-id=\"76a11dc6\" data-element_type=\"section\">\n\t\t\t\t\t\t<div class=\"elementor-container elementor-column-gap-no\">\n\t\t\t\t\t<div class=\"elementor-column elementor-col-100 elementor-top-column elementor-element elementor-element-4f6e3543\" data-id=\"4f6e3543\" data-element_type=\"column\">\n\t\t\t<div class=\"elementor-widget-wrap elementor-element-populated\">\n\t\t\t\t\t\t<div class=\"vamtam-has-theme-widget-styles elementor-element elementor-element-72cf44ec elementor-widget elementor-widget-text-editor\" data-id=\"72cf44ec\" data-element_type=\"widget\" data-widget_type=\"text-editor.default\">\n\t\t\t\t<div class=\"elementor-widget-container\">\n\t\t\t\t\t\t\t<p>Tengo habilidades de WordPress como desarrollador en todos sus aspectos, desde la creaci\u00f3n del sitio web, el dise\u00f1o, los complementos hasta su implementaci\u00f3n. Experiencia en la creaci\u00f3n, sitios web atractivos e interactivos junto con dominio de las comunicaciones interpersonales. Soluciones orientadas al cliente para satisfacer la longitud de onda del cliente y as\u00ed marcar sus expectativas. Establecer los puntos de referencia para cerrar las brechas entre los clientes y sus demandas. Tener la PVU de ser adaptable a la tecnolog\u00eda actualizada para trabajar de manera uniforme y alcanzar los objetivos dentro del cronograma.<\/p>\n\t\t\t\t\t\t<\/div>\n\t\t\t\t<\/div>\n\t\t\t\t<div class=\"elementor-element elementor-element-18ed77ab elementor-shape-circle elementor-grid-2 e-grid-align-left e-grid-align-mobile-left elementor-widget__width-auto elementor-widget elementor-widget-social-icons\" data-id=\"18ed77ab\" data-element_type=\"widget\" data-widget_type=\"social-icons.default\">\n\t\t\t\t<div class=\"elementor-widget-container\">\n\t\t\t\t\t<div class=\"elementor-social-icons-wrapper elementor-grid\">\n\t\t\t\t\t\t\t<span class=\"elementor-grid-item\">\n\t\t\t\t\t<a class=\"elementor-icon elementor-social-icon elementor-social-icon-linkedin elementor-repeater-item-c7c5b59\" href=\"http:\/\/linkedin.com\" target=\"_blank\" rel=\"noopener\">\n\t\t\t\t\t\t<span class=\"elementor-screen-only\">Linkedin<\/span>\n\t\t\t\t\t\t<i class=\"fab fa-linkedin\"><\/i>\t\t\t\t\t<\/a>\n\t\t\t\t<\/span>\n\t\t\t\t\t<\/div>\n\t\t\t\t<\/div>\n\t\t\t\t<\/div>\n\t\t\t\t<div class=\"vamtam-has-theme-widget-styles elementor-element elementor-element-1db9d614 vamtam-has-underline-anim elementor-widget__width-auto elementor-widget elementor-widget-button\" data-id=\"1db9d614\" data-element_type=\"widget\" data-widget_type=\"button.default\">\n\t\t\t\t<div class=\"elementor-widget-container\">\n\t\t\t\t\t<div class=\"elementor-button-wrapper\">\n\t\t\t<a class=\"elementor-button elementor-button-link elementor-size-sm\" href=\"https:\/\/redorangetechnologies.com\/es\/equipo\/\">\n\t\t\t\t\t\t<span class=\"elementor-button-content-wrapper\">\n\t\t\t\t\t\t\t\t\t<span class=\"elementor-button-text\">Volver a Miembros del equipo<\/span>\n\t\t\t\t\t<\/span>\n\t\t\t\t\t<\/a>\n\t\t<\/div>\n\t\t\t\t<\/div>\n\t\t\t\t<\/div>\n\t\t\t\t\t<\/div>\n\t\t<\/div>\n\t\t\t\t\t<\/div>\n\t\t<\/section>\n\t\t\t\t<\/div>\n\t\t","protected":false},"excerpt":{"rendered":"<p>Jr. Desarrolladora de Wordpress<\/p>\n","protected":false},"author":1,"featured_media":1006421,"parent":1002729,"menu_order":0,"comment_status":"closed","ping_status":"closed","template":"","meta":{"footnotes":""},"class_list":["post-1003022","page","type-page","status-publish","has-post-thumbnail","hentry"],"_links":{"self":[{"href":"https:\/\/redorangetechnologies.com\/es\/wp-json\/wp\/v2\/pages\/1003022","targetHints":{"allow":["GET"]}}],"collection":[{"href":"https:\/\/redorangetechnologies.com\/es\/wp-json\/wp\/v2\/pages"}],"about":[{"href":"https:\/\/redorangetechnologies.com\/es\/wp-json\/wp\/v2\/types\/page"}],"author":[{"embeddable":true,"href":"https:\/\/redorangetechnologies.com\/es\/wp-json\/wp\/v2\/users\/1"}],"replies":[{"embeddable":true,"href":"https:\/\/redorangetechnologies.com\/es\/wp-json\/wp\/v2\/comments?post=1003022"}],"version-history":[{"count":6,"href":"https:\/\/redorangetechnologies.com\/es\/wp-json\/wp\/v2\/pages\/1003022\/revisions"}],"predecessor-version":[{"id":1003790,"href":"https:\/\/redorangetechnologies.com\/es\/wp-json\/wp\/v2\/pages\/1003022\/revisions\/1003790"}],"up":[{"embeddable":true,"href":"https:\/\/redorangetechnologies.com\/es\/wp-json\/wp\/v2\/pages\/1002729"}],"wp:featuredmedia":[{"embeddable":true,"href":"https:\/\/redorangetechnologies.com\/es\/wp-json\/wp\/v2\/media\/1006421"}],"wp:attachment":[{"href":"https:\/\/redorangetechnologies.com\/es\/wp-json\/wp\/v2\/media?parent=1003022"}],"curies":[{"name":"wp","href":"https:\/\/api.w.org\/{rel}","templated":true}]}}