{"id":1002746,"date":"2023-12-21T13:02:33","date_gmt":"2023-12-21T13:02:33","guid":{"rendered":"https:\/\/redorangetechnologies.com\/equipo\/randhir-singh-mangat\/"},"modified":"2024-03-15T10:31:16","modified_gmt":"2024-03-15T10:31:16","slug":"randhir-singh-mangat","status":"publish","type":"page","link":"https:\/\/redorangetechnologies.com\/es\/equipo\/randhir-singh-mangat\/","title":{"rendered":"Randhir Singh Mangat"},"content":{"rendered":"\t\t<div data-elementor-type=\"wp-page\" data-elementor-id=\"1002746\" class=\"elementor elementor-1002746 elementor-995812\" data-elementor-post-type=\"page\">\n\t\t\t\t\t\t<section class=\"elementor-section elementor-top-section elementor-element elementor-element-98228ee elementor-section-full_width elementor-section-height-default elementor-section-height-default\" data-id=\"98228ee\" data-element_type=\"section\">\n\t\t\t\t\t\t<div class=\"elementor-container elementor-column-gap-no\">\n\t\t\t\t\t<div class=\"elementor-column elementor-col-100 elementor-top-column elementor-element elementor-element-6e3447e\" data-id=\"6e3447e\" data-element_type=\"column\">\n\t\t\t<div class=\"elementor-widget-wrap elementor-element-populated\">\n\t\t\t\t\t\t<div class=\"vamtam-has-theme-widget-styles elementor-element elementor-element-5fe169f elementor-widget elementor-widget-text-editor\" data-id=\"5fe169f\" data-element_type=\"widget\" data-widget_type=\"text-editor.default\">\n\t\t\t\t<div class=\"elementor-widget-container\">\n\t\t\t\t\t\t\t<p>Gracias a su formaci\u00f3n en gesti\u00f3n empresarial y de operaciones interfuncionales y a sus m\u00e1s de 20 a\u00f1os de experiencia en el sector mundial de TI\/TIES, Randhir cuenta con una s\u00f3lida base profesional. Posee competencias demostradas en gesti\u00f3n de operaciones empresariales, gesti\u00f3n de la cadena de suministro, ejecuci\u00f3n de proyectos, RRHH y administraci\u00f3n, gesti\u00f3n de clientes, finanzas y requisitos normativos.<\/p>\n<p>Demuestra un fuerte liderazgo centrado en la creaci\u00f3n de equipos, el servicio al cliente, la gesti\u00f3n de relaciones, la gesti\u00f3n de proveedores y la comunicaci\u00f3n eficaz.<\/p>\n\t\t\t\t\t\t<\/div>\n\t\t\t\t<\/div>\n\t\t\t\t<div class=\"elementor-element elementor-element-209497a elementor-shape-circle elementor-grid-2 e-grid-align-left e-grid-align-mobile-left elementor-widget__width-auto elementor-widget elementor-widget-social-icons\" data-id=\"209497a\" data-element_type=\"widget\" data-widget_type=\"social-icons.default\">\n\t\t\t\t<div class=\"elementor-widget-container\">\n\t\t\t\t\t<div class=\"elementor-social-icons-wrapper elementor-grid\">\n\t\t\t\t\t\t\t<span class=\"elementor-grid-item\">\n\t\t\t\t\t<a class=\"elementor-icon elementor-social-icon elementor-social-icon-linkedin elementor-repeater-item-c7c5b59\" href=\"http:\/\/linkedin.com\" target=\"_blank\" rel=\"noopener\">\n\t\t\t\t\t\t<span class=\"elementor-screen-only\">Linkedin<\/span>\n\t\t\t\t\t\t<i class=\"fab fa-linkedin\"><\/i>\t\t\t\t\t<\/a>\n\t\t\t\t<\/span>\n\t\t\t\t\t<\/div>\n\t\t\t\t<\/div>\n\t\t\t\t<\/div>\n\t\t\t\t<div class=\"vamtam-has-theme-widget-styles elementor-element elementor-element-45531a4 vamtam-has-underline-anim elementor-widget__width-auto elementor-widget elementor-widget-button\" data-id=\"45531a4\" data-element_type=\"widget\" data-widget_type=\"button.default\">\n\t\t\t\t<div class=\"elementor-widget-container\">\n\t\t\t\t\t<div class=\"elementor-button-wrapper\">\n\t\t\t<a class=\"elementor-button elementor-button-link elementor-size-sm\" href=\"https:\/\/redorangetechnologies.com\/es\/equipo\/\">\n\t\t\t\t\t\t<span class=\"elementor-button-content-wrapper\">\n\t\t\t\t\t\t\t\t\t<span class=\"elementor-button-text\">Volver a Miembros del equipo<\/span>\n\t\t\t\t\t<\/span>\n\t\t\t\t\t<\/a>\n\t\t<\/div>\n\t\t\t\t<\/div>\n\t\t\t\t<\/div>\n\t\t\t\t\t<\/div>\n\t\t<\/div>\n\t\t\t\t\t<\/div>\n\t\t<\/section>\n\t\t\t\t<\/div>\n\t\t","protected":false},"excerpt":{"rendered":"<p>Asesor jur\u00eddico y director financiero<\/p>\n","protected":false},"author":1,"featured_media":1006243,"parent":1002729,"menu_order":0,"comment_status":"closed","ping_status":"closed","template":"","meta":{"footnotes":""},"class_list":["post-1002746","page","type-page","status-publish","has-post-thumbnail","hentry"],"_links":{"self":[{"href":"https:\/\/redorangetechnologies.com\/es\/wp-json\/wp\/v2\/pages\/1002746","targetHints":{"allow":["GET"]}}],"collection":[{"href":"https:\/\/redorangetechnologies.com\/es\/wp-json\/wp\/v2\/pages"}],"about":[{"href":"https:\/\/redorangetechnologies.com\/es\/wp-json\/wp\/v2\/types\/page"}],"author":[{"embeddable":true,"href":"https:\/\/redorangetechnologies.com\/es\/wp-json\/wp\/v2\/users\/1"}],"replies":[{"embeddable":true,"href":"https:\/\/redorangetechnologies.com\/es\/wp-json\/wp\/v2\/comments?post=1002746"}],"version-history":[{"count":5,"href":"https:\/\/redorangetechnologies.com\/es\/wp-json\/wp\/v2\/pages\/1002746\/revisions"}],"predecessor-version":[{"id":1003835,"href":"https:\/\/redorangetechnologies.com\/es\/wp-json\/wp\/v2\/pages\/1002746\/revisions\/1003835"}],"up":[{"embeddable":true,"href":"https:\/\/redorangetechnologies.com\/es\/wp-json\/wp\/v2\/pages\/1002729"}],"wp:featuredmedia":[{"embeddable":true,"href":"https:\/\/redorangetechnologies.com\/es\/wp-json\/wp\/v2\/media\/1006243"}],"wp:attachment":[{"href":"https:\/\/redorangetechnologies.com\/es\/wp-json\/wp\/v2\/media?parent=1002746"}],"curies":[{"name":"wp","href":"https:\/\/api.w.org\/{rel}","templated":true}]}}